{"id":636,"date":"2023-09-10T09:04:32","date_gmt":"2023-09-10T09:04:32","guid":{"rendered":"https:\/\/bqeye.com\/?post_type=product&#038;p=636"},"modified":"2024-04-18T02:23:13","modified_gmt":"2024-04-18T02:23:13","slug":"bqeye-himalaya-brown-colored-contact-lenses","status":"publish","type":"product","link":"https:\/\/bqeye.com\/pl\/bqeye-himalaya-brown-colored-contact-lenses\/","title":{"rendered":"Kolorowe soczewki kontaktowe BQeye Himalaya Brown"},"content":{"rendered":"<div>Jako profesjonalistka makija\u017cu moim celem jest pom\u00f3c kobietom nie tylko podkre\u015bli\u0107 ich naturalne pi\u0119kno, ale tak\u017ce poczu\u0107 si\u0119 pewnie od \u015brodka. Dlatego jestem tak podekscytowany najnowszym produktem BQeye \u2013 kolorowymi soczewkami kontaktowymi Himalaya Brown.<\/div>\n<div><\/div>\n<div>Ten bogaty czekoladowy odcie\u0144 zosta\u0142 stworzony, aby skierowa\u0107 regeneruj\u0105c\u0105 energi\u0119 majestatycznych pasm Himalaj\u00f3w. Niezale\u017cnie od tego, czy zdecydujesz si\u0119 wydoby\u0107 ciep\u0142e odcienie t\u0119cz\u00f3wki, czy te\u017c zdecydujesz si\u0119 na przyci\u0105gaj\u0105c\u0105 wzrok transformacj\u0119, Himalaya Brown otula oczy koj\u0105c\u0105 aur\u0105 przypominaj\u0105c\u0105 spa.<\/div>\n<div><\/div>\n<div>Podczas pr\u00f3b by\u0142am pod wra\u017ceniem tego, jak podni\u00f3s\u0142 i podkre\u015bli\u0142 oczy niezale\u017cnie od kszta\u0142tu i kszta\u0142tu twarzy. Jednocze\u015bnie jego hipoalergiczne w\u0142a\u015bciwo\u015bci zapobiegaj\u0105 powstawaniu brzydkich plam, kt\u00f3re w przeciwnym razie mog\u0142yby pogorszy\u0107 nastr\u00f3j.<\/div>\n<div><\/div>\n<div>Wiele kobiet zauwa\u017cy\u0142o uczucie skupienia i spokoju po samym za\u0142o\u017ceniu tych soczewek. Subtelna chromoterapia, kt\u00f3r\u0105 zapewni\u0142a, wywar\u0142a prawdziwy wp\u0142yw na zdrowie, zwi\u0119kszaj\u0105c pewno\u015b\u0107 siebie od wewn\u0105trz.<\/div>\n<div><\/div>\n<div>Dla mnie jako artysty inspiruj\u0105ce by\u0142o obserwowanie, jak co\u015b tak prostego jak kolor oczu zmienia zachowanie. BQeye Himalaya Brown udowadnia, \u017ce pi\u0119kno mo\u017ce zar\u00f3wno stylizowa\u0107 wygl\u0105d, jak i podnosi\u0107 na duchu. Jestem podekscytowany mo\u017cliwo\u015bci\u0105 zaoferowania tych innowacyjnych soczewek, kt\u00f3re pozwalaj\u0105 kobietom czu\u0107 si\u0119 i wygl\u0105da\u0107 jak najlepiej.<\/div>","protected":false},"excerpt":{"rendered":"<p>As a makeup professional, my goal is to help women not only enhance their natural beauty, but feel confident from the inside out. That&#8217;s why I&#8217;m so excited about BQeye&#8217;s latest product &#8211; the Himalaya Brown Colored Contact Lenses. This rich chocolate hue was crafted to channel the restorative energies of the majestic Himalayan ranges. [&#8230;]\n","protected":false},"featured_media":642,"comment_status":"open","ping_status":"closed","template":"","meta":[],"product_brand":[],"product_cat":[102,91,80,96,98],"product_tag":[],"class_list":{"0":"post-636","1":"product","2":"type-product","3":"status-publish","4":"has-post-thumbnail","6":"product_cat-himalaya","7":"product_cat-14-2-mm","8":"product_cat-brown-contact-lenses","9":"product_cat-non-prescription","10":"product_cat-yearly-disposable","12":"first","13":"instock","14":"sale","15":"shipping-taxable","16":"purchasable","17":"product-type-variable","18":"has-default-attributes"},"_links":{"self":[{"href":"https:\/\/bqeye.com\/pl\/wp-json\/wp\/v2\/product\/636","targetHints":{"allow":["GET"]}}],"collection":[{"href":"https:\/\/bqeye.com\/pl\/wp-json\/wp\/v2\/product"}],"about":[{"href":"https:\/\/bqeye.com\/pl\/wp-json\/wp\/v2\/types\/product"}],"replies":[{"embeddable":true,"href":"https:\/\/bqeye.com\/pl\/wp-json\/wp\/v2\/comments?post=636"}],"wp:featuredmedia":[{"embeddable":true,"href":"https:\/\/bqeye.com\/pl\/wp-json\/wp\/v2\/media\/642"}],"wp:attachment":[{"href":"https:\/\/bqeye.com\/pl\/wp-json\/wp\/v2\/media?parent=636"}],"wp:term":[{"taxonomy":"product_brand","embeddable":true,"href":"https:\/\/bqeye.com\/pl\/wp-json\/wp\/v2\/product_brand?post=636"},{"taxonomy":"product_cat","embeddable":true,"href":"https:\/\/bqeye.com\/pl\/wp-json\/wp\/v2\/product_cat?post=636"},{"taxonomy":"product_tag","embeddable":true,"href":"https:\/\/bqeye.com\/pl\/wp-json\/wp\/v2\/product_tag?post=636"}],"curies":[{"name":"wp","href":"https:\/\/api.w.org\/{rel}","templated":true}]}}