{"id":644,"date":"2023-09-10T09:45:11","date_gmt":"2023-09-10T09:45:11","guid":{"rendered":"https:\/\/bqeye.com\/?post_type=product&#038;p=644"},"modified":"2024-04-18T02:23:09","modified_gmt":"2024-04-18T02:23:09","slug":"bqeye-himalaya-grey-colored-contact-lenses","status":"publish","type":"product","link":"https:\/\/bqeye.com\/pl\/bqeye-himalaya-grey-colored-contact-lenses\/","title":{"rendered":"Kolorowe soczewki kontaktowe BQeye Himalaya Grey"},"content":{"rendered":"<p>Poczuj minimalistyczne pi\u0119kno dzi\u0119ki kolorowym soczewkom kontaktowym BQeye Himalaya Grey. Czerpi\u0105c inspiracj\u0119 z subtelnych, ale uderzaj\u0105cych kolor\u00f3w himalajskiego nieba, ten delikatny szary odcie\u0144 dodaje spojrzeniu wyrafinowania.<\/p>\n<p>Niezale\u017cnie od tego, czy chcesz zastosowa\u0107 ch\u0142odne odcienie naturalnej t\u0119cz\u00f3wki, czy te\u017c zdecydowa\u0107 si\u0119 na bardziej dramatyczn\u0105 zmian\u0119, Himalaya Grey nadaje oczom eleganck\u0105 aur\u0119 przypominaj\u0105c\u0105 zen. Niezwykle wygodny silikonowo-hydro\u017celowy materia\u0142 porusza si\u0119 stycznie z oczami, dzi\u0119ki czemu zapominasz, \u017ce nosisz soczewki.<\/p>\n<p>Hipoalergiczny i nasycony niezb\u0119dnymi sk\u0142adnikami zatrzymuj\u0105cymi wilgo\u0107, Himalaya Grey Contacts piel\u0119gnuje nawet najbardziej wra\u017cliwe oczy. U\u017cytkownicy ciesz\u0105 si\u0119 \u015bwie\u017cym, o\u017cywionym wzrokiem bez zaczerwienie\u0144 i dyskomfortu przez ca\u0142y dzie\u0144.<\/p>\n<p>Podczas pr\u00f3b klienci chwalili, \u017ce wnosi uspokajaj\u0105ce poczucie spokoju zar\u00f3wno do ich wygl\u0105du, jak i og\u00f3lnego spojrzenia. Tymczasem wysublimowana szaro\u015b\u0107 soczewki skupia uwag\u0119 na oczach w uderzaj\u0105cy, ale spokojny spos\u00f3b.<\/p>\n<p>Ozd\u00f3b swoje oczy dyskretn\u0105 elegancj\u0105 dzi\u0119ki BQeye Himalaya Grey. Subtelna, ale pot\u0119\u017cna soczewka ta pozwala przeb\u0142ysn\u0105\u0107 wewn\u0119trznemu bezruchowi, po prostu zmieniaj\u0105c nastr\u00f3j koloru oczu.<\/p>","protected":false},"excerpt":{"rendered":"<p>Embrace minimalist beauty with the BQeye Himalaya Grey Colored Contact Lenses. Drawing inspiration from the subtle yet striking colors of the Himalayan skies, this soft grey hue adds an air of refinement to one&#8217;s gaze. Whether playing up cool undertones in your natural iris or opting for a more dramatic shift, Himalaya Grey lends an [&#8230;]\n","protected":false},"featured_media":652,"comment_status":"open","ping_status":"closed","template":"","meta":[],"product_brand":[],"product_cat":[102,91,81,96,98],"product_tag":[],"class_list":{"0":"post-644","1":"product","2":"type-product","3":"status-publish","4":"has-post-thumbnail","6":"product_cat-himalaya","7":"product_cat-14-2-mm","8":"product_cat-grey-contact-lenses","9":"product_cat-non-prescription","10":"product_cat-yearly-disposable","12":"first","13":"instock","14":"sale","15":"shipping-taxable","16":"purchasable","17":"product-type-variable","18":"has-default-attributes"},"_links":{"self":[{"href":"https:\/\/bqeye.com\/pl\/wp-json\/wp\/v2\/product\/644","targetHints":{"allow":["GET"]}}],"collection":[{"href":"https:\/\/bqeye.com\/pl\/wp-json\/wp\/v2\/product"}],"about":[{"href":"https:\/\/bqeye.com\/pl\/wp-json\/wp\/v2\/types\/product"}],"replies":[{"embeddable":true,"href":"https:\/\/bqeye.com\/pl\/wp-json\/wp\/v2\/comments?post=644"}],"wp:featuredmedia":[{"embeddable":true,"href":"https:\/\/bqeye.com\/pl\/wp-json\/wp\/v2\/media\/652"}],"wp:attachment":[{"href":"https:\/\/bqeye.com\/pl\/wp-json\/wp\/v2\/media?parent=644"}],"wp:term":[{"taxonomy":"product_brand","embeddable":true,"href":"https:\/\/bqeye.com\/pl\/wp-json\/wp\/v2\/product_brand?post=644"},{"taxonomy":"product_cat","embeddable":true,"href":"https:\/\/bqeye.com\/pl\/wp-json\/wp\/v2\/product_cat?post=644"},{"taxonomy":"product_tag","embeddable":true,"href":"https:\/\/bqeye.com\/pl\/wp-json\/wp\/v2\/product_tag?post=644"}],"curies":[{"name":"wp","href":"https:\/\/api.w.org\/{rel}","templated":true}]}}