{"id":710,"date":"2023-09-11T07:56:54","date_gmt":"2023-09-11T07:56:54","guid":{"rendered":"https:\/\/bqeye.com\/?post_type=product&#038;p=710"},"modified":"2024-04-18T02:23:06","modified_gmt":"2024-04-18T02:23:06","slug":"bqeye-polar-lights-grey-colored-contact-lenses","status":"publish","type":"product","link":"https:\/\/bqeye.com\/pl\/bqeye-polar-lights-grey-colored-contact-lenses\/","title":{"rendered":"Szare kolorowe soczewki kontaktowe BQeye Polar Lights"},"content":{"rendered":"<p>Podkre\u015bl tajemnic\u0119 i magi\u0119 zorzy polarnej dzi\u0119ki soczewkom kontaktowym Polar Lights Grey firmy BQeye.<\/p>\n<p>Zainspirowany eteryczn\u0105 po\u015bwiat\u0105 emanuj\u0105c\u0105 z arktycznego nieba, ten hipnotyzuj\u0105cy szary odcie\u0144 na\u015bladuje taniec s\u0142abego \u015bwiat\u0142a na zimowych chmurach. Niezale\u017cnie od tego, czy zdecydujesz si\u0119 subtelnie podkre\u015bli\u0107 ch\u0142odne odcienie, czy te\u017c zdecydujesz si\u0119 na odwa\u017cniejsz\u0105 transformacj\u0119, Polar Lights Grey nadaje oczom widmowe pi\u0119kno.<\/p>\n<p>Wykonane z ultra oddychaj\u0105cych soczewek hydro\u017celowych, Polar Lights Grey tworz\u0105 iluzj\u0119 koloru, kt\u00f3ra jest r\u00f3wnie urzekaj\u0105ca, co wygodna. Najnowocze\u015bniejsza formu\u0142a zapewnia oczom uczucie o\u017cywienia przez ca\u0142y dzie\u0144 bez \u017cadnych podra\u017cnie\u0144.<\/p>\n<p>Podczas test\u00f3w u\u017cytkownicy zg\u0142aszali intryguj\u0105c\u0105 aur\u0119, kt\u00f3ra zmusza\u0142a do d\u0142ugotrwa\u0142ych spojrze\u0144. Kilka os\u00f3b stwierdzi\u0142o nawet, \u017ce znajomi uwa\u017caj\u0105, \u017ce maj\u0105 naturalnie czaruj\u0105ce oczy!<\/p>\n<p>Obejmij swoj\u0105 wewn\u0119trzn\u0105 luminescencj\u0119 dzi\u0119ki BQeye Polar Lights Grey. Dodaj swojemu spojrzeniu tajemniczo\u015bci dzi\u0119ki soczewkom tak zapieraj\u0105cym dech w piersiach, jak sama zorza polarna. Zam\u00f3w par\u0119 ju\u017c dzi\u015b, aby ka\u017cdego ranka na nowo podziwia\u0107 rzadkie pi\u0119kno!<\/p>\n<p>Mam nadziej\u0119, \u017ce daje to wyobra\u017cenie o tym, jak mo\u017cna opisa\u0107 obiektywy, aby uchwyci\u0107 ich magi\u0119. Daj mi zna\u0107, je\u015bli potrzebujesz innych szczeg\u00f3\u0142\u00f3w dostosowanych do Twojej marki.<\/p>","protected":false},"excerpt":{"rendered":"<p>Bring out the mystery and magic of the Northern Lights with BQeye&#8217;s Polar Lights Grey Colored Contact Lenses. Inspired by the ethereal glow emanating across Arctic skies, this mesmerizing grey hue mimics the dance of faint light across wintry clouds. Whether choosing to subtly emphasize cool undertones or opt for a bolder transformation, Polar Lights [&#8230;]\n","protected":false},"featured_media":718,"comment_status":"open","ping_status":"closed","template":"","meta":[],"product_brand":[],"product_cat":[106,91,81,96,98],"product_tag":[],"class_list":{"0":"post-710","1":"product","2":"type-product","3":"status-publish","4":"has-post-thumbnail","6":"product_cat-polar-lights","7":"product_cat-14-2-mm","8":"product_cat-grey-contact-lenses","9":"product_cat-non-prescription","10":"product_cat-yearly-disposable","12":"first","13":"instock","14":"sale","15":"shipping-taxable","16":"purchasable","17":"product-type-variable","18":"has-default-attributes"},"_links":{"self":[{"href":"https:\/\/bqeye.com\/pl\/wp-json\/wp\/v2\/product\/710","targetHints":{"allow":["GET"]}}],"collection":[{"href":"https:\/\/bqeye.com\/pl\/wp-json\/wp\/v2\/product"}],"about":[{"href":"https:\/\/bqeye.com\/pl\/wp-json\/wp\/v2\/types\/product"}],"replies":[{"embeddable":true,"href":"https:\/\/bqeye.com\/pl\/wp-json\/wp\/v2\/comments?post=710"}],"wp:featuredmedia":[{"embeddable":true,"href":"https:\/\/bqeye.com\/pl\/wp-json\/wp\/v2\/media\/718"}],"wp:attachment":[{"href":"https:\/\/bqeye.com\/pl\/wp-json\/wp\/v2\/media?parent=710"}],"wp:term":[{"taxonomy":"product_brand","embeddable":true,"href":"https:\/\/bqeye.com\/pl\/wp-json\/wp\/v2\/product_brand?post=710"},{"taxonomy":"product_cat","embeddable":true,"href":"https:\/\/bqeye.com\/pl\/wp-json\/wp\/v2\/product_cat?post=710"},{"taxonomy":"product_tag","embeddable":true,"href":"https:\/\/bqeye.com\/pl\/wp-json\/wp\/v2\/product_tag?post=710"}],"curies":[{"name":"wp","href":"https:\/\/api.w.org\/{rel}","templated":true}]}}