{"id":719,"date":"2023-09-11T08:13:12","date_gmt":"2023-09-11T08:13:12","guid":{"rendered":"https:\/\/bqeye.com\/?post_type=product&#038;p=719"},"modified":"2024-04-18T02:23:02","modified_gmt":"2024-04-18T02:23:02","slug":"bqeye-polar-lights-yellow-green-colored-contact-lenses","status":"publish","type":"product","link":"https:\/\/bqeye.com\/pl\/bqeye-polar-lights-yellow-green-colored-contact-lenses\/","title":{"rendered":"\u017b\u00f3\u0142to-zielone kolorowe soczewki kontaktowe BQeye Polar Lights"},"content":{"rendered":"<p>Zachwy\u0107 si\u0119 urzekaj\u0105cymi barwami zorzy polarnej dzi\u0119ki kolorowym soczewkom kontaktowym BQeye Polar Lights Yellow Green.<\/p>\n<p>Czerpi\u0105c z promiennych pokaz\u00f3w Aurora Borealis, ten \u017cywy \u017c\u00f3\u0142to-zielony odcie\u0144 na\u015bladuje \u017cywe ta\u0144cz\u0105ce kolory, kt\u00f3re o\u015bwietlaj\u0105 arktyczne niebo. Niezale\u017cnie od tego, czy grasz w cieplejsze odcienie, czy decydujesz si\u0119 na przyci\u0105gaj\u0105c\u0105 wzrok transformacj\u0119, kolorowe soczewki kontaktowe Polar Lights Yellow Green zanurzaj\u0105 oczy w \u015bwietlistym blasku.<\/p>\n<p>Wykonane z naszego specjalistycznego materia\u0142u Hydralens, soczewki te zapewniaj\u0105 ca\u0142odzienn\u0105 iluzj\u0119 \u017cywo\u015bci, kt\u00f3ra jest r\u00f3wnie efektowna, co wygodna. Innowacyjna formu\u0142a chroni r\u00f3wnie\u017c oczy przed wysuszeniem lub podra\u017cnieniem, dzi\u0119ki czemu u\u017cytkownicy mog\u0105 skupi\u0107 si\u0119 na nowym, hipnotyzuj\u0105cym spojrzeniu.<\/p>\n<p>Podczas test\u00f3w posypa\u0142y si\u0119 komplementy na temat \"nieziemskiego pi\u0119kna\", jakie urzekaj\u0105 teraz oczy. U\u017cytkownicy m\u00f3wili, \u017ce czuj\u0105 si\u0119 tajemniczo czaruj\u0105cy - tak o\u017cywieni jak same zorze polarne.<\/p>\n<p>Pozw\u00f3l, aby soczewki kontaktowe BQeye Polar Lights Yellow Green Colored ka\u017cdego dnia przenosi\u0142y Ci\u0119 w nowy wymiar kolor\u00f3w. Dodaj odrobin\u0119 magicznego uroku do ka\u017cdej stylizacji dzi\u0119ki soczewkom tak zapieraj\u0105cym dech w piersiach i niezapomnianym jak najwspanialsze widowisko natury.<\/p>","protected":false},"excerpt":{"rendered":"<p>Channel the captivating hues of the Northern Lights with BQeye&#8217;s Polar Lights Yellow Green colored contact lenses. Drawing from the radiant Aurora Borealis displays, this lively yellow-green shade mimics the vivid dancing colors that illuminate Arctic skies. Whether playing up warmer undertones or opting for an eye-catching transformation, Polar Lights Yellow Green colored contact lenses [&#8230;]\n","protected":false},"featured_media":726,"comment_status":"open","ping_status":"closed","template":"","meta":[],"product_brand":[],"product_cat":[106,91,77,96,98],"product_tag":[],"class_list":{"0":"post-719","1":"product","2":"type-product","3":"status-publish","4":"has-post-thumbnail","6":"product_cat-polar-lights","7":"product_cat-14-2-mm","8":"product_cat-green-contact-lenses","9":"product_cat-non-prescription","10":"product_cat-yearly-disposable","12":"first","13":"instock","14":"sale","15":"shipping-taxable","16":"purchasable","17":"product-type-variable","18":"has-default-attributes"},"_links":{"self":[{"href":"https:\/\/bqeye.com\/pl\/wp-json\/wp\/v2\/product\/719","targetHints":{"allow":["GET"]}}],"collection":[{"href":"https:\/\/bqeye.com\/pl\/wp-json\/wp\/v2\/product"}],"about":[{"href":"https:\/\/bqeye.com\/pl\/wp-json\/wp\/v2\/types\/product"}],"replies":[{"embeddable":true,"href":"https:\/\/bqeye.com\/pl\/wp-json\/wp\/v2\/comments?post=719"}],"wp:featuredmedia":[{"embeddable":true,"href":"https:\/\/bqeye.com\/pl\/wp-json\/wp\/v2\/media\/726"}],"wp:attachment":[{"href":"https:\/\/bqeye.com\/pl\/wp-json\/wp\/v2\/media?parent=719"}],"wp:term":[{"taxonomy":"product_brand","embeddable":true,"href":"https:\/\/bqeye.com\/pl\/wp-json\/wp\/v2\/product_brand?post=719"},{"taxonomy":"product_cat","embeddable":true,"href":"https:\/\/bqeye.com\/pl\/wp-json\/wp\/v2\/product_cat?post=719"},{"taxonomy":"product_tag","embeddable":true,"href":"https:\/\/bqeye.com\/pl\/wp-json\/wp\/v2\/product_tag?post=719"}],"curies":[{"name":"wp","href":"https:\/\/api.w.org\/{rel}","templated":true}]}}