{"id":728,"date":"2023-09-11T11:42:43","date_gmt":"2023-09-11T11:42:43","guid":{"rendered":"https:\/\/bqeye.com\/?post_type=product&#038;p=728"},"modified":"2024-04-18T02:22:59","modified_gmt":"2024-04-18T02:22:59","slug":"bqeye-polar-lights-brown-colored-contact-lenses","status":"publish","type":"product","link":"https:\/\/bqeye.com\/pl\/bqeye-polar-lights-brown-colored-contact-lenses\/","title":{"rendered":"Br\u0105zowe kolorowe soczewki kontaktowe BQeye Polar Lights"},"content":{"rendered":"<p>Poczuj ziemisty urok zimowego lasu dzi\u0119ki kolorowym soczewkom kontaktowym BQeye Polar Lights Brown.<\/p>\n<p>Zainspirowany bogatymi odcieniami kory sosnowej i nagich ga\u0142\u0119zi drzew w \u015bwietle p\u00f3\u0142nocnych lamp, ten g\u0142\u0119boki br\u0105zowy odcie\u0144 nadaje oczom intensywn\u0105 g\u0142\u0119bi\u0119 i intryg\u0119. Niezale\u017cnie od tego, czy grasz ciep\u0142ymi tonami, czy decydujesz si\u0119 na przyci\u0105gaj\u0105c\u0105 wzrok transformacj\u0119, Polar Lights Brown otula oczy czyst\u0105 intryg\u0105.<\/p>\n<p>Wykonane z materia\u0142u blokuj\u0105cego wilgo\u0107, soczewki te zapewniaj\u0105 ca\u0142odzienny komfort bez pozbawiania oczu ich nowo odkrytej tajemniczo\u015bci. Innowacyjna technologia soczewek chroni r\u00f3wnie\u017c wzrok przed wysuszeniem lub dyskomfortem podczas d\u0142ugich zimowych nocy.<\/p>\n<p>Podczas test\u00f3w produktu, jego u\u017cytkownicy czuli si\u0119 naturalnie tajemniczo - tak urzekaj\u0105co, jak sama p\u00f3\u0142nocna sceneria. Dzi\u0119ki prostej zmianie koloru oczu, kolorowe soczewki kontaktowe Polar Lights Brown nadaj\u0105 obecno\u015bci trwa\u0142y czar.<\/p>\n<p>Obejmij sw\u00f3j zimowy magnetyzm dzi\u0119ki BQeye Polar Lights Brown. Dodaj swojemu spojrzeniu atmosfery ziemskiego zachwytu dzi\u0119ki soczewkom tak czaruj\u0105cym i zapadaj\u0105cym w pami\u0119\u0107, jak magia natury. Zam\u00f3w je ju\u017c dzi\u015b, aby ka\u017cdego ranka odkrywa\u0107 rzadkie pi\u0119kno na nowo.<\/p>","protected":false},"excerpt":{"rendered":"<p>Channel the earthy allure of the winter forest with BQeye&#8217;s Polar Lights Brown colored contact lenses. Inspired by the rich tones of pine bark and bare tree branches under northern lights, this deep brown shade lends eyes intense depth and intrigue. Whether playing up warm undertones or opting for an eye-catching transformation, Polar Lights Brown [&#8230;]\n","protected":false},"featured_media":737,"comment_status":"open","ping_status":"closed","template":"","meta":[],"product_brand":[],"product_cat":[106,91,80,96,98],"product_tag":[],"class_list":{"0":"post-728","1":"product","2":"type-product","3":"status-publish","4":"has-post-thumbnail","6":"product_cat-polar-lights","7":"product_cat-14-2-mm","8":"product_cat-brown-contact-lenses","9":"product_cat-non-prescription","10":"product_cat-yearly-disposable","12":"first","13":"instock","14":"sale","15":"shipping-taxable","16":"purchasable","17":"product-type-variable","18":"has-default-attributes"},"_links":{"self":[{"href":"https:\/\/bqeye.com\/pl\/wp-json\/wp\/v2\/product\/728","targetHints":{"allow":["GET"]}}],"collection":[{"href":"https:\/\/bqeye.com\/pl\/wp-json\/wp\/v2\/product"}],"about":[{"href":"https:\/\/bqeye.com\/pl\/wp-json\/wp\/v2\/types\/product"}],"replies":[{"embeddable":true,"href":"https:\/\/bqeye.com\/pl\/wp-json\/wp\/v2\/comments?post=728"}],"wp:featuredmedia":[{"embeddable":true,"href":"https:\/\/bqeye.com\/pl\/wp-json\/wp\/v2\/media\/737"}],"wp:attachment":[{"href":"https:\/\/bqeye.com\/pl\/wp-json\/wp\/v2\/media?parent=728"}],"wp:term":[{"taxonomy":"product_brand","embeddable":true,"href":"https:\/\/bqeye.com\/pl\/wp-json\/wp\/v2\/product_brand?post=728"},{"taxonomy":"product_cat","embeddable":true,"href":"https:\/\/bqeye.com\/pl\/wp-json\/wp\/v2\/product_cat?post=728"},{"taxonomy":"product_tag","embeddable":true,"href":"https:\/\/bqeye.com\/pl\/wp-json\/wp\/v2\/product_tag?post=728"}],"curies":[{"name":"wp","href":"https:\/\/api.w.org\/{rel}","templated":true}]}}