{"id":738,"date":"2023-09-11T11:54:43","date_gmt":"2023-09-11T11:54:43","guid":{"rendered":"https:\/\/bqeye.com\/?post_type=product&#038;p=738"},"modified":"2024-04-18T02:22:56","modified_gmt":"2024-04-18T02:22:56","slug":"bqeye-polar-lights-blue-colored-contact-lenses","status":"publish","type":"product","link":"https:\/\/bqeye.com\/pl\/bqeye-polar-lights-blue-colored-contact-lenses\/","title":{"rendered":"Niebieskie soczewki kontaktowe BQeye Polar Lights"},"content":{"rendered":"<p>Poczuj mro\u017an\u0105 magi\u0119 arktycznych m\u00f3rz dzi\u0119ki kolorowym soczewkom kontaktowym BQeye Polar Lights Blue.<\/p>\n<p>Czerpi\u0105c z \u017cywych, ale spokojnych odcieni lodowatych fiord\u00f3w pod zorz\u0105 polarn\u0105, ten hipnotyzuj\u0105cy niebieski odcie\u0144 na\u015bladuje eteryczne pi\u0119kno odbijaj\u0105ce si\u0119 w arktycznych wodach. Niezale\u017cnie od tego, czy zdecydujesz si\u0119 podkre\u015bli\u0107 naturalne odcienie, czy te\u017c zdecydujesz si\u0119 na uderzaj\u0105c\u0105 transformacj\u0119, Polar Lights Blue nadaje oczom mistycyzm tak g\u0142\u0119boki jak p\u00f3\u0142nocny ocean.<\/p>\n<p>Wykonane z innowacyjnego materia\u0142u Hydrolane, soczewki te zapewniaj\u0105 ca\u0142odzienny komfort w po\u0142\u0105czeniu z iluzj\u0105 koloru, kt\u00f3ra jest r\u00f3wnie koj\u0105ca, co czaruj\u0105ca. Zaawansowana formu\u0142a chroni r\u00f3wnie\u017c oczy przed stresem \u015brodowiskowym, dzi\u0119ki czemu u\u017cytkownicy mog\u0105 zagubi\u0107 si\u0119 we w\u0142asnym poczuciu zachwytu.<\/p>\n<p>Podczas testowania produktu pojawi\u0142y si\u0119 komentarze na temat \"mro\u017anego, ale \u017cywego\" uroku oczu. U\u017cytkownicy m\u00f3wili o tajemniczo koj\u0105cym uczuciu - tak spokojnym, a jednocze\u015bnie \u015bwietlistym jak sama Arktyka.<\/p>\n<p>Pozw\u00f3l, by kolorowe soczewki kontaktowe BQeye Polar Lights Blue ka\u017cdego dnia przenosi\u0142y Ci\u0119 do \u015bwiata mro\u017anego majestatu. Dodaj odrobin\u0119 widmowego pi\u0119kna do ka\u017cdego wygl\u0105du dzi\u0119ki soczewkom tak hipnotyzuj\u0105cym i trwa\u0142ym jak zorza polarna nad morzem.<\/p>","protected":false},"excerpt":{"rendered":"<p>Channel the frozen magic of the Arctic seas with BQeye&#8217;s Polar Lights Blue colored contact lenses. Drawing from the vivid yet tranquil hues of icy fjords under the aurora borealis, this mesmerizing blue shade mimics the ethereal beauty reflected across Arctic waters. Whether choosing to highlight natural undertones or opt for a striking transformation, Polar [&#8230;]\n","protected":false},"featured_media":741,"comment_status":"open","ping_status":"closed","template":"","meta":[],"product_brand":[],"product_cat":[106,91,75,96,98],"product_tag":[],"class_list":{"0":"post-738","1":"product","2":"type-product","3":"status-publish","4":"has-post-thumbnail","6":"product_cat-polar-lights","7":"product_cat-14-2-mm","8":"product_cat-blue-contact-lenses","9":"product_cat-non-prescription","10":"product_cat-yearly-disposable","12":"first","13":"instock","14":"sale","15":"shipping-taxable","16":"purchasable","17":"product-type-variable","18":"has-default-attributes"},"_links":{"self":[{"href":"https:\/\/bqeye.com\/pl\/wp-json\/wp\/v2\/product\/738","targetHints":{"allow":["GET"]}}],"collection":[{"href":"https:\/\/bqeye.com\/pl\/wp-json\/wp\/v2\/product"}],"about":[{"href":"https:\/\/bqeye.com\/pl\/wp-json\/wp\/v2\/types\/product"}],"replies":[{"embeddable":true,"href":"https:\/\/bqeye.com\/pl\/wp-json\/wp\/v2\/comments?post=738"}],"wp:featuredmedia":[{"embeddable":true,"href":"https:\/\/bqeye.com\/pl\/wp-json\/wp\/v2\/media\/741"}],"wp:attachment":[{"href":"https:\/\/bqeye.com\/pl\/wp-json\/wp\/v2\/media?parent=738"}],"wp:term":[{"taxonomy":"product_brand","embeddable":true,"href":"https:\/\/bqeye.com\/pl\/wp-json\/wp\/v2\/product_brand?post=738"},{"taxonomy":"product_cat","embeddable":true,"href":"https:\/\/bqeye.com\/pl\/wp-json\/wp\/v2\/product_cat?post=738"},{"taxonomy":"product_tag","embeddable":true,"href":"https:\/\/bqeye.com\/pl\/wp-json\/wp\/v2\/product_tag?post=738"}],"curies":[{"name":"wp","href":"https:\/\/api.w.org\/{rel}","templated":true}]}}