{"id":746,"date":"2023-09-11T12:08:50","date_gmt":"2023-09-11T12:08:50","guid":{"rendered":"https:\/\/bqeye.com\/?post_type=product&#038;p=746"},"modified":"2024-04-18T02:22:53","modified_gmt":"2024-04-18T02:22:53","slug":"bqeye-polar-lights-blue-grey-colored-contact-lenses","status":"publish","type":"product","link":"https:\/\/bqeye.com\/pl\/bqeye-polar-lights-blue-grey-colored-contact-lenses\/","title":{"rendered":"Niebiesko-szare kolorowe soczewki kontaktowe BQeye Polar Lights"},"content":{"rendered":"<p>Poczuj uspokajaj\u0105cy ogrom arktycznego nieba dzi\u0119ki kolorowym soczewkom kontaktowym BQeye Polar Lights Blue Grey.<\/p>\n<p>Czerpi\u0105c inspiracj\u0119 z majestatycznych zimowych chmur o\u015bwietlonych przez zorz\u0119 polarn\u0105, ten koj\u0105cy niebiesko-szary odcie\u0144 na\u015bladuje eteryczne pi\u0119kno odbijaj\u0105ce si\u0119 na p\u00f3\u0142nocnych horyzontach. Niezale\u017cnie od tego, czy zdecydujesz si\u0119 podkre\u015bli\u0107 ch\u0142odne odcienie, czy te\u017c zdecydujesz si\u0119 na przyci\u0105gaj\u0105c\u0105 wzrok transformacj\u0119, kolorowe soczewki kontaktowe Polar Lights Blue Grey otulaj\u0105 oczy tajemnicami tak niesko\u0144czonymi jak arktyczny firmament.<\/p>\n<p>Wykonane z oddychaj\u0105cego materia\u0142u Hydrosphere, te soczewki kontaktowe zapewniaj\u0105 ca\u0142odzienny komfort w po\u0142\u0105czeniu z iluzj\u0105 koloru, kt\u00f3ra jest tak spokojna jak otwarte niebo. Specjalistyczna formu\u0142a chroni r\u00f3wnie\u017c wzrok w d\u0142ugie zimowe noce, dzi\u0119ki czemu u\u017cytkownicy mog\u0105 zanurzy\u0107 si\u0119 w niezliczonych cudach.<\/p>\n<p>Podczas testowania produktu komplementy podkre\u015bla\u0142y \"koj\u0105cy, a jednocze\u015bnie urzekaj\u0105cy\" urok oczu. U\u017cytkownicy m\u00f3wili o tajemniczo uspokajaj\u0105cym uczuciu - tak rozleg\u0142ym i \u015bwietlistym jak arktyczny krajobraz.<\/p>\n<p>Pozw\u00f3l, by kolorowe soczewki kontaktowe BQeye Polar Lights Blue Grey ka\u017cdego dnia przenosi\u0142y Ci\u0119 do \u015bwiata zimowego bezmiaru. Dodaj odrobin\u0119 widmowego pi\u0119kna do ka\u017cdego wygl\u0105du dzi\u0119ki soczewkom tak hipnotyzuj\u0105cym i pocieszaj\u0105cym, jak magia natury na arktycznym niebie.<\/p>","protected":false},"excerpt":{"rendered":"<p>Channel the calming vastness of Arctic skies with BQeye&#8217;s Polar Lights Blue Grey colored contact lenses. Drawing inspiration from majestic winter clouds illuminated by the aurora borealis, this soothing blue-grey shade mimics the ethereal beauty reflected across northern horizons. Whether choosing to enhance cool undertones or opt for an eye-catching transformation, Polar Lights Blue Grey [&#8230;]\n","protected":false},"featured_media":754,"comment_status":"open","ping_status":"closed","template":"","meta":[],"product_brand":[],"product_cat":[106,91,75,81,96,98],"product_tag":[],"class_list":{"0":"post-746","1":"product","2":"type-product","3":"status-publish","4":"has-post-thumbnail","6":"product_cat-polar-lights","7":"product_cat-14-2-mm","8":"product_cat-blue-contact-lenses","9":"product_cat-grey-contact-lenses","10":"product_cat-non-prescription","11":"product_cat-yearly-disposable","13":"first","14":"instock","15":"sale","16":"shipping-taxable","17":"purchasable","18":"product-type-variable","19":"has-default-attributes"},"_links":{"self":[{"href":"https:\/\/bqeye.com\/pl\/wp-json\/wp\/v2\/product\/746","targetHints":{"allow":["GET"]}}],"collection":[{"href":"https:\/\/bqeye.com\/pl\/wp-json\/wp\/v2\/product"}],"about":[{"href":"https:\/\/bqeye.com\/pl\/wp-json\/wp\/v2\/types\/product"}],"replies":[{"embeddable":true,"href":"https:\/\/bqeye.com\/pl\/wp-json\/wp\/v2\/comments?post=746"}],"wp:featuredmedia":[{"embeddable":true,"href":"https:\/\/bqeye.com\/pl\/wp-json\/wp\/v2\/media\/754"}],"wp:attachment":[{"href":"https:\/\/bqeye.com\/pl\/wp-json\/wp\/v2\/media?parent=746"}],"wp:term":[{"taxonomy":"product_brand","embeddable":true,"href":"https:\/\/bqeye.com\/pl\/wp-json\/wp\/v2\/product_brand?post=746"},{"taxonomy":"product_cat","embeddable":true,"href":"https:\/\/bqeye.com\/pl\/wp-json\/wp\/v2\/product_cat?post=746"},{"taxonomy":"product_tag","embeddable":true,"href":"https:\/\/bqeye.com\/pl\/wp-json\/wp\/v2\/product_tag?post=746"}],"curies":[{"name":"wp","href":"https:\/\/api.w.org\/{rel}","templated":true}]}}