{"id":768,"date":"2023-09-11T13:51:20","date_gmt":"2023-09-11T13:51:20","guid":{"rendered":"https:\/\/bqeye.com\/?post_type=product&#038;p=768"},"modified":"2024-04-18T02:22:49","modified_gmt":"2024-04-18T02:22:49","slug":"bqeye-cocktail-greyhound-colored-contact-lenses","status":"publish","type":"product","link":"https:\/\/bqeye.com\/pl\/bqeye-cocktail-greyhound-colored-contact-lenses\/","title":{"rendered":"Kolorowe soczewki kontaktowe BQeye Cocktail Greyhound"},"content":{"rendered":"<p>Dodaj odrobin\u0119 wyrafinowania do swojego wygl\u0105du dzi\u0119ki kolorowym soczewkom kontaktowym BQeye Cocktail Greyhound, inspirowanym kultowym koktajlem o tej samej nazwie.<\/p>\n<p>Dzi\u0119ki subtelnym, ale \u017cywym odcieniom, kt\u00f3re na\u015bladuj\u0105 bladoszary odcie\u0144 \u015bwie\u017cego soku grejpfrutowego w po\u0142\u0105czeniu z rze\u015bk\u0105 w\u00f3dk\u0105, soczewki te podkre\u015blaj\u0105 oczy, nadaj\u0105c im szykowny wygl\u0105d. Niezale\u017cnie od tego, czy podkre\u015blisz naturalne odcienie, czy zdecydujesz si\u0119 na odwa\u017cniejsz\u0105 zmian\u0119, Cocktail Greyhound nadaje oczom orze\u017awiaj\u0105cy urok godziny koktajlowej.<\/p>\n<p>Wykonane z oddychaj\u0105cego materia\u0142u hydro\u017celowego soczewki zapewniaj\u0105 komfort przez ca\u0142y dzie\u0144 oraz wszechstronn\u0105 zmian\u0119 koloru. Ich najnowocze\u015bniejsza formu\u0142a chroni r\u00f3wnie\u017c oczy przed stresem \u015brodowiskowym, zapewniaj\u0105c widzenie tak wyra\u017ane, jak sam prosty koktajl.<\/p>\n<p>Podczas test\u00f3w rynkowych u\u017cytkownicy opisywali, \u017ce czuj\u0105 si\u0119 naturalnie elegancko - dzi\u0119ki zaledwie odrobinie szaro\u015bci dodanej do ich spojrzenia. Podobnie jak sam ponadczasowy nap\u00f3j, kolorowe soczewki kontaktowe Cocktail Greyhound Grey z pewno\u015bci\u0105 stan\u0105 si\u0119 ulubionym dodatkiem do codziennych stylizacji.<\/p>\n<p>Urozmai\u0107 sw\u00f3j styl odrobin\u0105 koktajlowej inspiracji od BQeye. Zam\u00f3w soczewki Cocktail Greyhound ju\u017c teraz, aby doda\u0107 swojemu wygl\u0105dowi orze\u017awiaj\u0105cego uroku, tak kultowego jak imiennik drinka.<\/p>","protected":false},"excerpt":{"rendered":"<p>Add a touch of sophistication to your look with BQeye&#8217;s Cocktail Greyhound colored contact lenses, inspired by the iconic cocktail of the same name. With subtle yet lively undertones that mimic the pale grey hue of fresh grapefruit juice combined with crisp vodka, these lenses bring out the eyes with a look that is effortlessly [&#8230;]\n","protected":false},"featured_media":775,"comment_status":"open","ping_status":"closed","template":"","meta":[],"product_brand":[],"product_cat":[137,91,81,96,98],"product_tag":[],"class_list":{"0":"post-768","1":"product","2":"type-product","3":"status-publish","4":"has-post-thumbnail","6":"product_cat-cocktail","7":"product_cat-14-2-mm","8":"product_cat-grey-contact-lenses","9":"product_cat-non-prescription","10":"product_cat-yearly-disposable","12":"first","13":"instock","14":"sale","15":"shipping-taxable","16":"purchasable","17":"product-type-variable","18":"has-default-attributes"},"_links":{"self":[{"href":"https:\/\/bqeye.com\/pl\/wp-json\/wp\/v2\/product\/768","targetHints":{"allow":["GET"]}}],"collection":[{"href":"https:\/\/bqeye.com\/pl\/wp-json\/wp\/v2\/product"}],"about":[{"href":"https:\/\/bqeye.com\/pl\/wp-json\/wp\/v2\/types\/product"}],"replies":[{"embeddable":true,"href":"https:\/\/bqeye.com\/pl\/wp-json\/wp\/v2\/comments?post=768"}],"wp:featuredmedia":[{"embeddable":true,"href":"https:\/\/bqeye.com\/pl\/wp-json\/wp\/v2\/media\/775"}],"wp:attachment":[{"href":"https:\/\/bqeye.com\/pl\/wp-json\/wp\/v2\/media?parent=768"}],"wp:term":[{"taxonomy":"product_brand","embeddable":true,"href":"https:\/\/bqeye.com\/pl\/wp-json\/wp\/v2\/product_brand?post=768"},{"taxonomy":"product_cat","embeddable":true,"href":"https:\/\/bqeye.com\/pl\/wp-json\/wp\/v2\/product_cat?post=768"},{"taxonomy":"product_tag","embeddable":true,"href":"https:\/\/bqeye.com\/pl\/wp-json\/wp\/v2\/product_tag?post=768"}],"curies":[{"name":"wp","href":"https:\/\/api.w.org\/{rel}","templated":true}]}}