{"id":777,"date":"2023-09-11T14:05:27","date_gmt":"2023-09-11T14:05:27","guid":{"rendered":"https:\/\/bqeye.com\/?post_type=product&#038;p=777"},"modified":"2024-04-18T02:22:45","modified_gmt":"2024-04-18T02:22:45","slug":"bqeye-cocktail-blue-margarita-colored-contact-lenses","status":"publish","type":"product","link":"https:\/\/bqeye.com\/pl\/bqeye-cocktail-blue-margarita-colored-contact-lenses\/","title":{"rendered":"Kolorowe soczewki kontaktowe BQeye Cocktail Blue Margarita"},"content":{"rendered":"<div>Roz\u015bwietl sw\u00f3j styl odrobin\u0105 koloru Cocktail Blue Margarita od BQeye.<\/div>\n<div><\/div>\n<div>Zainspirowane lodowatym b\u0142\u0119kitem klasycznego koktajlu tequila, te kolorowe soczewki kontaktowe nadaj\u0105 oczom wyrazisty i orze\u017awiaj\u0105cy odcie\u0144. Niezale\u017cnie od tego, czy uzupe\u0142niaj\u0105 naturalne odcienie, czy decyduj\u0105 si\u0119 na ol\u015bniewaj\u0105c\u0105 transformacj\u0119, Cocktail Blue Margarita otula oczy spojrzeniem, kt\u00f3re krzyczy \"\u00a1Viva la fiesta!\".<\/div>\n<div><\/div>\n<div>Wykonane z lekkiego materia\u0142u HEMA, soczewki zachowuj\u0105 iluzj\u0119 \u017cywych kolor\u00f3w, jednocze\u015bnie stawiaj\u0105c na oddychalno\u015b\u0107 i komfort przez ca\u0142y dzie\u0144. Ich zaawansowana formu\u0142a chroni r\u00f3wnie\u017c delikatne oczy przed dra\u017cni\u0105cymi czynnikami \u015brodowiskowymi, dzi\u0119ki czemu u\u017cytkownicy mog\u0105 imprezowa\u0107 przez ca\u0142\u0105 noc.<\/div>\n<div><\/div>\n<div>Podczas testowania produktu komplementy podkre\u015bla\u0142y \"pikantny, a jednocze\u015bnie ch\u0142odz\u0105cy urok\", jaki maj\u0105 teraz oczy. Osoby je nosz\u0105ce m\u00f3wi\u0142y, \u017ce czuj\u0105 si\u0119 pi\u0119knie o\u017cywione - tak \u017cywe i pobudzaj\u0105ce apetyt, jak sam charakterystyczny nap\u00f3j.<\/div>\n<div><\/div>\n<div>Pozw\u00f3l, by kolorowe soczewki kontaktowe BQeye Cocktail Blue Margarita ka\u017cdego dnia przenosi\u0142y Ci\u0119 w miejsce letniej zabawy. Dodaj osza\u0142amiaj\u0105c\u0105 inspiracj\u0119 koktajlow\u0105 do ka\u017cdej stylizacji dzi\u0119ki soczewkom tak \u017cywym i musuj\u0105cym jak likier i limonki. Salud!<\/div>","protected":false},"excerpt":{"rendered":"<p>Spark your style with a splash of Cocktail Blue Margarita color from BQeye. Inspired by the icy blues of the classic tequila cocktail, these colored contact lenses infuse eyes with a crisp and refreshing hue. Whether complementing natural tones or opting for a dazzling transformation, Cocktail Blue Margarita wraps the eyes in a look that [&#8230;]\n","protected":false},"featured_media":782,"comment_status":"open","ping_status":"closed","template":"","meta":[],"product_brand":[],"product_cat":[137,91,75,96,98],"product_tag":[],"class_list":{"0":"post-777","1":"product","2":"type-product","3":"status-publish","4":"has-post-thumbnail","6":"product_cat-cocktail","7":"product_cat-14-2-mm","8":"product_cat-blue-contact-lenses","9":"product_cat-non-prescription","10":"product_cat-yearly-disposable","12":"first","13":"instock","14":"sale","15":"shipping-taxable","16":"purchasable","17":"product-type-variable","18":"has-default-attributes"},"_links":{"self":[{"href":"https:\/\/bqeye.com\/pl\/wp-json\/wp\/v2\/product\/777","targetHints":{"allow":["GET"]}}],"collection":[{"href":"https:\/\/bqeye.com\/pl\/wp-json\/wp\/v2\/product"}],"about":[{"href":"https:\/\/bqeye.com\/pl\/wp-json\/wp\/v2\/types\/product"}],"replies":[{"embeddable":true,"href":"https:\/\/bqeye.com\/pl\/wp-json\/wp\/v2\/comments?post=777"}],"wp:featuredmedia":[{"embeddable":true,"href":"https:\/\/bqeye.com\/pl\/wp-json\/wp\/v2\/media\/782"}],"wp:attachment":[{"href":"https:\/\/bqeye.com\/pl\/wp-json\/wp\/v2\/media?parent=777"}],"wp:term":[{"taxonomy":"product_brand","embeddable":true,"href":"https:\/\/bqeye.com\/pl\/wp-json\/wp\/v2\/product_brand?post=777"},{"taxonomy":"product_cat","embeddable":true,"href":"https:\/\/bqeye.com\/pl\/wp-json\/wp\/v2\/product_cat?post=777"},{"taxonomy":"product_tag","embeddable":true,"href":"https:\/\/bqeye.com\/pl\/wp-json\/wp\/v2\/product_tag?post=777"}],"curies":[{"name":"wp","href":"https:\/\/api.w.org\/{rel}","templated":true}]}}