{"id":785,"date":"2023-09-11T14:22:37","date_gmt":"2023-09-11T14:22:37","guid":{"rendered":"https:\/\/bqeye.com\/?post_type=product&#038;p=785"},"modified":"2024-04-18T02:22:42","modified_gmt":"2024-04-18T02:22:42","slug":"bqeye-cocktail-chocolate-martini-colored-contact-lenses","status":"publish","type":"product","link":"https:\/\/bqeye.com\/pl\/bqeye-cocktail-chocolate-martini-colored-contact-lenses\/","title":{"rendered":"Kolorowe soczewki kontaktowe BQeye Cocktail Chocolate Martini"},"content":{"rendered":"<p>Rozpie\u015b\u0107 swoje oczy bogactwem czekolady dzi\u0119ki kolorowym soczewkom kontaktowym BQeye Cocktail Chocolate Martini.<\/p>\n<p>Czerpi\u0105c inspiracj\u0119 z g\u0142adkich, ciemnych odcieni ulubionego koktajlu, soczewki te otulaj\u0105 oczy wygl\u0105dem, kt\u00f3ry jest r\u00f3wnie dekadencki, co odwa\u017cny. Niezale\u017cnie od tego, czy podkre\u015blasz naturalne br\u0105zowe odcienie, czy decydujesz si\u0119 na pe\u0142n\u0105 transformacj\u0119, Cocktail Chocolate Martini nadaje oczom intensywnie luksusowe spojrzenie.<\/p>\n<p>Wykonane z blokuj\u0105cego wilgo\u0107 hydro\u017celu, soczewki zapewniaj\u0105 nawil\u017cenie i komfort wraz z hipnotyzuj\u0105c\u0105 zmian\u0105 koloru. Ich zaawansowana formu\u0142a chroni r\u00f3wnie\u017c oczy przed stresem \u015brodowiskowym, dzi\u0119ki czemu u\u017cytkownicy mog\u0105 zanurzy\u0107 si\u0119 w bogatej przyjemno\u015bci przez ca\u0142y dzie\u0144.<\/p>\n<p>Podczas test\u00f3w konsumenckich, komplementy p\u0142yn\u0119\u0142y na temat \"grzesznie wystawnego\" uroku, kt\u00f3ry teraz mo\u017cna zobaczy\u0107 w oczach. U\u017cytkownicy m\u00f3wili, \u017ce czuj\u0105 si\u0119 zniewalaj\u0105co - tak dekadencko i nieodparcie, jak klasyczny koktajl.<\/p>\n<p>Zafunduj sobie s\u0142odycz i styl dzi\u0119ki kolorowym soczewkom kontaktowym BQeye Cocktail Chocolate Martini. Nadaj swojemu wygl\u0105dowi egzotycznego charakteru dzi\u0119ki kolorom soczewek kontaktowych tak bogatym i kusz\u0105cym, jak czekoladowy przysmak o tej samej nazwie. Delizioso!<\/p>","protected":false},"excerpt":{"rendered":"<p>Indulge your eyes in the richness of chocolate with BQeye&#8217;s Cocktail Chocolate Martini colored contact lenses. Taking inspiration from the smooth, dark tones of everyone&#8217;s favorite cocktail confection, these lenses wrap eyes in a look that is as decadent as it is daring. Whether accentuating natural brown hues or opting for a full transformation, Cocktail [&#8230;]\n","protected":false},"featured_media":793,"comment_status":"open","ping_status":"closed","template":"","meta":[],"product_brand":[],"product_cat":[137,91,80,96,98],"product_tag":[],"class_list":{"0":"post-785","1":"product","2":"type-product","3":"status-publish","4":"has-post-thumbnail","6":"product_cat-cocktail","7":"product_cat-14-2-mm","8":"product_cat-brown-contact-lenses","9":"product_cat-non-prescription","10":"product_cat-yearly-disposable","12":"first","13":"instock","14":"sale","15":"shipping-taxable","16":"purchasable","17":"product-type-variable","18":"has-default-attributes"},"_links":{"self":[{"href":"https:\/\/bqeye.com\/pl\/wp-json\/wp\/v2\/product\/785","targetHints":{"allow":["GET"]}}],"collection":[{"href":"https:\/\/bqeye.com\/pl\/wp-json\/wp\/v2\/product"}],"about":[{"href":"https:\/\/bqeye.com\/pl\/wp-json\/wp\/v2\/types\/product"}],"replies":[{"embeddable":true,"href":"https:\/\/bqeye.com\/pl\/wp-json\/wp\/v2\/comments?post=785"}],"wp:featuredmedia":[{"embeddable":true,"href":"https:\/\/bqeye.com\/pl\/wp-json\/wp\/v2\/media\/793"}],"wp:attachment":[{"href":"https:\/\/bqeye.com\/pl\/wp-json\/wp\/v2\/media?parent=785"}],"wp:term":[{"taxonomy":"product_brand","embeddable":true,"href":"https:\/\/bqeye.com\/pl\/wp-json\/wp\/v2\/product_brand?post=785"},{"taxonomy":"product_cat","embeddable":true,"href":"https:\/\/bqeye.com\/pl\/wp-json\/wp\/v2\/product_cat?post=785"},{"taxonomy":"product_tag","embeddable":true,"href":"https:\/\/bqeye.com\/pl\/wp-json\/wp\/v2\/product_tag?post=785"}],"curies":[{"name":"wp","href":"https:\/\/api.w.org\/{rel}","templated":true}]}}