{"id":794,"date":"2023-09-11T14:36:57","date_gmt":"2023-09-11T14:36:57","guid":{"rendered":"https:\/\/bqeye.com\/?post_type=product&#038;p=794"},"modified":"2024-04-18T02:22:39","modified_gmt":"2024-04-18T02:22:39","slug":"bqeye-cocktail-green-hornet-colored-contact-lenses","status":"publish","type":"product","link":"https:\/\/bqeye.com\/pl\/bqeye-cocktail-green-hornet-colored-contact-lenses\/","title":{"rendered":"Kolorowe soczewki kontaktowe BQeye Cocktail Green Hornet"},"content":{"rendered":"<p>Wpadnij na koktajl z \u017cywym akcentem kolorystycznym dzi\u0119ki kolorowym soczewkom kontaktowym BQeye Cocktail Green Hornet.<\/p>\n<p>Wzoruj\u0105c si\u0119 na wyrazistym zielonym odcieniu tytu\u0142owego trunku, te soczewki kontaktowe nadaj\u0105 oczom energetyczny szmaragdowy odcie\u0144. Niezale\u017cnie od tego, czy bawisz si\u0119 naturalnymi tonami, czy decydujesz si\u0119 na elektryzuj\u0105c\u0105 transformacj\u0119, Green Hornet otula oczy wygl\u0105dem, kt\u00f3ry jest odwa\u017cny, orze\u017awiaj\u0105cy i pe\u0142en ognistego uroku.<\/p>\n<p>Wykonane z materia\u0142u HEMA soczewki zachowuj\u0105 ol\u015bniewaj\u0105cy kolor, zapewniaj\u0105c jednocze\u015bnie komfort zbli\u017cony do sk\u00f3ry przez ca\u0142y czas trwania imprezy. Ich zaawansowana formu\u0142a chroni r\u00f3wnie\u017c delikatne oczy przed stresem \u015brodowiskowym, dzi\u0119ki czemu imprezowicze mog\u0105 przeta\u0144czy\u0107 ca\u0142\u0105 noc.<\/p>\n<p>Podczas test\u00f3w produktu u\u017cytkownicy opisywali, \u017ce czuj\u0105 si\u0119 zuchwale w swoich nowych zielonych okularach. Podobnie jak o\u017cywiona libacja, soczewki Green Hornet dodaj\u0105 szumu wyrafinowanej przygody na ka\u017cd\u0105 okazj\u0119.<\/p>\n<p>Zosta\u0144 gwiazd\u0105 imprezy dzi\u0119ki kolorowym soczewkom kontaktowym BQeye Cocktail Green Hornet. Zam\u00f3w je ju\u017c dzi\u015b, aby wnie\u015b\u0107 odrobin\u0119 szmaragdowego koloru do ka\u017cdego spotkania, tak brz\u0119cz\u0105cego i jasnego jak kultowy koktajl.<\/p>","protected":false},"excerpt":{"rendered":"<p>Buzz into the cocktail hour with a vibrant pop of color from BQeye&#8217;s Cocktail Green Hornet colored contact lenses. Taking cues from the crisp green hue of the eponymous tipple, these contacts infuse eyes with an energetic emerald shade. Whether playing up natural tones or opting for an electrifying transformation, Green Hornet wraps eyes in [&#8230;]\n","protected":false},"featured_media":801,"comment_status":"open","ping_status":"closed","template":"","meta":[],"product_brand":[],"product_cat":[137,91,77,96,98],"product_tag":[],"class_list":{"0":"post-794","1":"product","2":"type-product","3":"status-publish","4":"has-post-thumbnail","6":"product_cat-cocktail","7":"product_cat-14-2-mm","8":"product_cat-green-contact-lenses","9":"product_cat-non-prescription","10":"product_cat-yearly-disposable","12":"first","13":"instock","14":"sale","15":"shipping-taxable","16":"purchasable","17":"product-type-variable","18":"has-default-attributes"},"_links":{"self":[{"href":"https:\/\/bqeye.com\/pl\/wp-json\/wp\/v2\/product\/794","targetHints":{"allow":["GET"]}}],"collection":[{"href":"https:\/\/bqeye.com\/pl\/wp-json\/wp\/v2\/product"}],"about":[{"href":"https:\/\/bqeye.com\/pl\/wp-json\/wp\/v2\/types\/product"}],"replies":[{"embeddable":true,"href":"https:\/\/bqeye.com\/pl\/wp-json\/wp\/v2\/comments?post=794"}],"wp:featuredmedia":[{"embeddable":true,"href":"https:\/\/bqeye.com\/pl\/wp-json\/wp\/v2\/media\/801"}],"wp:attachment":[{"href":"https:\/\/bqeye.com\/pl\/wp-json\/wp\/v2\/media?parent=794"}],"wp:term":[{"taxonomy":"product_brand","embeddable":true,"href":"https:\/\/bqeye.com\/pl\/wp-json\/wp\/v2\/product_brand?post=794"},{"taxonomy":"product_cat","embeddable":true,"href":"https:\/\/bqeye.com\/pl\/wp-json\/wp\/v2\/product_cat?post=794"},{"taxonomy":"product_tag","embeddable":true,"href":"https:\/\/bqeye.com\/pl\/wp-json\/wp\/v2\/product_tag?post=794"}],"curies":[{"name":"wp","href":"https:\/\/api.w.org\/{rel}","templated":true}]}}