{"id":803,"date":"2023-09-11T14:57:59","date_gmt":"2023-09-11T14:57:59","guid":{"rendered":"https:\/\/bqeye.com\/?post_type=product&#038;p=803"},"modified":"2024-04-18T02:22:36","modified_gmt":"2024-04-18T02:22:36","slug":"bqeye-dna-taylor-purple-colored-contact-lenses","status":"publish","type":"product","link":"https:\/\/bqeye.com\/pl\/bqeye-dna-taylor-purple-colored-contact-lenses\/","title":{"rendered":"Fioletowe soczewki kontaktowe BQeye DNA Taylor"},"content":{"rendered":"<div>Kr\u00f3lewskie odcienie dzi\u0119ki kolorowym soczewkom kontaktowym BQeye DNA Taylor Purple.<\/div>\n<div><\/div>\n<div>Zainspirowane hipnotyzuj\u0105c\u0105 palet\u0105 lawendowych cieni do powiek Pat McGrath, to przykuwaj\u0105ce uwag\u0119 fioletowe spojrzenie uwodzi arystokratycznym smakiem. Niezale\u017cnie od tego, czy stawiasz na naturalne odcienie, czy na przyci\u0105gaj\u0105cy wzrok kr\u00f3lewski makija\u017c, DNA Taylor Purple wie\u0144czy oczy spojrzeniem odpowiednim na presti\u017cowe czerwone dywany.<\/div>\n<div><\/div>\n<div>Kolorowe soczewki kontaktowe wykonane z nawil\u017canego materia\u0142u HEMA utrzymuj\u0105 niestandardowy kolor przez ca\u0142\u0105 dob\u0119 w komfortowych warunkach. Ich rewolucyjna formu\u0142a chroni r\u00f3wnie\u017c oczy przed szkodliwym dzia\u0142aniem \u015brodowiska, pozwalaj\u0105c kr\u00f3lowa\u0107 mistyce.<\/div>\n<div><\/div>\n<div>Podczas test\u00f3w rynkowych wielbiciele nazwali nowe \"majestatyczne fioletowe\" spojrzenie niczym innym jak \"dzie\u0142ami sztuki\". U\u017cytkownicy m\u00f3wili o poczuciu ogromnej mocy - tak ekstrawagancko urzekaj\u0105cym, jak legendarny wygl\u0105d kultowego artysty.<\/div>\n<div><\/div>\n<div>Rz\u0105d\u017a wybiegami i czerwonymi dywanami dzi\u0119ki kolorowym soczewkom kontaktowym BQeye DNA Taylor Purple. Poddaj najbardziej ekskluzywne kr\u0119gi Hollywood hipnotycznemu zakl\u0119ciu fioletu dzi\u0119ki kolorom tak \u015bwietlistym, jak luksusowym. Z\u0142\u00f3\u017c zam\u00f3wienie ju\u017c teraz, aby zrobi\u0107 wielkie wej\u015bcie na ka\u017cdej imprezie, nadaj\u0105c si\u0119 do najbardziej presti\u017cowych purpurowych rz\u0105d\u00f3w na \u015bwiecie.<\/div>","protected":false},"excerpt":{"rendered":"<p>Channel royal tones with BQeye&#8217;s DNA Taylor Purple colored contact lenses. Inspired by makeup artist Pat McGrath&#8217;s hypnotic lavender eyeshadow palette, this arresting violet gaze seduces with aristocratic flavor. Whether playing up natural tones or opting for eye-catching royalty, DNA Taylor Purple crowns eyes with a look fit for prestigious red carpets. Crafted from moisture-infused [&#8230;]\n","protected":false},"featured_media":813,"comment_status":"open","ping_status":"closed","template":"","meta":[],"product_brand":[],"product_cat":[178,91,96,82,98],"product_tag":[],"class_list":{"0":"post-803","1":"product","2":"type-product","3":"status-publish","4":"has-post-thumbnail","6":"product_cat-dna-taylor","7":"product_cat-14-2-mm","8":"product_cat-non-prescription","9":"product_cat-purple-contact-lenses","10":"product_cat-yearly-disposable","12":"first","13":"instock","14":"sale","15":"shipping-taxable","16":"purchasable","17":"product-type-variable","18":"has-default-attributes"},"_links":{"self":[{"href":"https:\/\/bqeye.com\/pl\/wp-json\/wp\/v2\/product\/803","targetHints":{"allow":["GET"]}}],"collection":[{"href":"https:\/\/bqeye.com\/pl\/wp-json\/wp\/v2\/product"}],"about":[{"href":"https:\/\/bqeye.com\/pl\/wp-json\/wp\/v2\/types\/product"}],"replies":[{"embeddable":true,"href":"https:\/\/bqeye.com\/pl\/wp-json\/wp\/v2\/comments?post=803"}],"wp:featuredmedia":[{"embeddable":true,"href":"https:\/\/bqeye.com\/pl\/wp-json\/wp\/v2\/media\/813"}],"wp:attachment":[{"href":"https:\/\/bqeye.com\/pl\/wp-json\/wp\/v2\/media?parent=803"}],"wp:term":[{"taxonomy":"product_brand","embeddable":true,"href":"https:\/\/bqeye.com\/pl\/wp-json\/wp\/v2\/product_brand?post=803"},{"taxonomy":"product_cat","embeddable":true,"href":"https:\/\/bqeye.com\/pl\/wp-json\/wp\/v2\/product_cat?post=803"},{"taxonomy":"product_tag","embeddable":true,"href":"https:\/\/bqeye.com\/pl\/wp-json\/wp\/v2\/product_tag?post=803"}],"curies":[{"name":"wp","href":"https:\/\/api.w.org\/{rel}","templated":true}]}}