{"id":814,"date":"2023-09-11T15:19:13","date_gmt":"2023-09-11T15:19:13","guid":{"rendered":"https:\/\/bqeye.com\/?post_type=product&#038;p=814"},"modified":"2024-04-18T02:22:32","modified_gmt":"2024-04-18T02:22:32","slug":"bqeye-dna-taylor-green-colored-contact-lenses","status":"publish","type":"product","link":"https:\/\/bqeye.com\/pl\/bqeye-dna-taylor-green-colored-contact-lenses\/","title":{"rendered":"Kolorowe soczewki kontaktowe BQeye DNA Taylor Green"},"content":{"rendered":"<p>Stw\u00f3rz swoj\u0105 wewn\u0119trzn\u0105 kr\u00f3low\u0105 z bajki dzi\u0119ki kolorowym soczewkom kontaktowym BQeye DNA Taylor Green.<\/p>\n<p>Zainspirowany mistycznym, szmaragdowym cieniem do powiek Pat McGrath, ten przykuwaj\u0105cy wzrok zielony odcie\u0144 wie\u0144czy oczy promiennym, kr\u00f3lewskim czarem. Niezale\u017cnie od tego, czy akcentujesz naturalne odcienie, czy decydujesz si\u0119 na czaruj\u0105c\u0105 transformacj\u0119, DNA Taylor Green otula oczy spojrzeniem prosto z bogatych stron legendy.<\/p>\n<p>Wykonane z nawil\u017conego materia\u0142u HEMA, soczewki utrzymuj\u0105 \u017cywy kolor przez ca\u0142\u0105 dob\u0119, zapewniaj\u0105c komfortowy luksus. Ich rewolucyjna formu\u0142a chroni r\u00f3wnie\u017c oczy przed szkodliwym wp\u0142ywem \u015brodowiska, pozwalaj\u0105c oczarowa\u0107 swobod\u0119.<\/p>\n<p>Podczas test\u00f3w produktu, wielbiciele uznali, \u017ce nowe spojrzenie \"Spellbinding green\" jest niczym innym, jak magi\u0105 sam\u0105 w sobie. U\u017cytkownicy czuli si\u0119 majestatycznie urzekaj\u0105cy - tak ekstrawagancko urzekaj\u0105cy, jak o\u017cywione fantazje kultowego wiza\u017cysty.<\/p>\n<p>Rz\u0105d\u017a swoj\u0105 bajkow\u0105 domen\u0105 dzi\u0119ki kolorowym soczewkom kontaktowym BQeye DNA Taylor Green. Wprowad\u017a najbardziej ekskluzywne wieczory w Hollywood pod sw\u00f3j urok dzi\u0119ki kolorom tak magicznym, jak arcydzie\u0142a Pata McGratha. Z\u0142\u00f3\u017c zam\u00f3wienie ju\u017c teraz, aby zdzia\u0142a\u0107 cuda na ka\u017cdym spotkaniu, pasuj\u0105c do najbardziej zielonych marze\u0144 rodziny kr\u00f3lewskiej.<\/p>","protected":false},"excerpt":{"rendered":"<p>Channel your inner fairytale queen with BQeye&#8217;s DNA Taylor Green colored contact lenses. Inspired by Pat McGrath&#8217;s mystical emerald eyeshadow look, this arresting green gaze crowns eyes with a radiant, regal spell. Whether accentuating natural hues or opting for an entrancing transformation, DNA Taylor Green wraps eyes in a look straight from legend&#8217;s lavish pages. [&#8230;]\n","protected":false},"featured_media":820,"comment_status":"open","ping_status":"closed","template":"","meta":[],"product_brand":[],"product_cat":[178,91,77,96,98],"product_tag":[],"class_list":{"0":"post-814","1":"product","2":"type-product","3":"status-publish","4":"has-post-thumbnail","6":"product_cat-dna-taylor","7":"product_cat-14-2-mm","8":"product_cat-green-contact-lenses","9":"product_cat-non-prescription","10":"product_cat-yearly-disposable","12":"first","13":"instock","14":"sale","15":"shipping-taxable","16":"purchasable","17":"product-type-variable","18":"has-default-attributes"},"_links":{"self":[{"href":"https:\/\/bqeye.com\/pl\/wp-json\/wp\/v2\/product\/814","targetHints":{"allow":["GET"]}}],"collection":[{"href":"https:\/\/bqeye.com\/pl\/wp-json\/wp\/v2\/product"}],"about":[{"href":"https:\/\/bqeye.com\/pl\/wp-json\/wp\/v2\/types\/product"}],"replies":[{"embeddable":true,"href":"https:\/\/bqeye.com\/pl\/wp-json\/wp\/v2\/comments?post=814"}],"wp:featuredmedia":[{"embeddable":true,"href":"https:\/\/bqeye.com\/pl\/wp-json\/wp\/v2\/media\/820"}],"wp:attachment":[{"href":"https:\/\/bqeye.com\/pl\/wp-json\/wp\/v2\/media?parent=814"}],"wp:term":[{"taxonomy":"product_brand","embeddable":true,"href":"https:\/\/bqeye.com\/pl\/wp-json\/wp\/v2\/product_brand?post=814"},{"taxonomy":"product_cat","embeddable":true,"href":"https:\/\/bqeye.com\/pl\/wp-json\/wp\/v2\/product_cat?post=814"},{"taxonomy":"product_tag","embeddable":true,"href":"https:\/\/bqeye.com\/pl\/wp-json\/wp\/v2\/product_tag?post=814"}],"curies":[{"name":"wp","href":"https:\/\/api.w.org\/{rel}","templated":true}]}}