{"id":822,"date":"2023-09-11T15:34:00","date_gmt":"2023-09-11T15:34:00","guid":{"rendered":"https:\/\/bqeye.com\/?post_type=product&#038;p=822"},"modified":"2024-04-18T02:22:29","modified_gmt":"2024-04-18T02:22:29","slug":"bqeye-dna-taylor-grey-colored-contact-lenses","status":"publish","type":"product","link":"https:\/\/bqeye.com\/pl\/bqeye-dna-taylor-grey-colored-contact-lenses\/","title":{"rendered":"Kolorowe soczewki kontaktowe BQeye DNA Taylor Grey"},"content":{"rendered":"<p>Poka\u017c swoj\u0105 wewn\u0119trzn\u0105 supernow\u0105 dzi\u0119ki kolorowym soczewkom kontaktowym BQeye DNA Taylor Grey.<\/p>\n<p>Zainspirowany hipnotyzuj\u0105cym makija\u017cem przydymionych oczu Pat McGrath, ten hipnotyzuj\u0105cy szary odcie\u0144 przekszta\u0142ca oczy w fascynuj\u0105ce cia\u0142a niebieskie. Niezale\u017cnie od tego, czy grasz neutralnymi tonami, czy stawiasz na mistycyzm, DNA Taylor Grey otula oczy intryguj\u0105cym, ciemnym, ale ol\u015bniewaj\u0105cym spojrzeniem.<\/p>\n<p>Wykonane z bogatego w wilgo\u0107 \u017celu HydroPulse, soczewki utrzymuj\u0105 urzekaj\u0105cy kolor przez ca\u0142\u0105 dob\u0119, zapewniaj\u0105c komfort zbli\u017cony do sk\u00f3ry. Ich innowacyjna formu\u0142a chroni r\u00f3wnie\u017c oczy przed stresem \u015brodowiskowym, dzi\u0119ki czemu mistyka kr\u00f3luje przez ca\u0142y dzie\u0144 i noc.<\/p>\n<p>Podczas test\u00f3w wielbiciele uznali nowe \"mesmeryczne rt\u0119ciowe\" spojrzenie za nic innego jak \"dzie\u0142a sztuki kosmicznej\". Osoby je nosz\u0105ce wciela\u0142y si\u0119 w pulsary, czuj\u0105c si\u0119 pot\u0119\u017cnie uwodzicielskie - tak magnetycznie urzekaj\u0105ce, jak legendarne astronomiczne style kultowego artysty.<\/p>\n<p>Wykorzystaj przyci\u0105ganie grawitacyjne glamour dzi\u0119ki kolorowym soczewkom kontaktowym BQeye DNA Taylor Grey. Poddaj najbardziej wymagaj\u0105ce wieczory w Hollywood swojemu hipnotycznemu zakl\u0119ciu dzi\u0119ki kolorom tak roz\u015bwietlaj\u0105cym i enigmatycznym, jak same legendy. Z\u0142\u00f3\u017c zam\u00f3wienie, aby rzuci\u0107 nowy urok na ka\u017cd\u0105 okazj\u0119, odpowiedni\u0105 na najbardziej osza\u0142amiaj\u0105ce panowanie w kosmosie.<\/p>","protected":false},"excerpt":{"rendered":"<p>Channel your inner supernova with BQeye&#8217;s DNA Taylor Grey colored contact lenses. Inspired by Pat McGrath&#8217;s mesmerizing smoky eye looks, this hypnotic grey gaze transforms eyes into fascinating celestial bodies. Whether playing up neutral tones or opting for mystique, DNA Taylor Grey wraps eyes in intrigue dark yet dazzling. Crafted from moisture-rich HydroPulse gel, the [&#8230;]\n","protected":false},"featured_media":828,"comment_status":"open","ping_status":"closed","template":"","meta":[],"product_brand":[],"product_cat":[178,91,81,96,98],"product_tag":[],"class_list":{"0":"post-822","1":"product","2":"type-product","3":"status-publish","4":"has-post-thumbnail","6":"product_cat-dna-taylor","7":"product_cat-14-2-mm","8":"product_cat-grey-contact-lenses","9":"product_cat-non-prescription","10":"product_cat-yearly-disposable","12":"first","13":"instock","14":"sale","15":"shipping-taxable","16":"purchasable","17":"product-type-variable","18":"has-default-attributes"},"_links":{"self":[{"href":"https:\/\/bqeye.com\/pl\/wp-json\/wp\/v2\/product\/822","targetHints":{"allow":["GET"]}}],"collection":[{"href":"https:\/\/bqeye.com\/pl\/wp-json\/wp\/v2\/product"}],"about":[{"href":"https:\/\/bqeye.com\/pl\/wp-json\/wp\/v2\/types\/product"}],"replies":[{"embeddable":true,"href":"https:\/\/bqeye.com\/pl\/wp-json\/wp\/v2\/comments?post=822"}],"wp:featuredmedia":[{"embeddable":true,"href":"https:\/\/bqeye.com\/pl\/wp-json\/wp\/v2\/media\/828"}],"wp:attachment":[{"href":"https:\/\/bqeye.com\/pl\/wp-json\/wp\/v2\/media?parent=822"}],"wp:term":[{"taxonomy":"product_brand","embeddable":true,"href":"https:\/\/bqeye.com\/pl\/wp-json\/wp\/v2\/product_brand?post=822"},{"taxonomy":"product_cat","embeddable":true,"href":"https:\/\/bqeye.com\/pl\/wp-json\/wp\/v2\/product_cat?post=822"},{"taxonomy":"product_tag","embeddable":true,"href":"https:\/\/bqeye.com\/pl\/wp-json\/wp\/v2\/product_tag?post=822"}],"curies":[{"name":"wp","href":"https:\/\/api.w.org\/{rel}","templated":true}]}}