{"id":830,"date":"2023-09-11T15:45:31","date_gmt":"2023-09-11T15:45:31","guid":{"rendered":"https:\/\/bqeye.com\/?post_type=product&#038;p=830"},"modified":"2024-04-18T02:22:26","modified_gmt":"2024-04-18T02:22:26","slug":"bqeye-dna-taylor-brown-colored-contact-lenses","status":"publish","type":"product","link":"https:\/\/bqeye.com\/pl\/bqeye-dna-taylor-brown-colored-contact-lenses\/","title":{"rendered":"Kolorowe soczewki kontaktowe BQeye DNA Taylor Brown"},"content":{"rendered":"<p>Kolorowe soczewki kontaktowe BQeye DNA Taylor Brown to mistyczny wygl\u0105d bez wysi\u0142ku.<\/p>\n<p>Zainspirowany wyrafinowanym makija\u017cem smokey eye Pat McGrath, ten uwodzicielski, bogaty br\u0105z otula oczy zmys\u0142ow\u0105 intryg\u0105. Niezale\u017cnie od tego, czy podkre\u015bla naturaln\u0105 g\u0142\u0119bi\u0119, czy wzmacnia hipnotyczny urok, DNA Taylor Brown otula oczy uwodzicielskim urokiem, kt\u00f3ry szepcze niewypowiedziane sekrety.<\/p>\n<p>Wykonane z odprowadzaj\u0105cego wilgo\u0107 materia\u0142u BioCore, soczewki utrzymuj\u0105 hipnotyzuj\u0105ce pigmenty z niezauwa\u017calnym komfortem. Ich najnowocze\u015bniejsza formu\u0142a chroni r\u00f3wnie\u017c oczy przez d\u0142ugie noce, pozwalaj\u0105c tajemniczo\u015bci utrzyma\u0107 si\u0119 po zmroku.<\/p>\n<p>Podczas test\u00f3w wielbiciele stwierdzili, \u017ce nowe \"godne pozazdroszczenia ziemiste\" spojrzenie jest po prostu niezwykle kusz\u0105ce. Osoby je nosz\u0105ce wciela\u0142y si\u0119 w miejskie legendy, czuj\u0105c si\u0119 wysublimowanie urzekaj\u0105ce - tak magnetycznie tajemnicze, jak undergroundowe style legendarnego artysty.<\/p>\n<p>Rzucaj hipnotyzuj\u0105ce zakl\u0119cia dzi\u0119ki kolorowym soczewkom kontaktowym BQeye DNA Taylor Brown. Przynie\u015b ukryte demimonde do \u015bwietlistego skupienia dzi\u0119ki kolorom, kt\u00f3re intryguj\u0105 bogactwem niewypowiedzianych wyrafinowa\u0144, kt\u00f3re jeszcze nie zosta\u0142y ujawnione. Z\u0142\u00f3\u017c zam\u00f3wienie, aby rzuca\u0107 mistyczne uroki po zako\u0144czeniu dnia.<\/p>","protected":false},"excerpt":{"rendered":"<p>Channel effortless mystique with BQeye&#8217;s DNA Taylor Brown colored contact lenses. Inspired by Pat McGrath&#8217;s sophisticated smokey eye looks, this seductive rich brown gaze cloaks eyes in sensual intrigue. Whether emphasizing natural depths or amplifying hypnotic appeal, DNA Taylor Brown wraps eyes in alluring allure that whispers unspoken secrets. Crafted from moisture-lensing BioCore material, the [&#8230;]\n","protected":false},"featured_media":836,"comment_status":"open","ping_status":"closed","template":"","meta":[],"product_brand":[],"product_cat":[178,91,80,96,98],"product_tag":[],"class_list":{"0":"post-830","1":"product","2":"type-product","3":"status-publish","4":"has-post-thumbnail","6":"product_cat-dna-taylor","7":"product_cat-14-2-mm","8":"product_cat-brown-contact-lenses","9":"product_cat-non-prescription","10":"product_cat-yearly-disposable","12":"first","13":"instock","14":"sale","15":"shipping-taxable","16":"purchasable","17":"product-type-variable","18":"has-default-attributes"},"_links":{"self":[{"href":"https:\/\/bqeye.com\/pl\/wp-json\/wp\/v2\/product\/830","targetHints":{"allow":["GET"]}}],"collection":[{"href":"https:\/\/bqeye.com\/pl\/wp-json\/wp\/v2\/product"}],"about":[{"href":"https:\/\/bqeye.com\/pl\/wp-json\/wp\/v2\/types\/product"}],"replies":[{"embeddable":true,"href":"https:\/\/bqeye.com\/pl\/wp-json\/wp\/v2\/comments?post=830"}],"wp:featuredmedia":[{"embeddable":true,"href":"https:\/\/bqeye.com\/pl\/wp-json\/wp\/v2\/media\/836"}],"wp:attachment":[{"href":"https:\/\/bqeye.com\/pl\/wp-json\/wp\/v2\/media?parent=830"}],"wp:term":[{"taxonomy":"product_brand","embeddable":true,"href":"https:\/\/bqeye.com\/pl\/wp-json\/wp\/v2\/product_brand?post=830"},{"taxonomy":"product_cat","embeddable":true,"href":"https:\/\/bqeye.com\/pl\/wp-json\/wp\/v2\/product_cat?post=830"},{"taxonomy":"product_tag","embeddable":true,"href":"https:\/\/bqeye.com\/pl\/wp-json\/wp\/v2\/product_tag?post=830"}],"curies":[{"name":"wp","href":"https:\/\/api.w.org\/{rel}","templated":true}]}}