{"id":850,"date":"2023-09-12T02:48:48","date_gmt":"2023-09-12T02:48:48","guid":{"rendered":"https:\/\/bqeye.com\/?post_type=product&#038;p=850"},"modified":"2024-04-18T02:22:22","modified_gmt":"2024-04-18T02:22:22","slug":"bqeye-trinity-grey-colored-contact-lenses","status":"publish","type":"product","link":"https:\/\/bqeye.com\/pl\/bqeye-trinity-grey-colored-contact-lenses\/","title":{"rendered":"Kolorowe soczewki kontaktowe BQeye Trinity Grey"},"content":{"rendered":"<p>Wszechstronne soczewki kontaktowe BQeye Trinity w kolorze szarym.<\/p>\n<p>Zainspirowany tr\u00f3jwymiarowymi szaro\u015bciami z odwa\u017cnych palet cieni do powiek Pat McGrath, ten hipnotyzuj\u0105cy ch\u0142odny odcie\u0144 przekszta\u0142ca oczy w pryzmaty mo\u017cliwo\u015bci. Niezale\u017cnie od tego, czy chodzi o subteln\u0105 neutralno\u015b\u0107, czy o odblokowanie \u015bmia\u0142ej dynamiki, Trinity Grey otula oczy wielowymiarow\u0105 intryg\u0105.<\/p>\n<p>Wykonane z refrakcyjnego \u017celu HydroFlex, soczewki utrzymuj\u0105 pryzmatyczne interakcje kolor\u00f3w z niezauwa\u017calnym komfortem. Ich zaawansowana formu\u0142a chroni r\u00f3wnie\u017c oczy podczas transformacji, pozwalaj\u0105c mistyce ewoluowa\u0107 bez ogranicze\u0144.<\/p>\n<p>Podczas test\u00f3w rynkowych wielbiciele opisywali oczy Trinity Grey jako \"wizualne sonety\", kt\u00f3re odblokowywa\u0142y wcze\u015bniej niewidoczne g\u0142\u0119bie z ka\u017cdym spojrzeniem. Osoby je nosz\u0105ce by\u0142y niczym pryzmaty, czuj\u0105c si\u0119 tw\u00f3rczo nieograniczone - tak wieloaspektowo urzekaj\u0105ce, jak kultowy artysta przesuwaj\u0105cy granice.<\/p>\n<p>Odkryj nowe wymiary wyra\u017cania siebie dzi\u0119ki kolorowym soczewkom kontaktowym BQeye Trinity Grey. Wyostrz pryzmatyczne perspektywy dzi\u0119ki kolorom, kt\u00f3re intryguj\u0105 warstwow\u0105 z\u0142o\u017cono\u015bci\u0105 nieko\u0144cz\u0105cego si\u0119 pi\u0119kna w nowej ods\u0142onie. Z\u0142\u00f3\u017c zam\u00f3wienie, aby za\u0142ama\u0107 oryginalne zakl\u0119cia.<\/p>","protected":false},"excerpt":{"rendered":"<p>Channel cool versatility with BQeye&#8217;s Trinity Grey Colored Contact Lenses. Inspired by the three dimensional greys featured in Pat McGrath&#8217;s daring eyeshadow palettes, this mesmerizing cool undertone transforms eyes into prisms of possibility. Whether tapping subtle neutrality or unlocking daring dynamics, Trinity Grey wraps eyes in multifaceted intrigue. Crafted from refractive HydroFlex gel, the lenses [&#8230;]\n","protected":false},"featured_media":857,"comment_status":"open","ping_status":"closed","template":"","meta":[],"product_brand":[],"product_cat":[159,91,81,96,98],"product_tag":[],"class_list":{"0":"post-850","1":"product","2":"type-product","3":"status-publish","4":"has-post-thumbnail","6":"product_cat-trinity","7":"product_cat-14-2-mm","8":"product_cat-grey-contact-lenses","9":"product_cat-non-prescription","10":"product_cat-yearly-disposable","12":"first","13":"instock","14":"sale","15":"shipping-taxable","16":"purchasable","17":"product-type-variable","18":"has-default-attributes"},"_links":{"self":[{"href":"https:\/\/bqeye.com\/pl\/wp-json\/wp\/v2\/product\/850","targetHints":{"allow":["GET"]}}],"collection":[{"href":"https:\/\/bqeye.com\/pl\/wp-json\/wp\/v2\/product"}],"about":[{"href":"https:\/\/bqeye.com\/pl\/wp-json\/wp\/v2\/types\/product"}],"replies":[{"embeddable":true,"href":"https:\/\/bqeye.com\/pl\/wp-json\/wp\/v2\/comments?post=850"}],"wp:featuredmedia":[{"embeddable":true,"href":"https:\/\/bqeye.com\/pl\/wp-json\/wp\/v2\/media\/857"}],"wp:attachment":[{"href":"https:\/\/bqeye.com\/pl\/wp-json\/wp\/v2\/media?parent=850"}],"wp:term":[{"taxonomy":"product_brand","embeddable":true,"href":"https:\/\/bqeye.com\/pl\/wp-json\/wp\/v2\/product_brand?post=850"},{"taxonomy":"product_cat","embeddable":true,"href":"https:\/\/bqeye.com\/pl\/wp-json\/wp\/v2\/product_cat?post=850"},{"taxonomy":"product_tag","embeddable":true,"href":"https:\/\/bqeye.com\/pl\/wp-json\/wp\/v2\/product_tag?post=850"}],"curies":[{"name":"wp","href":"https:\/\/api.w.org\/{rel}","templated":true}]}}