{"id":859,"date":"2023-09-12T03:31:44","date_gmt":"2023-09-12T03:31:44","guid":{"rendered":"https:\/\/bqeye.com\/?post_type=product&#038;p=859"},"modified":"2024-04-18T02:22:19","modified_gmt":"2024-04-18T02:22:19","slug":"bqeye-trinity-green-colored-contact-lenses","status":"publish","type":"product","link":"https:\/\/bqeye.com\/pl\/bqeye-trinity-green-colored-contact-lenses\/","title":{"rendered":"Kolorowe soczewki kontaktowe BQeye Trinity Green"},"content":{"rendered":"<p>Zachwy\u0107 si\u0119 bujn\u0105 wszechstronno\u015bci\u0105 natury dzi\u0119ki kolorowym soczewkom kontaktowym BQeye Trinity Green.<\/p>\n<p>Ten hipnotyzuj\u0105cy odcie\u0144, zainspirowany wielowymiarowymi zieleniami z inspirowanych botanik\u0105 palet Pat McGrath, przekszta\u0142ca oczy w pryzmaty zielonego ogromu. Niezale\u017cnie od tego, czy wykorzystuje subtelne nuty li\u015bciaste, czy uwalnia \u017cyw\u0105 dynamik\u0119, Trinity Green otula oczy gobelinami mo\u017cliwo\u015bci.<\/p>\n<p>Wykonane z hydro-interaktywnego \u017celu HydroFlex, soczewki utrzymuj\u0105 zmieniaj\u0105c\u0105 si\u0119 szmaragdow\u0105 intensywno\u015b\u0107 z adaptacyjnym komfortem. Ich pionierska formu\u0142a chroni r\u00f3wnie\u017c oczy podczas transformacji, pozwalaj\u0105c mistyce swobodnie si\u0119 rozwija\u0107.<\/p>\n<p>Podczas test\u00f3w rynkowych wielbiciele opisywali oczy Trinity Green jako \"kwitn\u0105ce lasy\", kt\u00f3re z ka\u017cdym spojrzeniem uwalnia\u0142y wcze\u015bniej niewidoczne \u017cycie. Osoby je nosz\u0105ce wciela\u0142y si\u0119 w le\u015bne nimfy, czuj\u0105c si\u0119 organicznie nieskr\u0119powane - tak r\u00f3\u017cnorodnie urzekaj\u0105ce, jak kultowe spojrzenia artysty, kt\u00f3re celebruj\u0105 nieograniczone tajemnice natury.<\/p>\n<p>Odkryj nowe granice wyra\u017cania siebie dzi\u0119ki kolorowym soczewkom kontaktowym BQeye Trinity Green. Przybli\u017c pryzmatyczne perspektywy \u015bwiata przyrody dzi\u0119ki kolorom, kt\u00f3re intryguj\u0105 bujn\u0105, wielowarstwow\u0105 energi\u0105 nieustannego przebudzenia. Z\u0142\u00f3\u017c zam\u00f3wienie, aby za\u0142ama\u0107 wizje organicznego zachwytu.<\/p>","protected":false},"excerpt":{"rendered":"<p>Channel the lush versatility of nature with BQeye&#8217;s Trinity Green colored contact lenses. Inspired by the multidimensional greens featured in Pat McGrath&#8217;s botanical-inspired palettes, this mesmerizing undertone transforms eyes into prisms of the verdant vastness. Whether tapping subtle leafy notes or unleashing vibrant dynamics, Trinity Green wraps eyes in tapestries of possibilities. Crafted from hydro-interactive [&#8230;]\n","protected":false},"featured_media":867,"comment_status":"open","ping_status":"closed","template":"","meta":[],"product_brand":[],"product_cat":[159,91,77,96,98],"product_tag":[],"class_list":{"0":"post-859","1":"product","2":"type-product","3":"status-publish","4":"has-post-thumbnail","6":"product_cat-trinity","7":"product_cat-14-2-mm","8":"product_cat-green-contact-lenses","9":"product_cat-non-prescription","10":"product_cat-yearly-disposable","12":"first","13":"instock","14":"sale","15":"shipping-taxable","16":"purchasable","17":"product-type-variable","18":"has-default-attributes"},"_links":{"self":[{"href":"https:\/\/bqeye.com\/pl\/wp-json\/wp\/v2\/product\/859","targetHints":{"allow":["GET"]}}],"collection":[{"href":"https:\/\/bqeye.com\/pl\/wp-json\/wp\/v2\/product"}],"about":[{"href":"https:\/\/bqeye.com\/pl\/wp-json\/wp\/v2\/types\/product"}],"replies":[{"embeddable":true,"href":"https:\/\/bqeye.com\/pl\/wp-json\/wp\/v2\/comments?post=859"}],"wp:featuredmedia":[{"embeddable":true,"href":"https:\/\/bqeye.com\/pl\/wp-json\/wp\/v2\/media\/867"}],"wp:attachment":[{"href":"https:\/\/bqeye.com\/pl\/wp-json\/wp\/v2\/media?parent=859"}],"wp:term":[{"taxonomy":"product_brand","embeddable":true,"href":"https:\/\/bqeye.com\/pl\/wp-json\/wp\/v2\/product_brand?post=859"},{"taxonomy":"product_cat","embeddable":true,"href":"https:\/\/bqeye.com\/pl\/wp-json\/wp\/v2\/product_cat?post=859"},{"taxonomy":"product_tag","embeddable":true,"href":"https:\/\/bqeye.com\/pl\/wp-json\/wp\/v2\/product_tag?post=859"}],"curies":[{"name":"wp","href":"https:\/\/api.w.org\/{rel}","templated":true}]}}