{"id":868,"date":"2023-09-12T03:56:48","date_gmt":"2023-09-12T03:56:48","guid":{"rendered":"https:\/\/bqeye.com\/?post_type=product&#038;p=868"},"modified":"2024-04-18T02:22:15","modified_gmt":"2024-04-18T02:22:15","slug":"bqeye-trinity-brown-colored-contact-lenses","status":"publish","type":"product","link":"https:\/\/bqeye.com\/pl\/bqeye-trinity-brown-colored-contact-lenses\/","title":{"rendered":"Kolorowe soczewki kontaktowe BQeye Trinity Brown"},"content":{"rendered":"<p>Poczuj g\u0142\u0119bi\u0119 i bogactwo ziemi dzi\u0119ki kolorowym soczewkom kontaktowym BQeye Trinity Brown.<\/p>\n<p>Zainspirowany wielowymiarowymi br\u0105zami z urzekaj\u0105cych palet Pat McGrath, ten hipnotyzuj\u0105cy odcie\u0144 przekszta\u0142ca oczy w pryzmaty dotykowej intrygi. Niezale\u017cnie od tego, czy chodzi o subtelne odcienie, czy o luksusowy dynamizm, Trinity Brown otula oczy wystawnymi teksturami odkry\u0107.<\/p>\n<p>Wykonane z adaptacyjnego \u017celu HydroFlexXT, soczewki utrzymuj\u0105 zmieniaj\u0105c\u0105 si\u0119 intensywno\u015b\u0107 czekolady z niezauwa\u017calnym komfortem. Ich pionierska formu\u0142a chroni r\u00f3wnie\u017c oczy podczas transformacji, pozwalaj\u0105c mistyce swobodnie si\u0119 rozwija\u0107.<\/p>\n<p>Podczas test\u00f3w rynkowych wielbiciele opisywali oczy Trinity Brown jako \"bogate krajobrazy do odkrycia\", kt\u00f3re odblokowywa\u0142y wcze\u015bniej niewidoczne warstwy przy ka\u017cdym spojrzeniu. Osoby nosz\u0105ce oczy Trinity Brown czu\u0142y si\u0119 jak na mapach topograficznych, czuj\u0105c si\u0119 organicznie nieskr\u0119powane - tak r\u00f3\u017cnorodnie urzekaj\u0105ce, jak kultowe spojrzenia artysty, kt\u00f3re celebruj\u0105 zmys\u0142ow\u0105 g\u0142\u0119bi\u0119 sk\u00f3ry.<\/p>\n<p>Odkryj nowe wymiary wewn\u0119trznej tajemnicy i si\u0142y dzi\u0119ki kolorowym soczewkom kontaktowym BQeye Trinity Brown. Wyostrz pryzmatyczne perspektywy organicznej g\u0142\u0119bi dzi\u0119ki kolorom, kt\u00f3re intryguj\u0105 bujnymi, wielowymiarowymi energiami czekaj\u0105cymi w \u015brodku. Z\u0142\u00f3\u017c zam\u00f3wienie, aby za\u0142ama\u0107 wizje przebudzonych wspania\u0142ych sfer wewn\u0119trznych.<\/p>","protected":false},"excerpt":{"rendered":"<p>Channel the depth and richness of earth with BQeye&#8217;s Trinity Brown colored contact lenses. Inspired by the multidimensional browns featured in Pat McGrath&#8217;s captivating skin-focused palettes, this mesmerizing undertone transforms eyes into prisms of tactile intrigue. Whether tapping subtle undertones or unleashing luxe dynamism, Trinity Brown wraps eyes in sumptuous textures of discovery. Crafted from [&#8230;]\n","protected":false},"featured_media":876,"comment_status":"open","ping_status":"closed","template":"","meta":[],"product_brand":[],"product_cat":[159,91,80,96,98],"product_tag":[],"class_list":{"0":"post-868","1":"product","2":"type-product","3":"status-publish","4":"has-post-thumbnail","6":"product_cat-trinity","7":"product_cat-14-2-mm","8":"product_cat-brown-contact-lenses","9":"product_cat-non-prescription","10":"product_cat-yearly-disposable","12":"first","13":"instock","14":"sale","15":"shipping-taxable","16":"purchasable","17":"product-type-variable","18":"has-default-attributes"},"_links":{"self":[{"href":"https:\/\/bqeye.com\/pl\/wp-json\/wp\/v2\/product\/868","targetHints":{"allow":["GET"]}}],"collection":[{"href":"https:\/\/bqeye.com\/pl\/wp-json\/wp\/v2\/product"}],"about":[{"href":"https:\/\/bqeye.com\/pl\/wp-json\/wp\/v2\/types\/product"}],"replies":[{"embeddable":true,"href":"https:\/\/bqeye.com\/pl\/wp-json\/wp\/v2\/comments?post=868"}],"wp:featuredmedia":[{"embeddable":true,"href":"https:\/\/bqeye.com\/pl\/wp-json\/wp\/v2\/media\/876"}],"wp:attachment":[{"href":"https:\/\/bqeye.com\/pl\/wp-json\/wp\/v2\/media?parent=868"}],"wp:term":[{"taxonomy":"product_brand","embeddable":true,"href":"https:\/\/bqeye.com\/pl\/wp-json\/wp\/v2\/product_brand?post=868"},{"taxonomy":"product_cat","embeddable":true,"href":"https:\/\/bqeye.com\/pl\/wp-json\/wp\/v2\/product_cat?post=868"},{"taxonomy":"product_tag","embeddable":true,"href":"https:\/\/bqeye.com\/pl\/wp-json\/wp\/v2\/product_tag?post=868"}],"curies":[{"name":"wp","href":"https:\/\/api.w.org\/{rel}","templated":true}]}}