{"id":884,"date":"2023-09-12T06:52:53","date_gmt":"2023-09-12T06:52:53","guid":{"rendered":"https:\/\/bqeye.com\/?post_type=product&#038;p=884"},"modified":"2024-04-18T02:22:12","modified_gmt":"2024-04-18T02:22:12","slug":"bqeye-mystery-red-colored-contact-lenses","status":"publish","type":"product","link":"https:\/\/bqeye.com\/pl\/bqeye-mystery-red-colored-contact-lenses\/","title":{"rendered":"Kolorowe soczewki kontaktowe BQeye Mystery Red"},"content":{"rendered":"<p>Nasze najnowsze kolorowe soczewki kontaktowe zapewniaj\u0105 enigmatyczne szkar\u0142atne spojrzenie dzi\u0119ki pi\u0119knej mieszance szkar\u0142atnych i burgundowych odcieni. W przeciwie\u0144stwie do surowych podstawowych czerwieni, Mystery Red tworzy eleganck\u0105 intryg\u0119, kt\u00f3ra wzmacnia naturalne pi\u0119kno podczas noszenia tych kolorowych soczewek kontaktowych.<\/p>\n<p>Jako lider w dziedzinie kolorowych soczewek kontaktowych, BQeye po\u015bwi\u0119ca si\u0119 tworzeniu innowacyjnych soczewek, kt\u00f3re p\u0142ynnie \u0142\u0105cz\u0105 si\u0119 z kolorem oczu. Mystery Red subtelnie podkre\u015bla t\u0119cz\u00f3wk\u0119, zapewniaj\u0105c uderzaj\u0105cy, ale delikatny efekt. Nasza najnowocze\u015bniejsza formu\u0142a odprowadzania wilgoci zapobiega dyskomfortowi, dzi\u0119ki czemu mo\u017cesz cieszy\u0107 si\u0119 nowym, urzekaj\u0105cym wygl\u0105dem przez ca\u0142y dzie\u0144 dzi\u0119ki tym kolorowym soczewkom kontaktowym.<\/p>\n<p>Niezale\u017cnie od tego, czy chcesz uwolni\u0107 swoj\u0105 pewno\u015b\u0107 siebie, czy po prostu eksperymentowa\u0107 z nowymi stylami, kolorowe soczewki kontaktowe BQeye umo\u017cliwiaj\u0105 wyra\u017canie siebie. Mystery Red to najlepszy wyb\u00f3r dla os\u00f3b poszukuj\u0105cych nowego, intryguj\u0105cego odcienia. Podobnie jak w przypadku wszystkich naszych kolorowych soczewek kontaktowych, komfort jest kluczowy, wi\u0119c zauwa\u017cysz tylko komplementy!<\/p>\n<p>Odkryj magi\u0119 kontakt\u00f3w Mystery Red od BQeye. Pomogli\u015bmy niezliczonym klientom znale\u017a\u0107 idealne kolorowe soczewki kontaktowe, aby wydoby\u0107 ich naturalny blask. Ju\u017c dzi\u015b zapoznaj si\u0119 z naszym szerokim asortymentem wysokiej jako\u015bci kolorowych soczewek kontaktowych!<\/p>","protected":false},"excerpt":{"rendered":"<p>Our latest colored contact lenses capture an enigmatic crimson gaze through a beautiful blend of scarlet and burgundy hues. Unlike stark primary reds, Mystery Red creates an elegant intrigue that amplifies natural beauty when wearing these colored contacts. As a leader in colored contacts, BQeye is devoted to crafting innovative lenses that seamlessly blend with [&#8230;]\n","protected":false},"featured_media":893,"comment_status":"open","ping_status":"closed","template":"","meta":[],"product_brand":[],"product_cat":[216,92,96,78,98],"product_tag":[],"class_list":{"0":"post-884","1":"product","2":"type-product","3":"status-publish","4":"has-post-thumbnail","6":"product_cat-mystery","7":"product_cat-14-5-mm","8":"product_cat-non-prescription","9":"product_cat-red-contact-lenses","10":"product_cat-yearly-disposable","12":"first","13":"instock","14":"sale","15":"shipping-taxable","16":"purchasable","17":"product-type-variable","18":"has-default-attributes"},"_links":{"self":[{"href":"https:\/\/bqeye.com\/pl\/wp-json\/wp\/v2\/product\/884","targetHints":{"allow":["GET"]}}],"collection":[{"href":"https:\/\/bqeye.com\/pl\/wp-json\/wp\/v2\/product"}],"about":[{"href":"https:\/\/bqeye.com\/pl\/wp-json\/wp\/v2\/types\/product"}],"replies":[{"embeddable":true,"href":"https:\/\/bqeye.com\/pl\/wp-json\/wp\/v2\/comments?post=884"}],"wp:featuredmedia":[{"embeddable":true,"href":"https:\/\/bqeye.com\/pl\/wp-json\/wp\/v2\/media\/893"}],"wp:attachment":[{"href":"https:\/\/bqeye.com\/pl\/wp-json\/wp\/v2\/media?parent=884"}],"wp:term":[{"taxonomy":"product_brand","embeddable":true,"href":"https:\/\/bqeye.com\/pl\/wp-json\/wp\/v2\/product_brand?post=884"},{"taxonomy":"product_cat","embeddable":true,"href":"https:\/\/bqeye.com\/pl\/wp-json\/wp\/v2\/product_cat?post=884"},{"taxonomy":"product_tag","embeddable":true,"href":"https:\/\/bqeye.com\/pl\/wp-json\/wp\/v2\/product_tag?post=884"}],"curies":[{"name":"wp","href":"https:\/\/api.w.org\/{rel}","templated":true}]}}