{"id":894,"date":"2023-09-12T07:17:14","date_gmt":"2023-09-12T07:17:14","guid":{"rendered":"https:\/\/bqeye.com\/?post_type=product&#038;p=894"},"modified":"2024-04-18T02:22:09","modified_gmt":"2024-04-18T02:22:09","slug":"bqeye-mystery-brown-colored-contact-lenses","status":"publish","type":"product","link":"https:\/\/bqeye.com\/pl\/bqeye-mystery-brown-colored-contact-lenses\/","title":{"rendered":"Kolorowe soczewki kontaktowe BQeye Mystery Brown"},"content":{"rendered":"<div>Odkryj nowe, hipnotyzuj\u0105ce spojrzenie dzi\u0119ki soczewkom Mystery Brown od BQeye. Jako eksperci w dziedzinie kolorowych soczewek kontaktowych stworzyli\u015bmy ten bogaty w niuanse odcie\u0144, aby doda\u0107 intrygi ka\u017cdemu kolorowi oczu.<\/div>\n<div><\/div>\n<div>W odr\u00f3\u017cnieniu od typowych br\u0105zowych soczewek, Mystery Brown zawiera akcenty karmelu, mokki i espresso, zapewniaj\u0105c tajemniczy efekt. Subtelnie ociepla t\u0119cz\u00f3wk\u0119 z promiennymi odcieniami, kt\u00f3re sprawiaj\u0105, \u017ce widzowie zastanawiaj\u0105 si\u0119, o czym my\u015blisz. W przeciwie\u0144stwie do masek, te kolorowe soczewki podkre\u015blaj\u0105 Twoje naturalne pi\u0119kno.<\/div>\n<div><\/div>\n<div>Niezale\u017cnie od tego, czy prezentujesz odwa\u017cne style, czy b\u0142yszczysz bardziej subtelnie, Mystery Brown od BQeye to idealny odcie\u0144. Odkryj nowe oblicze siebie dzi\u0119ki naszym innowacyjnym kolorowym soczewkom kontaktowym. Poczuj si\u0119 silna i uwodzicielska - bez po\u015bwi\u0119cania wygody i przejrzysto\u015bci widzenia.<\/div>\n<div><\/div>\n<div>Odkryj, dlaczego BQeye pozostaje liderem w bran\u017cy wygodnych, wysokiej jako\u015bci kolorowych soczewek kontaktowych. Mystery Brown mo\u017ce by\u0107 Twoim nowym ulubionym sposobem na intrygowanie dzi\u0119ki subtelnej zmianie odcienia t\u0119cz\u00f3wki. Przejrzyj nasz\u0105 pe\u0142n\u0105 ofert\u0119 br\u0105zowych i kolorowych soczewek kontaktowych ju\u017c dzi\u015b!<\/div>","protected":false},"excerpt":{"rendered":"<p>Reveal a mesmerizing new gaze with Mystery Brown from BQeye. As experts in colored contact lenses, we&#8217;ve crafted this richly nuanced shade to add intrigue to any eye color. Different from typical brown lenses, Mystery Brown swirls caramel, mocha and espresso accents for a mystifying effect. It subtly warms your iris with radiant undertones that [&#8230;]\n","protected":false},"featured_media":902,"comment_status":"open","ping_status":"closed","template":"","meta":[],"product_brand":[],"product_cat":[216,92,80,96,98],"product_tag":[],"class_list":{"0":"post-894","1":"product","2":"type-product","3":"status-publish","4":"has-post-thumbnail","6":"product_cat-mystery","7":"product_cat-14-5-mm","8":"product_cat-brown-contact-lenses","9":"product_cat-non-prescription","10":"product_cat-yearly-disposable","12":"first","13":"instock","14":"sale","15":"shipping-taxable","16":"purchasable","17":"product-type-variable","18":"has-default-attributes"},"_links":{"self":[{"href":"https:\/\/bqeye.com\/pl\/wp-json\/wp\/v2\/product\/894","targetHints":{"allow":["GET"]}}],"collection":[{"href":"https:\/\/bqeye.com\/pl\/wp-json\/wp\/v2\/product"}],"about":[{"href":"https:\/\/bqeye.com\/pl\/wp-json\/wp\/v2\/types\/product"}],"replies":[{"embeddable":true,"href":"https:\/\/bqeye.com\/pl\/wp-json\/wp\/v2\/comments?post=894"}],"wp:featuredmedia":[{"embeddable":true,"href":"https:\/\/bqeye.com\/pl\/wp-json\/wp\/v2\/media\/902"}],"wp:attachment":[{"href":"https:\/\/bqeye.com\/pl\/wp-json\/wp\/v2\/media?parent=894"}],"wp:term":[{"taxonomy":"product_brand","embeddable":true,"href":"https:\/\/bqeye.com\/pl\/wp-json\/wp\/v2\/product_brand?post=894"},{"taxonomy":"product_cat","embeddable":true,"href":"https:\/\/bqeye.com\/pl\/wp-json\/wp\/v2\/product_cat?post=894"},{"taxonomy":"product_tag","embeddable":true,"href":"https:\/\/bqeye.com\/pl\/wp-json\/wp\/v2\/product_tag?post=894"}],"curies":[{"name":"wp","href":"https:\/\/api.w.org\/{rel}","templated":true}]}}