{"id":912,"date":"2023-09-12T07:52:29","date_gmt":"2023-09-12T07:52:29","guid":{"rendered":"https:\/\/bqeye.com\/?post_type=product&#038;p=912"},"modified":"2024-04-18T02:22:02","modified_gmt":"2024-04-18T02:22:02","slug":"bqeye-mystery-green-colored-contact-lenses","status":"publish","type":"product","link":"https:\/\/bqeye.com\/pl\/bqeye-mystery-green-colored-contact-lenses\/","title":{"rendered":"Kolorowe soczewki kontaktowe BQeye Mystery Green"},"content":{"rendered":"<p>Odkryj czaruj\u0105c\u0105 ziele\u0144 Mystery Green - nasz najnowszy dodatek do rodziny kolorowych soczewek kontaktowych BQeye. Przepe\u0142nione nieodpart\u0105 mieszank\u0105 szmaragd\u00f3w, perydot\u00f3w i le\u015bnych odcieni, te zielone soczewki kontaktowe ods\u0142aniaj\u0105 oczy, kt\u00f3re urzekaj\u0105 i intryguj\u0105.<\/p>\n<p>W przeciwie\u0144stwie do zwyk\u0142ych zieleni, Mystery roz\u015bwietla spojrzenie nieuchwytnym, mistycznym urokiem. Subtelne zawirowania omsza\u0142ych i jadeitowych akcent\u00f3w dodaj\u0105 eterycznego uroku ka\u017cdemu kolorowi oczu. Twoje oczy zachwycaj\u0105 na g\u0142\u0119bszym poziomie - ale jakie tajemnice kryj\u0105 si\u0119 za ich zas\u0142on\u0105, dopiero si\u0119 oka\u017ce.<\/p>\n<p>Stworzona z my\u015bl\u0105 o niewyczuwalnym komforcie, nasza najnowocze\u015bniejsza formu\u0142a porusza si\u0119 niezauwa\u017calnie przy ka\u017cdym spojrzeniu. Polimerowe krzywizny i kanaliki sprawiaj\u0105, \u017ce oczy s\u0105 \u015bwie\u017ce jak poranna rosa przez ca\u0142y dzie\u0144. Wyra\u017a pewno\u015b\u0107 siebie za pomoc\u0105 makija\u017cu lub pozw\u00f3l naturze dzia\u0142a\u0107 - Mystery Green wzmacnia wrodzony blask od wewn\u0105trz.<\/p>\n<p>Odkryj nieznane oblicze siebie dzi\u0119ki kolorowym soczewkom kontaktowym BQeye Mystery Green. Uwolnij autentyczn\u0105 charyzm\u0119, poniewa\u017c te kolorowe soczewki kontaktowe intryguj\u0105 z ka\u017cdym spojrzeniem. Nasi oddani eksperci ds. produkt\u00f3w zapewniaj\u0105 idealne dopasowanie, aby uzyska\u0107 uwodzicielski, ale niepozorny wygl\u0105d.<\/p>\n<p>Przejrzyj nasz\u0105 szerok\u0105 ofert\u0119 zielonych i kolorowych soczewek kontaktowych. BQeye ma odcienie, kt\u00f3re wydob\u0119d\u0105 Tw\u00f3j wewn\u0119trzny mistycyzm!<\/p>","protected":false},"excerpt":{"rendered":"<p>Reveal the enchanting Mystery Green &#8211; our latest addition to the BQeye colored contact lenses family. Infused with an irresistible blend of emerald, peridot and forest tones, these green contacts unveil eyes that captivate and intrigue. Unlike ordinary greens, Mystery enlightens your gaze with an elusive, mystical charm. Subtle swirls of mossy and jade accents [&#8230;]\n","protected":false},"featured_media":920,"comment_status":"open","ping_status":"closed","template":"","meta":[],"product_brand":[],"product_cat":[216,92,77,96,98],"product_tag":[],"class_list":{"0":"post-912","1":"product","2":"type-product","3":"status-publish","4":"has-post-thumbnail","6":"product_cat-mystery","7":"product_cat-14-5-mm","8":"product_cat-green-contact-lenses","9":"product_cat-non-prescription","10":"product_cat-yearly-disposable","12":"first","13":"instock","14":"sale","15":"shipping-taxable","16":"purchasable","17":"product-type-variable","18":"has-default-attributes"},"_links":{"self":[{"href":"https:\/\/bqeye.com\/pl\/wp-json\/wp\/v2\/product\/912","targetHints":{"allow":["GET"]}}],"collection":[{"href":"https:\/\/bqeye.com\/pl\/wp-json\/wp\/v2\/product"}],"about":[{"href":"https:\/\/bqeye.com\/pl\/wp-json\/wp\/v2\/types\/product"}],"replies":[{"embeddable":true,"href":"https:\/\/bqeye.com\/pl\/wp-json\/wp\/v2\/comments?post=912"}],"wp:featuredmedia":[{"embeddable":true,"href":"https:\/\/bqeye.com\/pl\/wp-json\/wp\/v2\/media\/920"}],"wp:attachment":[{"href":"https:\/\/bqeye.com\/pl\/wp-json\/wp\/v2\/media?parent=912"}],"wp:term":[{"taxonomy":"product_brand","embeddable":true,"href":"https:\/\/bqeye.com\/pl\/wp-json\/wp\/v2\/product_brand?post=912"},{"taxonomy":"product_cat","embeddable":true,"href":"https:\/\/bqeye.com\/pl\/wp-json\/wp\/v2\/product_cat?post=912"},{"taxonomy":"product_tag","embeddable":true,"href":"https:\/\/bqeye.com\/pl\/wp-json\/wp\/v2\/product_tag?post=912"}],"curies":[{"name":"wp","href":"https:\/\/api.w.org\/{rel}","templated":true}]}}