{"id":921,"date":"2023-09-12T08:07:09","date_gmt":"2023-09-12T08:07:09","guid":{"rendered":"https:\/\/bqeye.com\/?post_type=product&#038;p=921"},"modified":"2024-04-18T02:21:59","modified_gmt":"2024-04-18T02:21:59","slug":"bqeye-mystery-purple-colored-contact-lenses","status":"publish","type":"product","link":"https:\/\/bqeye.com\/pl\/bqeye-mystery-purple-colored-contact-lenses\/","title":{"rendered":"Kolorowe soczewki kontaktowe BQeye Mystery Purple"},"content":{"rendered":"<p>Odkryj nowe, urzekaj\u0105ce spojrzenie dzi\u0119ki kolorowym soczewkom kontaktowym BQeye Mystery Purple. Stworzony przez specjalist\u00f3w od kolorowych soczewek kontaktowych, ten czaruj\u0105cy odcie\u0144 \u0142\u0105czy \u015bliwkowe, winogronowe i ametystowe odcienie w nieodparcie eleganck\u0105 t\u0119cz\u00f3wk\u0119.<\/p>\n<p>Mystery to co\u015b wi\u0119cej ni\u017c zwyk\u0142y fiolet, Mystery budzi oczy kusz\u0105c\u0105 mistyk\u0105. Subtelna g\u0142\u0119bia i \u015bwietlisto\u015b\u0107 podkre\u015blaj\u0105 naturalne pi\u0119kno od wewn\u0105trz dzi\u0119ki tym kolorowym soczewkom kontaktowym. Niezg\u0142\u0119biony urok przyci\u0105ga widz\u00f3w pragn\u0105cych odkry\u0107 Twoje sekrety.<\/p>\n<p>Precyzyjne soczewki i oddychaj\u0105ca formu\u0142a pozwalaj\u0105 Mystery Purple rezonowa\u0107 bez ogranicze\u0144. Nasze najnowocze\u015bniejsze hipoalergiczne materia\u0142y niezauwa\u017calnie wtapiaj\u0105 si\u0119 w oczy przez ca\u0142y dzie\u0144, uwalniaj\u0105c nieograniczon\u0105 ekspresj\u0119 siebie. Skup si\u0119 na tym, co naprawd\u0119 wa\u017cne, a my zapewnimy Ci najwy\u017cszy komfort.<\/p>\n<p>Niech Mystery Purple podniesie pewno\u015b\u0107 siebie dzi\u0119ki odurzaj\u0105cemu nowemu wygl\u0105dowi. Kolorowe soczewki kontaktowe BQeye umo\u017cliwiaj\u0105 odkrywanie najbardziej autentycznego siebie. Skorzystaj z naszej wielokrotnie nagradzanej kolekcji obejmuj\u0105cej ten enigmatyczny fiolet i wiele innych odcieni.<\/p>\n<p>Odkryj swoje najbardziej zniewalaj\u0105ce spojrzenie dzi\u0119ki soczewkom BQeye Mystery Purple. Wzmocnij naturalny magnetyzm dzi\u0119ki po\u0142\u0105czeniu eleganckich fioletowych odcieni i specjalistycznego wzornictwa. Uwolnij kolejny rozdzia\u0142 przeznaczenia - jeden z nich dostrze\u017cony przez tajemnicze fioletowe soczewki kontaktowe.<\/p>","protected":false},"excerpt":{"rendered":"<p>Reveal a captivating new gaze with BQeye Mystery Purple colored contact lenses. Crafted by colored contact lens specialists, this enchanting shade blends plum, grape and amethyst hues into an irresistibly elegant iris. More than a simple purple, Mystery awakens eyes with an alluring mystique. Subtle depth and luminosity accentuate natural beauty from within through these [&#8230;]\n","protected":false},"featured_media":929,"comment_status":"open","ping_status":"closed","template":"","meta":[],"product_brand":[],"product_cat":[216,92,96,82,98],"product_tag":[],"class_list":{"0":"post-921","1":"product","2":"type-product","3":"status-publish","4":"has-post-thumbnail","6":"product_cat-mystery","7":"product_cat-14-5-mm","8":"product_cat-non-prescription","9":"product_cat-purple-contact-lenses","10":"product_cat-yearly-disposable","12":"first","13":"instock","14":"sale","15":"shipping-taxable","16":"purchasable","17":"product-type-variable","18":"has-default-attributes"},"_links":{"self":[{"href":"https:\/\/bqeye.com\/pl\/wp-json\/wp\/v2\/product\/921","targetHints":{"allow":["GET"]}}],"collection":[{"href":"https:\/\/bqeye.com\/pl\/wp-json\/wp\/v2\/product"}],"about":[{"href":"https:\/\/bqeye.com\/pl\/wp-json\/wp\/v2\/types\/product"}],"replies":[{"embeddable":true,"href":"https:\/\/bqeye.com\/pl\/wp-json\/wp\/v2\/comments?post=921"}],"wp:featuredmedia":[{"embeddable":true,"href":"https:\/\/bqeye.com\/pl\/wp-json\/wp\/v2\/media\/929"}],"wp:attachment":[{"href":"https:\/\/bqeye.com\/pl\/wp-json\/wp\/v2\/media?parent=921"}],"wp:term":[{"taxonomy":"product_brand","embeddable":true,"href":"https:\/\/bqeye.com\/pl\/wp-json\/wp\/v2\/product_brand?post=921"},{"taxonomy":"product_cat","embeddable":true,"href":"https:\/\/bqeye.com\/pl\/wp-json\/wp\/v2\/product_cat?post=921"},{"taxonomy":"product_tag","embeddable":true,"href":"https:\/\/bqeye.com\/pl\/wp-json\/wp\/v2\/product_tag?post=921"}],"curies":[{"name":"wp","href":"https:\/\/api.w.org\/{rel}","templated":true}]}}