{"id":930,"date":"2023-09-12T08:19:35","date_gmt":"2023-09-12T08:19:35","guid":{"rendered":"https:\/\/bqeye.com\/?post_type=product&#038;p=930"},"modified":"2024-04-18T02:21:55","modified_gmt":"2024-04-18T02:21:55","slug":"bqeye-mystery-yellow-colored-contact-lenses","status":"publish","type":"product","link":"https:\/\/bqeye.com\/pl\/bqeye-mystery-yellow-colored-contact-lenses\/","title":{"rendered":"Kolorowe soczewki kontaktowe BQeye Mystery Yellow"},"content":{"rendered":"<p>Roz\u015bwietl swoje oczy s\u0142oneczn\u0105 intryg\u0105 dzi\u0119ki kolorowym soczewkom kontaktowym BQeye Mystery Yellow. Nasza innowacyjna alchemia bursztynowych, miodowych i cytrynowych odcieni ods\u0142ania promienne oczy, kt\u00f3re l\u015bni\u0105 niewyt\u0142umaczalnym urokiem.<\/p>\n<p>Bardziej ni\u017c typowa \u017c\u00f3\u0142\u0107, Mystery urzeka czaruj\u0105c\u0105 jasno\u015bci\u0105 i g\u0142\u0119bi\u0105. Subtelne gradienty podkre\u015blaj\u0105 naturalne pi\u0119kno od wewn\u0105trz dzi\u0119ki tym specjalistycznym kolorowym soczewkom kontaktowym. Ciep\u0142o i blask otulaj\u0105 spojrzenie kusz\u0105c\u0105 zas\u0142on\u0105, pozostawiaj\u0105c widz\u00f3w w os\u0142upieniu.<\/p>\n<p>Precyzyjna in\u017cynieria i zaawansowane materia\u0142y hydro\u017celowe pozwalaj\u0105 Mystery Yellow akcentowa\u0107 bez wysi\u0142ku przez ca\u0142y dzie\u0144. Nasze elitarne soczewki pod\u0105\u017caj\u0105 za ka\u017cdym wyrazem twarzy z niezauwa\u017caln\u0105 przejrzysto\u015bci\u0105 i komfortem. Niech tajemnica poprowadzi Ci\u0119 do nowych odkry\u0107 charakteru i pewno\u015bci siebie.<\/p>\n<p>Uwolnij swoje najbardziej magnetyczne ja dzi\u0119ki tej mieszance wspania\u0142ych z\u0142otych odcieni. Jako najlepszy producent kolorowych soczewek kontaktowych, BQeye umo\u017cliwia autentyczne wyra\u017canie siebie. Odkryj Mystery Yellow - wraz z nasz\u0105 renomowan\u0105 gam\u0105 transformacyjnych odcieni.<\/p>\n<p>Rozja\u015bnij kolejny rozdzia\u0142 swojego przeznaczenia dzi\u0119ki kolorowym soczewkom kontaktowym Mystery Yellow o s\u0142onecznym odcieniu, kt\u00f3re wzmocni\u0105 Tw\u00f3j tajemniczy blask. Pozw\u00f3l BQeye odkry\u0107 oczy, kt\u00f3re urzekaj\u0105 i dodaj\u0105 intryguj\u0105cego ciep\u0142a i uroku.<\/p>","protected":false},"excerpt":{"rendered":"<p>Illuminate your eyes with sun-kissed intrigue courtesy of BQeye Mystery Yellow colored contact lenses. Our innovative alchemy of amber, honey and lemon hues unveils radiant eyes that sparkle with an inexplicable charm. More than a typical yellow, Mystery captivates with an enchanting luminosity and depth. Subtle gradients highlight natural beauty from within through these specialized [&#8230;]\n","protected":false},"featured_media":937,"comment_status":"open","ping_status":"closed","template":"","meta":[],"product_brand":[],"product_cat":[216,92,96,98,79],"product_tag":[],"class_list":{"0":"post-930","1":"product","2":"type-product","3":"status-publish","4":"has-post-thumbnail","6":"product_cat-mystery","7":"product_cat-14-5-mm","8":"product_cat-non-prescription","9":"product_cat-yearly-disposable","10":"product_cat-yellow-contact-lenses","12":"first","13":"instock","14":"sale","15":"shipping-taxable","16":"purchasable","17":"product-type-variable","18":"has-default-attributes"},"_links":{"self":[{"href":"https:\/\/bqeye.com\/pl\/wp-json\/wp\/v2\/product\/930","targetHints":{"allow":["GET"]}}],"collection":[{"href":"https:\/\/bqeye.com\/pl\/wp-json\/wp\/v2\/product"}],"about":[{"href":"https:\/\/bqeye.com\/pl\/wp-json\/wp\/v2\/types\/product"}],"replies":[{"embeddable":true,"href":"https:\/\/bqeye.com\/pl\/wp-json\/wp\/v2\/comments?post=930"}],"wp:featuredmedia":[{"embeddable":true,"href":"https:\/\/bqeye.com\/pl\/wp-json\/wp\/v2\/media\/937"}],"wp:attachment":[{"href":"https:\/\/bqeye.com\/pl\/wp-json\/wp\/v2\/media?parent=930"}],"wp:term":[{"taxonomy":"product_brand","embeddable":true,"href":"https:\/\/bqeye.com\/pl\/wp-json\/wp\/v2\/product_brand?post=930"},{"taxonomy":"product_cat","embeddable":true,"href":"https:\/\/bqeye.com\/pl\/wp-json\/wp\/v2\/product_cat?post=930"},{"taxonomy":"product_tag","embeddable":true,"href":"https:\/\/bqeye.com\/pl\/wp-json\/wp\/v2\/product_tag?post=930"}],"curies":[{"name":"wp","href":"https:\/\/api.w.org\/{rel}","templated":true}]}}