{"id":943,"date":"2023-09-12T08:39:25","date_gmt":"2023-09-12T08:39:25","guid":{"rendered":"https:\/\/bqeye.com\/?post_type=product&#038;p=943"},"modified":"2024-04-18T02:21:52","modified_gmt":"2024-04-18T02:21:52","slug":"bqeye-elf-purple-colored-contact-lenses","status":"publish","type":"product","link":"https:\/\/bqeye.com\/pl\/bqeye-elf-purple-colored-contact-lenses\/","title":{"rendered":"Fioletowe soczewki kontaktowe BQeye ELF"},"content":{"rendered":"<p>Rzu\u0107 czaruj\u0105ce spojrzenie dzi\u0119ki czaruj\u0105cym kolorowym soczewkom kontaktowym ELF Purple firmy BQeye. Nasza \u015bwietlista mieszanka ametystu i \u015bliwki budzi oczy nieziemskim urokiem.<\/p>\n<p>To wi\u0119cej ni\u017c zwyk\u0142y fiolet, ELF nadaje brzoskwiniowe refleksy i r\u00f3\u017cowe odcienie, aby uzyska\u0107 magiczny, wielowymiarowy efekt. Niczym \u015bwiat\u0142a wr\u00f3\u017cek ta\u0144cz\u0105ce po\u015br\u00f3d zmierzchu, te kolorowe soczewki kontaktowe podkre\u015blaj\u0105 naturalne pi\u0119kno od wewn\u0105trz.<\/p>\n<p>Stworzone przez naszych mistrz\u00f3w soczewek kolorowych, ELF Purple niezauwa\u017calnie przesuwaj\u0105 si\u0119 po oczach. Technologia HydraMatrixTM zapewnia im ultranawil\u017cenie, dzi\u0119ki czemu mo\u017cesz rzuca\u0107 zakl\u0119cie przez ca\u0142y dzie\u0144 w komfortowych warunkach. Teraz tajemnice lasu s\u0105 do odkrycia.<\/p>\n<p>Pozw\u00f3l ELF uwydatni\u0107 sw\u00f3j urok dzi\u0119ki zachwycaj\u0105cemu nowemu wygl\u0105dowi. Specjalistyczne oprawy BQeye zapewniaj\u0105 idealne dopasowanie, aby podkre\u015bli\u0107 mistyczny blask. Niezale\u017cnie od tego, czy odwa\u017cnie, czy subtelnie rzucaj\u0105 cuda, te soczewki umo\u017cliwiaj\u0105 prawdziwe wyra\u017canie siebie.<\/p>\n<p>Uwolnij swoj\u0105 wewn\u0119trzn\u0105 wr\u00f3\u017ck\u0119 dzi\u0119ki kolorowym soczewkom kontaktowym BQeye ELF Purple. Odkryj, jak nasza renomowana kolekcja soczewek mo\u017ce wydoby\u0107 Twoj\u0105 charyzmatyczn\u0105 esencj\u0119. Nadszed\u0142 czas, aby o\u015bwietli\u0107 kolejne zakl\u0119cie przeznaczenia widziane przez r\u00f3\u017cowe oczy faerie. Magia dopiero si\u0119 zacz\u0119\u0142a.<\/p>","protected":false},"excerpt":{"rendered":"<p>Cast a spellbinding gaze with BQeye&#8217;s enchanting ELF Purple colored contact lenses. Ourluminous amethyst and plum blend awakens eyes with an otherworldly allure. More than a simple purple, ELF imbues peachy highlights and pinky undertones for a magical multi-dimensional effect. Like catching faerie lights dancing amidst the dusk, these colorful contact lenses enhance natural beauty [&#8230;]\n","protected":false},"featured_media":951,"comment_status":"open","ping_status":"closed","template":"","meta":[],"product_brand":[],"product_cat":[217,92,96,82,98],"product_tag":[],"class_list":{"0":"post-943","1":"product","2":"type-product","3":"status-publish","4":"has-post-thumbnail","6":"product_cat-elf","7":"product_cat-14-5-mm","8":"product_cat-non-prescription","9":"product_cat-purple-contact-lenses","10":"product_cat-yearly-disposable","12":"first","13":"instock","14":"sale","15":"shipping-taxable","16":"purchasable","17":"product-type-variable","18":"has-default-attributes"},"_links":{"self":[{"href":"https:\/\/bqeye.com\/pl\/wp-json\/wp\/v2\/product\/943","targetHints":{"allow":["GET"]}}],"collection":[{"href":"https:\/\/bqeye.com\/pl\/wp-json\/wp\/v2\/product"}],"about":[{"href":"https:\/\/bqeye.com\/pl\/wp-json\/wp\/v2\/types\/product"}],"replies":[{"embeddable":true,"href":"https:\/\/bqeye.com\/pl\/wp-json\/wp\/v2\/comments?post=943"}],"wp:featuredmedia":[{"embeddable":true,"href":"https:\/\/bqeye.com\/pl\/wp-json\/wp\/v2\/media\/951"}],"wp:attachment":[{"href":"https:\/\/bqeye.com\/pl\/wp-json\/wp\/v2\/media?parent=943"}],"wp:term":[{"taxonomy":"product_brand","embeddable":true,"href":"https:\/\/bqeye.com\/pl\/wp-json\/wp\/v2\/product_brand?post=943"},{"taxonomy":"product_cat","embeddable":true,"href":"https:\/\/bqeye.com\/pl\/wp-json\/wp\/v2\/product_cat?post=943"},{"taxonomy":"product_tag","embeddable":true,"href":"https:\/\/bqeye.com\/pl\/wp-json\/wp\/v2\/product_tag?post=943"}],"curies":[{"name":"wp","href":"https:\/\/api.w.org\/{rel}","templated":true}]}}