{"id":953,"date":"2023-09-12T10:13:13","date_gmt":"2023-09-12T10:13:13","guid":{"rendered":"https:\/\/bqeye.com\/?post_type=product&#038;p=953"},"modified":"2024-04-18T02:21:48","modified_gmt":"2024-04-18T02:21:48","slug":"bqeye-elf-red-colored-contact-lenses","status":"publish","type":"product","link":"https:\/\/bqeye.com\/pl\/bqeye-elf-red-colored-contact-lenses\/","title":{"rendered":"Czerwone soczewki kontaktowe BQeye ELF"},"content":{"rendered":"<p>Zr\u00f3b ogniste pierwsze wra\u017cenie dzi\u0119ki kolorowym soczewkom kontaktowym BQeye ELF Red, stworzonym, by urzeka\u0107 i intrygowa\u0107. Nasze czaruj\u0105ce po\u0142\u0105czenie rudo\u015bci i szkar\u0142atu budzi oczy, jakby ta\u0144czy\u0142y w p\u0142omieniach dzikiego lasu.<\/p>\n<p>To wi\u0119cej ni\u017c zwyk\u0142a czerwie\u0144, ELF \u0142\u0105czy w sobie ciep\u0142e bursztynowe i karmazynowe odcienie, niczym migotanie po\u015br\u00f3d ognisk. Te specjalistyczne kolorowe soczewki kontaktowe podkre\u015blaj\u0105 Twoje naturalne pi\u0119kno dzi\u0119ki hipnotyzuj\u0105cemu welonowi.<\/p>\n<p>Stworzony przez czarodziej\u00f3w soczewek, ELF Red porusza si\u0119 w synchronizacji z ka\u017cdym b\u0142yskiem i u\u015bmiechem. Formu\u0142a HydraMatrixTM zapewnia nawil\u017cenie przez ca\u0142y czas rzucania czar\u00f3w. Teraz mo\u017cesz dzieli\u0107 si\u0119 sekretami wewn\u0119trznej pasji, je\u015bli tylko si\u0119 odwa\u017cysz!<\/p>\n<p>Niech ELF podniesie \u015bmia\u0142o\u015b\u0107 i zachwyci. Do\u015bwiadczenie BQeye zapewnia idealne dopasowanie, aby rozpali\u0107 Tw\u00f3j magnetyczny urok, czy to odwa\u017cnie, czy z podst\u0119pnymi sposobami czarownicy. Teraz Twoje spojrzenie rzuca nowe opowie\u015bci o autentycznym uroku.<\/p>\n<p>Roz\u015bwietl swoje ogniste przeznaczenie dzi\u0119ki tym dusznym szkar\u0142atnym i rudawym soczewkom. Nadszed\u0142 czas, aby pozna\u0107 renomowan\u0105 kolekcj\u0119 BQeye i ujawni\u0107 swoje najbardziej urzekaj\u0105ce \u015bwiat\u0142o, widziane przez oczy, kt\u00f3re roz\u015bwietlaj\u0105 i oczarowuj\u0105! Nadszed\u0142 czas na oczarowanie.<\/p>","protected":false},"excerpt":{"rendered":"<p>Cast a fiery first impression with BQeye&#8217;s ELF Red colored contact lenses, crafted to captivate and intrigue. Our enchanting russet and scarlet infusion awakens eyes as if dancing in wildwood flames. More than mere red, ELF blends warm amber and crimson glints, like flickers glimpsed amidst bramble bonfires. These specialized colored contact lenses enhance your [&#8230;]\n","protected":false},"featured_media":961,"comment_status":"open","ping_status":"closed","template":"","meta":[],"product_brand":[],"product_cat":[217,92,96,78,98],"product_tag":[],"class_list":{"0":"post-953","1":"product","2":"type-product","3":"status-publish","4":"has-post-thumbnail","6":"product_cat-elf","7":"product_cat-14-5-mm","8":"product_cat-non-prescription","9":"product_cat-red-contact-lenses","10":"product_cat-yearly-disposable","12":"first","13":"instock","14":"sale","15":"shipping-taxable","16":"purchasable","17":"product-type-variable","18":"has-default-attributes"},"_links":{"self":[{"href":"https:\/\/bqeye.com\/pl\/wp-json\/wp\/v2\/product\/953","targetHints":{"allow":["GET"]}}],"collection":[{"href":"https:\/\/bqeye.com\/pl\/wp-json\/wp\/v2\/product"}],"about":[{"href":"https:\/\/bqeye.com\/pl\/wp-json\/wp\/v2\/types\/product"}],"replies":[{"embeddable":true,"href":"https:\/\/bqeye.com\/pl\/wp-json\/wp\/v2\/comments?post=953"}],"wp:featuredmedia":[{"embeddable":true,"href":"https:\/\/bqeye.com\/pl\/wp-json\/wp\/v2\/media\/961"}],"wp:attachment":[{"href":"https:\/\/bqeye.com\/pl\/wp-json\/wp\/v2\/media?parent=953"}],"wp:term":[{"taxonomy":"product_brand","embeddable":true,"href":"https:\/\/bqeye.com\/pl\/wp-json\/wp\/v2\/product_brand?post=953"},{"taxonomy":"product_cat","embeddable":true,"href":"https:\/\/bqeye.com\/pl\/wp-json\/wp\/v2\/product_cat?post=953"},{"taxonomy":"product_tag","embeddable":true,"href":"https:\/\/bqeye.com\/pl\/wp-json\/wp\/v2\/product_tag?post=953"}],"curies":[{"name":"wp","href":"https:\/\/api.w.org\/{rel}","templated":true}]}}