{"id":962,"date":"2023-09-12T10:27:13","date_gmt":"2023-09-12T10:27:13","guid":{"rendered":"https:\/\/bqeye.com\/?post_type=product&#038;p=962"},"modified":"2024-04-18T02:21:45","modified_gmt":"2024-04-18T02:21:45","slug":"bqeye-elf-blue-colored-contact-lenses","status":"publish","type":"product","link":"https:\/\/bqeye.com\/pl\/bqeye-elf-blue-colored-contact-lenses\/","title":{"rendered":"Niebieskie soczewki kontaktowe BQeye ELF"},"content":{"rendered":"<p>Rzu\u0107 zakl\u0119cie spokoju dzi\u0119ki kolorowym soczewkom kontaktowym BQeye ELF Blue, stworzonym przez magik\u00f3w soczewek. Nasz spokojny lazurowy i szafirowy wir budzi oczy niczym spojrzenie na spokojne g\u0142\u0119biny oceanu. ELF to co\u015b wi\u0119cej ni\u017c zwyk\u0142y b\u0142\u0119kit, to b\u0142ysk wody i barwinka - przeb\u0142yski koralowych dusz po\u015br\u00f3d faluj\u0105cych przyp\u0142yw\u00f3w. Te specjalistyczne kolorowe soczewki kontaktowe uwydatniaj\u0105 naturalne pi\u0119kno.<\/p>\n<p>Stworzone przez mistrz\u00f3w elfiego rzemios\u0142a, ELF Blue poruszaj\u0105 si\u0119 zgodnie z falami i u\u015bmiechami. HydraMatrixTM utrzymuje je \u015bwie\u017ce przez ca\u0142y dzie\u0144, gdy odkrywasz wewn\u0119trzny spok\u00f3j. Teraz tajemnice g\u0142\u0119bin wzywaj\u0105 Twoje imi\u0119, je\u015bli odwa\u017cysz si\u0119 odpowiedzie\u0107.<\/p>\n<p>Niech ELF uniesie Tw\u00f3j urok medytacyjn\u0105 magi\u0105. Kunszt BQeye zapewnia idealne dopasowanie, aby podkre\u015bli\u0107 Tw\u00f3j koj\u0105cy urok, niezale\u017cnie od tego, czy unosi si\u0119 delikatnie, czy p\u0142ynie z dzikimi pr\u0105dami. Teraz l\u015bni\u0105 nowe opowie\u015bci o spokoju.<\/p>\n<p>Obud\u017a sw\u00f3j spokojny los dzi\u0119ki tym uspokajaj\u0105cym soczewkom inspirowanym morzem. Nadszed\u0142 czas, aby zapozna\u0107 si\u0119 z renomowan\u0105 kolekcj\u0105 BQeye i znale\u017a\u0107 odcie\u0144, kt\u00f3ry ujawni Twoje najbardziej koj\u0105ce \u015bwiat\u0142o, widziane przez oczy, kt\u00f3re koj\u0105 serce i dusz\u0119. Odpowiedzi p\u0142yn\u0105 swobodnie jak fale.<\/p>","protected":false},"excerpt":{"rendered":"<p>Cast a spell of calm with BQeye&#8217;s ELF Blue colored contact lenses, crafted by lens magicians. Our serene azure and sapphire swirl awakens eyes like glimpsing tranquil ocean depths. More than mere blue, ELF infuses aqua and periwinkle glints &#8211; glimpses of coral souls amid rolling tides. These specialized colored contact lenses enhance natural beauty [&#8230;]\n","protected":false},"featured_media":970,"comment_status":"open","ping_status":"closed","template":"","meta":[],"product_brand":[],"product_cat":[217,92,75,96,98],"product_tag":[],"class_list":{"0":"post-962","1":"product","2":"type-product","3":"status-publish","4":"has-post-thumbnail","6":"product_cat-elf","7":"product_cat-14-5-mm","8":"product_cat-blue-contact-lenses","9":"product_cat-non-prescription","10":"product_cat-yearly-disposable","12":"first","13":"instock","14":"sale","15":"shipping-taxable","16":"purchasable","17":"product-type-variable","18":"has-default-attributes"},"_links":{"self":[{"href":"https:\/\/bqeye.com\/pl\/wp-json\/wp\/v2\/product\/962","targetHints":{"allow":["GET"]}}],"collection":[{"href":"https:\/\/bqeye.com\/pl\/wp-json\/wp\/v2\/product"}],"about":[{"href":"https:\/\/bqeye.com\/pl\/wp-json\/wp\/v2\/types\/product"}],"replies":[{"embeddable":true,"href":"https:\/\/bqeye.com\/pl\/wp-json\/wp\/v2\/comments?post=962"}],"wp:featuredmedia":[{"embeddable":true,"href":"https:\/\/bqeye.com\/pl\/wp-json\/wp\/v2\/media\/970"}],"wp:attachment":[{"href":"https:\/\/bqeye.com\/pl\/wp-json\/wp\/v2\/media?parent=962"}],"wp:term":[{"taxonomy":"product_brand","embeddable":true,"href":"https:\/\/bqeye.com\/pl\/wp-json\/wp\/v2\/product_brand?post=962"},{"taxonomy":"product_cat","embeddable":true,"href":"https:\/\/bqeye.com\/pl\/wp-json\/wp\/v2\/product_cat?post=962"},{"taxonomy":"product_tag","embeddable":true,"href":"https:\/\/bqeye.com\/pl\/wp-json\/wp\/v2\/product_tag?post=962"}],"curies":[{"name":"wp","href":"https:\/\/api.w.org\/{rel}","templated":true}]}}