{"id":971,"date":"2023-09-12T10:44:43","date_gmt":"2023-09-12T10:44:43","guid":{"rendered":"https:\/\/bqeye.com\/?post_type=product&#038;p=971"},"modified":"2024-04-18T02:21:42","modified_gmt":"2024-04-18T02:21:42","slug":"bqeye-elf-green-colored-contact-lenses","status":"publish","type":"product","link":"https:\/\/bqeye.com\/pl\/bqeye-elf-green-colored-contact-lenses\/","title":{"rendered":"Zielone kolorowe soczewki kontaktowe BQeye ELF"},"content":{"rendered":"<p>Obud\u017a feeryczne oczy dzi\u0119ki kolorowym soczewkom kontaktowym ELF Green, stworzonym przez mag\u00f3w natury BQeye. Nasza zielona mieszanka szmaragdu i mchu ods\u0142ania oczy \u017cywe jak omiatane wiatrem le\u015bne serce.<\/p>\n<p>ELF to co\u015b wi\u0119cej ni\u017c zwyk\u0142a ziele\u0144, to perydot i bursztynowe odcienie - \u015bwiat\u0142o s\u0142oneczne przechodz\u0105ce przez szepcz\u0105ce li\u015bcie. Te specjalistyczne kolorowe soczewki kontaktowe podkre\u015blaj\u0105 naturalne pi\u0119kno z ich li\u015bciastej zas\u0142ony.<\/p>\n<p>ELF Green, stworzone przez mistrz\u00f3w tajemnic soczewek, poruszaj\u0105 si\u0119, gdy w\u0119drujesz swobodnie. HydraMatrix utrzymuje \u015bwie\u017co\u015b\u0107 tych szmaragdowych kul podczas odkrywania magii lasu. Teraz tajemnice \u017cycia wy\u0142aniaj\u0105 si\u0119, je\u015bli tylko je dostrze\u017cesz.<\/p>\n<p>Niech ELF wzmocni Tw\u00f3j urok mistycznym, magicznym kolorem. Sztuka BQeye zapewnia idealne dopasowanie, aby ods\u0142oni\u0107 blask, niezale\u017cnie od tego, czy bujnie kwitnie, czy chytrze obserwuje. Twoje oczy opowiedz\u0105 teraz nowe historie o powabie natury.<\/p>\n<p>Obud\u017a sw\u00f3j bajeczny los dzi\u0119ki soczewkom bujnym jak konary Newleaf. Nadszed\u0142 czas, aby BQeye pomog\u0142o odkry\u0107 oczy, kt\u00f3re roz\u015bwietlaj\u0105 si\u0119, aby znale\u017a\u0107 wewn\u0119trzny spok\u00f3j po\u015br\u00f3d chroni\u0105cych ramion natury, spogl\u0105daj\u0105c przez oczy \u017cywe z \u017c\u0105dzy w\u0119dr\u00f3wki pod konarami zielonego drewna. Sekrety, kt\u00f3re mo\u017cesz zna\u0107.<\/p>","protected":false},"excerpt":{"rendered":"<p>Awaken fey eyes aglow with ELF Green colored contact lenses, crafted by BQeye&#8217;s nature magi. Our verdant emerald and moss blend unveils orbs alive like forest heart windswept. More than mere green, ELF infuses peridot and amber hues &#8211; sunlight shifting through whispering leaves. TheseSpecialized colored contact lenses enhance natural beauty from within their leafy [&#8230;]\n","protected":false},"featured_media":979,"comment_status":"open","ping_status":"closed","template":"","meta":[],"product_brand":[],"product_cat":[217,92,77,96,98],"product_tag":[],"class_list":{"0":"post-971","1":"product","2":"type-product","3":"status-publish","4":"has-post-thumbnail","6":"product_cat-elf","7":"product_cat-14-5-mm","8":"product_cat-green-contact-lenses","9":"product_cat-non-prescription","10":"product_cat-yearly-disposable","12":"first","13":"instock","14":"sale","15":"shipping-taxable","16":"purchasable","17":"product-type-variable","18":"has-default-attributes"},"_links":{"self":[{"href":"https:\/\/bqeye.com\/pl\/wp-json\/wp\/v2\/product\/971","targetHints":{"allow":["GET"]}}],"collection":[{"href":"https:\/\/bqeye.com\/pl\/wp-json\/wp\/v2\/product"}],"about":[{"href":"https:\/\/bqeye.com\/pl\/wp-json\/wp\/v2\/types\/product"}],"replies":[{"embeddable":true,"href":"https:\/\/bqeye.com\/pl\/wp-json\/wp\/v2\/comments?post=971"}],"wp:featuredmedia":[{"embeddable":true,"href":"https:\/\/bqeye.com\/pl\/wp-json\/wp\/v2\/media\/979"}],"wp:attachment":[{"href":"https:\/\/bqeye.com\/pl\/wp-json\/wp\/v2\/media?parent=971"}],"wp:term":[{"taxonomy":"product_brand","embeddable":true,"href":"https:\/\/bqeye.com\/pl\/wp-json\/wp\/v2\/product_brand?post=971"},{"taxonomy":"product_cat","embeddable":true,"href":"https:\/\/bqeye.com\/pl\/wp-json\/wp\/v2\/product_cat?post=971"},{"taxonomy":"product_tag","embeddable":true,"href":"https:\/\/bqeye.com\/pl\/wp-json\/wp\/v2\/product_tag?post=971"}],"curies":[{"name":"wp","href":"https:\/\/api.w.org\/{rel}","templated":true}]}}