{"id":981,"date":"2023-09-12T11:06:10","date_gmt":"2023-09-12T11:06:10","guid":{"rendered":"https:\/\/bqeye.com\/?post_type=product&#038;p=981"},"modified":"2024-04-18T02:21:39","modified_gmt":"2024-04-18T02:21:39","slug":"bqeye-magnificent-sahara-brown-colored-contact-lenses","status":"publish","type":"product","link":"https:\/\/bqeye.com\/pl\/bqeye-magnificent-sahara-brown-colored-contact-lenses\/","title":{"rendered":"Kolorowe soczewki kontaktowe BQeye Magnificent Sahara Brown"},"content":{"rendered":"<p>Ogrzej swoje oczy ciep\u0142em dzi\u0119ki kolorowym soczewkom kontaktowym BQeye Magnificent Sahara Brown. Nasza s\u0142oneczna mieszanka piasku, kakao i sepii roz\u015bwietla oczy niczym pustynne wydmy o zmierzchu.<\/p>\n<p>To wi\u0119cej ni\u017c zwyk\u0142y br\u0105z, Magnificent rozpala ogniste odcienie z\u0142ota, gdy s\u0142o\u0144ce tonie w cieniach sjeny. Te wyspecjalizowane kolorowe soczewki kontaktowe podkre\u015blaj\u0105 naturalne pi\u0119kno dzi\u0119ki zas\u0142onie w kolorze zachodz\u0105cego s\u0142o\u0144ca.<\/p>\n<p>Stworzony przez rzemie\u015blnik\u00f3w obiektywu, Magnificent porusza si\u0119, gdy si\u0119 u\u015bmiechasz, mrugasz i \u015bmiejesz przez ca\u0142y dzie\u0144. Formu\u0142a HEMA sprawia, \u017ce te kule o zachodzie s\u0142o\u0144ca s\u0105 nawil\u017cone, niezale\u017cnie od tego, czy je\u017adzisz na wielb\u0142\u0105dzie, czy obserwujesz gwiazdy na nieko\u0144cz\u0105cym si\u0119 wspania\u0142ym niebie. Teraz wewn\u0119trzne ognie i ukryte spostrze\u017cenia mog\u0105 pojawi\u0107 si\u0119 przed Tob\u0105.<\/p>\n<p>Pozw\u00f3l, aby Magnificent roz\u015bwietli\u0142 Tw\u00f3j blask bogatym, \u015bwietlistym kolorem. Ekspertyza BQeye zapewnia ma\u015blan\u0105 g\u0142adko\u015b\u0107, aby podkre\u015bli\u0107 tl\u0105cy si\u0119 magnetyzm, zar\u00f3wno odwa\u017cnie p\u0142on\u0105cy, jak i subtelnie wzmocniony przez ciep\u0142e pustynne wiatry. Nowe opowie\u015bci o s\u0142onecznym uroku s\u0105 teraz widoczne dla wszystkich.<\/p>\n<p>Rozpal sw\u00f3j wspania\u0142y los dzi\u0119ki kolorowym soczewkom kontaktowym tak bezgranicznie bogatym i r\u00f3\u017cnorodnym, jak same wydmy. Nadszed\u0142 czas, aby odkry\u0107 oczy, kt\u00f3re \u015bwiec\u0105 jak p\u0142on\u0105ce piaski przesuwaj\u0105ce si\u0119 o zmierzchu, prze\u015bwituj\u0105ce przez cudownie rozgrzewaj\u0105c\u0105 zas\u0142on\u0119 najlepszego dzie\u0142a BQeye. Twoje niesko\u0144czone mo\u017cliwo\u015bci dopiero si\u0119 zaczynaj\u0105.<\/p>","protected":false},"excerpt":{"rendered":"<p>Bask your eyes in warmth with BQeye&#8217;s Magnificent Sahara Brown colored contact lenses. Our sun-blessed blend of sand, cocoa and sepia awakens orbs aglow like desert dunes caressed at dusk. More than mere brown, Magnificent ignites fiery undertones\u2014hints of gold as the sun sinks into sienna shadows. These specialized colored contacts enhance natural beauty from [&#8230;]\n","protected":false},"featured_media":988,"comment_status":"open","ping_status":"closed","template":"","meta":[],"product_brand":[],"product_cat":[207,91,80,96,98],"product_tag":[],"class_list":{"0":"post-981","1":"product","2":"type-product","3":"status-publish","4":"has-post-thumbnail","6":"product_cat-magnificent","7":"product_cat-14-2-mm","8":"product_cat-brown-contact-lenses","9":"product_cat-non-prescription","10":"product_cat-yearly-disposable","12":"first","13":"instock","14":"sale","15":"shipping-taxable","16":"purchasable","17":"product-type-variable","18":"has-default-attributes"},"_links":{"self":[{"href":"https:\/\/bqeye.com\/pl\/wp-json\/wp\/v2\/product\/981","targetHints":{"allow":["GET"]}}],"collection":[{"href":"https:\/\/bqeye.com\/pl\/wp-json\/wp\/v2\/product"}],"about":[{"href":"https:\/\/bqeye.com\/pl\/wp-json\/wp\/v2\/types\/product"}],"replies":[{"embeddable":true,"href":"https:\/\/bqeye.com\/pl\/wp-json\/wp\/v2\/comments?post=981"}],"wp:featuredmedia":[{"embeddable":true,"href":"https:\/\/bqeye.com\/pl\/wp-json\/wp\/v2\/media\/988"}],"wp:attachment":[{"href":"https:\/\/bqeye.com\/pl\/wp-json\/wp\/v2\/media?parent=981"}],"wp:term":[{"taxonomy":"product_brand","embeddable":true,"href":"https:\/\/bqeye.com\/pl\/wp-json\/wp\/v2\/product_brand?post=981"},{"taxonomy":"product_cat","embeddable":true,"href":"https:\/\/bqeye.com\/pl\/wp-json\/wp\/v2\/product_cat?post=981"},{"taxonomy":"product_tag","embeddable":true,"href":"https:\/\/bqeye.com\/pl\/wp-json\/wp\/v2\/product_tag?post=981"}],"curies":[{"name":"wp","href":"https:\/\/api.w.org\/{rel}","templated":true}]}}