{"id":993,"date":"2023-09-12T11:36:34","date_gmt":"2023-09-12T11:36:34","guid":{"rendered":"https:\/\/bqeye.com\/?post_type=product&#038;p=993"},"modified":"2024-04-18T02:21:35","modified_gmt":"2024-04-18T02:21:35","slug":"bqeye-magnificent-amazonia-green-colored-contact-lenses","status":"publish","type":"product","link":"https:\/\/bqeye.com\/pl\/bqeye-magnificent-amazonia-green-colored-contact-lenses\/","title":{"rendered":"Kolorowe soczewki kontaktowe BQeye Magnificent Amazonia w kolorze zielonym"},"content":{"rendered":"<p>Uwolnij l\u015bni\u0105ce oczy lasu deszczowego dzi\u0119ki kolorowym soczewkom kontaktowym BQeye Magnificent Amazonia Green. Nasza zielona mieszanka szmaragdu, mchu i li\u015bci palmowych budzi oczy do \u017cycia z nieokie\u0142znanym wigorem natury.<\/p>\n<p>Poza zwyk\u0142\u0105 zieleni\u0105, Magnificent rozpala odcienie turkusu i aqua - b\u0142yski papuzich skrzyde\u0142 po\u015br\u00f3d ko\u0142ysania baldachimu. Te specjalistyczne kolorowe soczewki kontaktowe podkre\u015blaj\u0105 naturalne pi\u0119kno z wn\u0119trza bujnej d\u017cungli.<\/p>\n<p>Wykonane przez rzemie\u015blnik\u00f3w przesi\u0105kni\u0119tych magi\u0105 las\u00f3w deszczowych, Magnificent porusza si\u0119 z nieskr\u0119powan\u0105 witalno\u015bci\u0105. HEMA utrzymuje \u015bwie\u017co\u015b\u0107 tych zielonych sfer, niezale\u017cnie od tego, czy eksplorujesz ukryte groty, czy wspinasz si\u0119 na wysokie szczyty. Teraz le\u015bne sekrety mog\u0105 zosta\u0107 dostrze\u017cone, je\u015bli tylko masz oczy do patrzenia.<\/p>\n<p>Niech Magnificent wzmocni \u017cywy blask bogatym zielonym kolorem. Precyzja BQeye zapewnia elastyczne noszenie, aby podkre\u015bli\u0107 wrodzony urok, zar\u00f3wno kwitn\u0105cy w\u015br\u00f3d g\u0119stych li\u015bci, jak i obserwowany z cich\u0105 intencj\u0105. Nowe opowie\u015bci o uroku las\u00f3w deszczowych teraz l\u015bni\u0105.<\/p>\n<p>Obud\u017a swoj\u0105 dzik\u0105 dusz\u0119 dzi\u0119ki soczewkom tak kwitn\u0105cym i r\u00f3\u017cnorodnym jak sama Amazonka. Nadszed\u0142 czas, aby odkry\u0107 oczy roz\u015bwietlone nieskr\u0119powanym pop\u0119dem natury, prze\u015blizguj\u0105ce si\u0119 przez czaruj\u0105c\u0105 szmaragdow\u0105 zas\u0142on\u0119 Magnificent. Twoja podr\u00f3\u017c do nieko\u0144cz\u0105cych si\u0119 odkry\u0107 dopiero si\u0119 rozpocz\u0119\u0142a.<\/p>","protected":false},"excerpt":{"rendered":"<p>Unleash rainforest eyes aglow with BQeye&#8217;s Magnificent Amazonia Green colored contact lenses. Our verdant blend of emerald, moss and palm fronds awakens orbs alive with nature\u2019s untamed vigor. Beyond mere green, Magnificent ignites undertones of teal and aqua \u2014 flashes of parrot wings amid the canopy&#8217;s sway. These specialized colored contact lenses enhance natural beauty [&#8230;]\n","protected":false},"featured_media":1000,"comment_status":"open","ping_status":"closed","template":"","meta":[],"product_brand":[],"product_cat":[207,91,77,96,98],"product_tag":[],"class_list":{"0":"post-993","1":"product","2":"type-product","3":"status-publish","4":"has-post-thumbnail","6":"product_cat-magnificent","7":"product_cat-14-2-mm","8":"product_cat-green-contact-lenses","9":"product_cat-non-prescription","10":"product_cat-yearly-disposable","12":"first","13":"instock","14":"sale","15":"shipping-taxable","16":"purchasable","17":"product-type-variable","18":"has-default-attributes"},"_links":{"self":[{"href":"https:\/\/bqeye.com\/pl\/wp-json\/wp\/v2\/product\/993","targetHints":{"allow":["GET"]}}],"collection":[{"href":"https:\/\/bqeye.com\/pl\/wp-json\/wp\/v2\/product"}],"about":[{"href":"https:\/\/bqeye.com\/pl\/wp-json\/wp\/v2\/types\/product"}],"replies":[{"embeddable":true,"href":"https:\/\/bqeye.com\/pl\/wp-json\/wp\/v2\/comments?post=993"}],"wp:featuredmedia":[{"embeddable":true,"href":"https:\/\/bqeye.com\/pl\/wp-json\/wp\/v2\/media\/1000"}],"wp:attachment":[{"href":"https:\/\/bqeye.com\/pl\/wp-json\/wp\/v2\/media?parent=993"}],"wp:term":[{"taxonomy":"product_brand","embeddable":true,"href":"https:\/\/bqeye.com\/pl\/wp-json\/wp\/v2\/product_brand?post=993"},{"taxonomy":"product_cat","embeddable":true,"href":"https:\/\/bqeye.com\/pl\/wp-json\/wp\/v2\/product_cat?post=993"},{"taxonomy":"product_tag","embeddable":true,"href":"https:\/\/bqeye.com\/pl\/wp-json\/wp\/v2\/product_tag?post=993"}],"curies":[{"name":"wp","href":"https:\/\/api.w.org\/{rel}","templated":true}]}}