{"id":2625,"date":"2026-01-20T10:05:34","date_gmt":"2026-01-20T02:05:34","guid":{"rendered":"https:\/\/bqeye.com\/maintenance-page\/"},"modified":"2026-01-20T10:13:22","modified_gmt":"2026-01-20T02:13:22","slug":"maintenance-page","status":"publish","type":"page","link":"https:\/\/bqeye.com\/pt\/maintenance-page\/","title":{"rendered":"P\u00e1gina de manuten\u00e7\u00e3o"},"content":{"rendered":"<div id=\"wp-block-themeisle-blocks-advanced-columns-38fdf81c\" class=\"wp-block-themeisle-blocks-advanced-columns alignfull has-2-columns has-desktop-equal-layout has-tablet-collapsedRows-layout has-mobile-collapsedRows-layout has-vertical-center\">\r\n<div class=\"wp-block-themeisle-blocks-advanced-columns-overlay\">\u00a0<\/div>\r\n<div class=\"innerblocks-wrap\">\r\n<div id=\"wp-block-themeisle-blocks-advanced-column-0a1b5b8c\" class=\"wp-block-themeisle-blocks-advanced-column\">\r\n<figure class=\"wp-block-image size-full is-resized\"><img decoding=\"async\" class=\"wp-image-388 lazyload\" data-src=\"https:\/\/demosites.io\/otter\/wp-content\/uploads\/sites\/664\/2022\/09\/placeholder-img-21-1.png\" alt=\"BQEYE Colored Contact Lenses -\" width=\"522\" height=\"360\" title=\"\" src=\"data:image\/svg+xml;base64,PHN2ZyB3aWR0aD0iMSIgaGVpZ2h0PSIxIiB4bWxucz0iaHR0cDovL3d3dy53My5vcmcvMjAwMC9zdmciPjwvc3ZnPg==\" style=\"--smush-placeholder-width: 522px; --smush-placeholder-aspect-ratio: 522\/360;\"><\/figure>\r\n<\/div>\r\n\r\n\r\n\r\n<div id=\"wp-block-themeisle-blocks-advanced-column-efa311e1\" class=\"wp-block-themeisle-blocks-advanced-column\">\r\n<h1 id=\"wp-block-themeisle-blocks-advanced-heading-341a26ad\" class=\"wp-block-themeisle-blocks-advanced-heading wp-block-themeisle-blocks-advanced-heading-341a26ad\">S\u00edtio em manuten\u00e7\u00e3o<\/h1>\r\n\r\n\r\n\r\n<p dir=\"auto\"><span style=\"color: #ffffff;\"><strong>Caros clientes da BQEYE,<\/strong><\/span><\/p>\r\n<div><span style=\"color: #e8e8e8;\">Estamos a efetuar uma manuten\u00e7\u00e3o programada no nosso s\u00edtio Web para melhorar a sua experi\u00eancia de compra em geral e garantir que tudo corre ainda melhor.<\/span><\/div>\r\n<div>\u00a0<\/div>\r\n<div><span style=\"color: #e8e8e8;\">O s\u00edtio estar\u00e1 temporariamente indispon\u00edvel durante cerca de 6 horas.<\/span><\/div>\r\n<div>\u00a0<\/div>\r\n<div><span style=\"color: #e8e8e8;\">Pedimos sinceras desculpas por qualquer inconveniente que isto possa causar e agradecemos sinceramente a sua paci\u00eancia e compreens\u00e3o. As suas lentes coloridas e os seus olhos perfeitos valem a pena a curta espera!<\/span><\/div>\r\n<div>\u00a0<\/div>\r\n<div><span style=\"color: #e8e8e8;\">Voltaremos a estar online o mais rapidamente poss\u00edvel. Obrigado por fazeres parte da fam\u00edlia BQEYE.<\/span><\/div>\r\n<div>\u00a0<\/div>\r\n<div><span style=\"color: #e8e8e8;\">Vemo-nos em breve com vibra\u00e7\u00f5es mais frescas! A equipa BQEYE \ud83d\udc99<\/span><\/div>\r\n<p dir=\"auto\">\u00a0<\/p>\r\n\r\n\r\n\r\n\r\n<\/div>\r\n<\/div>\r\n<\/div>","protected":false},"excerpt":{"rendered":"","protected":false},"author":1,"featured_media":0,"parent":0,"menu_order":0,"comment_status":"closed","ping_status":"closed","template":"templates\/wpmm-page-template.php","meta":{"footnotes":""},"class_list":["post-2625","page","type-page","status-publish","hentry"],"_links":{"self":[{"href":"https:\/\/bqeye.com\/pt\/wp-json\/wp\/v2\/pages\/2625","targetHints":{"allow":["GET"]}}],"collection":[{"href":"https:\/\/bqeye.com\/pt\/wp-json\/wp\/v2\/pages"}],"about":[{"href":"https:\/\/bqeye.com\/pt\/wp-json\/wp\/v2\/types\/page"}],"author":[{"embeddable":true,"href":"https:\/\/bqeye.com\/pt\/wp-json\/wp\/v2\/users\/1"}],"replies":[{"embeddable":true,"href":"https:\/\/bqeye.com\/pt\/wp-json\/wp\/v2\/comments?post=2625"}],"version-history":[{"count":7,"href":"https:\/\/bqeye.com\/pt\/wp-json\/wp\/v2\/pages\/2625\/revisions"}],"predecessor-version":[{"id":2632,"href":"https:\/\/bqeye.com\/pt\/wp-json\/wp\/v2\/pages\/2625\/revisions\/2632"}],"wp:attachment":[{"href":"https:\/\/bqeye.com\/pt\/wp-json\/wp\/v2\/media?parent=2625"}],"curies":[{"name":"wp","href":"https:\/\/api.w.org\/{rel}","templated":true}]}}