{"id":328,"date":"2023-09-07T12:23:58","date_gmt":"2023-09-07T12:23:58","guid":{"rendered":"https:\/\/bqeye.com\/?page_id=328"},"modified":"2023-12-10T06:22:04","modified_gmt":"2023-12-10T06:22:04","slug":"about-us","status":"publish","type":"page","link":"https:\/\/bqeye.com\/pt\/about-us\/","title":{"rendered":"Sobre n\u00f3s"},"content":{"rendered":"<h3 class=\"md-end-block md-heading\"><span class=\"md-plain md-expand\">A nossa hist\u00f3ria<\/span><\/h3>\n<p class=\"md-end-block md-p md-focus\"><span class=\"md-plain md-expand\">Diz-se que os olhos s\u00e3o a janela da alma. Mas durante demasiado tempo, as empresas de lentes de contacto limitaram o que podemos ver atrav\u00e9s dessas janelas. Os grandes operadores dominam o sector, cobrando pre\u00e7os excessivos por lentes transparentes b\u00e1sicas e ignorando a procura de mais op\u00e7\u00f5es por parte dos consumidores. Transformaram as lentes de contacto numa mercadoria sem gra\u00e7a, em vez de uma oportunidade excitante de auto-express\u00e3o.<\/span><\/p>\n<p class=\"md-end-block md-p\"><span class=\"md-plain\">Cri\u00e1mos a nossa empresa para quebrar essas janelas manchadas e trazer alguma cor ao mundo das lentes de contacto.<\/span><\/p>\n<h3 class=\"md-end-block md-heading\"><span class=\"md-plain\">Quem somos<\/span><\/h3>\n<p class=\"md-end-block md-p\"><span class=\"md-plain\">O meu nome \u00e9 Alex e eu sou Alice. Somos irm\u00e3os, empres\u00e1rios e, acima de tudo, optimistas incans\u00e1veis.<\/span><\/p>\n<p class=\"md-end-block md-p\"><span class=\"md-plain\">Enquanto cresc\u00edamos, ambos lut\u00e1vamos com problemas de vis\u00e3o que nos obrigavam a usar \u00f3culos ou lentes de contacto desde muito cedo. Quando \u00e9ramos adolescentes, poup\u00e1mos a nossa mesada para comprar lentes de contacto coloridas que nos permitiam mudar a cor dos olhos por divers\u00e3o. Nessa altura, apercebemo-nos de como era transformador mudar at\u00e9 um pequeno detalhe da nossa apar\u00eancia.<\/span><\/p>\n<p class=\"md-end-block md-p\"><span class=\"md-plain\">Mais tarde, na faculdade, fal\u00e1mos muitas vezes em criar uma empresa juntos, um dia. Uma noite, ao jantar, tivemos a fa\u00edsca que levou \u00e0 nossa atual empresa. Est\u00e1vamos a queixar-nos do aumento dos custos das lentes de contacto e da falta de inova\u00e7\u00e3o dos grandes fabricantes. Foi ent\u00e3o que tivemos a ideia: lan\u00e7ar uma empresa de lentes de contacto coloridas e acess\u00edveis que permitisse \u00e0s pessoas fazer uma declara\u00e7\u00e3o, e n\u00e3o apenas corrigir a sua vis\u00e3o.<\/span><\/p>\n<p class=\"md-end-block md-p\"><span class=\"md-plain\">Sab\u00edamos que n\u00e3o seria f\u00e1cil quebrar o oligop\u00f3lio da ind\u00fastria das lentes de contacto. Mas est\u00e1vamos determinados a trazer a mudan\u00e7a, a criatividade e a poupan\u00e7a de custos aos consumidores. Por isso, desenvolvemos um plano, contact\u00e1mos parceiros de fabrico e demos o salto para o empreendedorismo.<\/span><\/p>\n<h3 class=\"md-end-block md-heading\"><span class=\"md-plain\">Porqu\u00ea lentes de contacto coloridas?<\/span><\/h3>\n<p class=\"md-end-block md-p\"><span class=\"md-plain\">As lentes de contacto coloridas permitem-lhe transformar o seu visual num instante. Quer experimentar uma mudan\u00e7a radical na cor dos olhos? Passe de castanho a azul num instante. Apetece-lhe usar olhos de gato para uma festa de m\u00e1scaras? Agora pode faz\u00ea-lo com lentes de contacto coloridas.<\/span><\/p>\n<p class=\"md-end-block md-p\"><span class=\"md-plain\">Para al\u00e9m do fator divers\u00e3o, as lentes de contacto coloridas tamb\u00e9m agradam a quem procura um realce subtil da cor natural dos olhos. Por exemplo, aclarar um castanho escuro para um tom de mel, ou adicionar um anel limbar para fazer sobressair os olhos azuis.<\/span><\/p>\n<p class=\"md-end-block md-p\"><span class=\"md-plain\">Os casos de utiliza\u00e7\u00e3o v\u00e3o muito al\u00e9m do apelo est\u00e9tico. As lentes de contacto coloridas permitem aplica\u00e7\u00f5es m\u00e9dicas como as pr\u00f3teses oculares. Podem tamb\u00e9m proporcionar prote\u00e7\u00e3o UV aos olhos quando formuladas com filtros protectores.<\/span><\/p>\n<p class=\"md-end-block md-p\"><span class=\"md-plain\">Em geral, as op\u00e7\u00f5es de cor das lentes de contacto permitem a express\u00e3o pessoal, aumentam a auto-confian\u00e7a, respondem a necessidades m\u00e9dicas e expandem a defini\u00e7\u00e3o de beleza. As possibilidades s\u00e3o infinitas quando se v\u00ea as lentes de contacto como um acess\u00f3rio cosm\u00e9tico e n\u00e3o apenas como um dispositivo m\u00e9dico.<\/span><\/p>\n<h3 class=\"md-end-block md-heading\"><span class=\"md-plain\">Porqu\u00ea agora?<\/span><\/h3>\n<p class=\"md-end-block md-p\"><span class=\"md-plain\">Os avan\u00e7os na tecnologia e no fabrico de lentes de contacto fazem com que esta seja a altura ideal para lan\u00e7ar a nossa vis\u00e3o colorida.<\/span><\/p>\n<p class=\"md-end-block md-p\"><span class=\"md-plain\">Quando come\u00e7\u00e1mos a investigar a ind\u00fastria das lentes de contacto, encontr\u00e1mos um espa\u00e7o em branco no mercado. Os produtos dispon\u00edveis estavam desactualizados e sem inspira\u00e7\u00e3o. As lentes de corre\u00e7\u00e3o para vis\u00e3o clara dominam o mercado, enquanto as lentes de contacto coloridas s\u00e3o tratadas como uma novidade de nicho.<\/span><\/p>\n<p class=\"md-end-block md-p\"><span class=\"md-plain\">Mas a procura de cor e auto-express\u00e3o \u00e9 forte. Num inqu\u00e9rito que realiz\u00e1mos a jovens entre os 18 e os 35 anos, mais de 85% afirmaram que estariam interessados em lentes de contacto coloridas se o custo fosse compar\u00e1vel ao das lentes transparentes. Al\u00e9m disso, 72% queriam op\u00e7\u00f5es de cores mais dram\u00e1ticas para al\u00e9m de apenas real\u00e7ar a cor natural dos seus olhos.<\/span><\/p>\n<p class=\"md-end-block md-p\"><span class=\"md-plain\">Este desfasamento entre a procura dos consumidores e a falta de lentes de cor de qualidade e a pre\u00e7os acess\u00edveis representa uma enorme oportunidade. Com os recentes avan\u00e7os na ci\u00eancia dos materiais e nos m\u00e9todos de fabrico de lentes, podemos agora oferecer lentes de cor duradouras e vibrantes diretamente aos consumidores a pre\u00e7os revolucion\u00e1rios. A tecnologia finalmente alcan\u00e7ou os desejos das pessoas.<\/span><\/p>\n<h3 class=\"md-end-block md-heading\"><span class=\"md-plain\">A nossa vis\u00e3o<\/span><\/h3>\n<p class=\"md-end-block md-p\"><span class=\"md-plain\">Imaginamos um futuro em que as lentes de contacto coloridas sejam uma forma divertida e acess\u00edvel de transformar o seu visual, e n\u00e3o um artigo de especialidade raramente utilizado.<\/span><\/p>\n<p class=\"md-end-block md-p\"><span class=\"md-plain\">Quase como uma maquilhagem para os seus olhos, as nossas lentes de contacto coloridas permitir\u00e3o a auto-express\u00e3o e a explora\u00e7\u00e3o. Queremos ajud\u00e1-la a sentir-se confiante e confort\u00e1vel ao experimentar novas cores, sabendo que as nossas lentes s\u00e3o de alta qualidade e acess\u00edveis.<\/span><\/p>\n<p class=\"md-end-block md-p\"><span class=\"md-plain\">Quer pretenda fazer uma mudan\u00e7a subtil ou destacar-se na multid\u00e3o, as nossas lentes permitem tudo. Oferecemos a mais vasta sele\u00e7\u00e3o de cores do mercado, com op\u00e7\u00f5es ex\u00f3ticas que v\u00e3o muito al\u00e9m dos habituais castanhos, azuis, verdes e cinzentos. Estamos a falar de designs met\u00e1licos ricos, pastel e at\u00e9 com padr\u00f5es.<\/span><\/p>\n<p class=\"md-end-block md-p\"><span class=\"md-plain\">Ao mesmo tempo que expandimos a paleta de cores, pretendemos tamb\u00e9m reduzir drasticamente os custos. O nosso modelo de neg\u00f3cio direto ao consumidor permite poupan\u00e7as de at\u00e9 75% em rela\u00e7\u00e3o \u00e0s marcas de lentes de contacto tradicionais. Imaginamos um dia em que as emocionantes lentes de contacto coloridas custem aproximadamente o mesmo que uma lente transparente convencional - tornando-as uma compra f\u00e1cil e regular, em vez de um luxo.<\/span><\/p>\n<p class=\"md-end-block md-p\"><span class=\"md-plain\">Ao longo do nosso r\u00e1pido crescimento, nunca perderemos de vista o nosso compromisso com a qualidade. Todas as nossas lentes s\u00e3o fabricadas em instala\u00e7\u00f5es de \u00faltima gera\u00e7\u00e3o e submetidas a rigorosos testes de seguran\u00e7a. Porque a sa\u00fade dos olhos nunca deve ser sacrificada em prol do estilo.<\/span><\/p>\n<p class=\"md-end-block md-p\"><span class=\"md-plain\">Em suma, a nossa vis\u00e3o \u00e9 um mundo onde as lentes de contacto coloridas s\u00e3o:<\/span><\/p>\n<p class=\"md-end-block md-p\">-<span class=\"md-plain\"> Acess\u00edvel - pre\u00e7os acess\u00edveis, encomenda f\u00e1cil em linha<\/span><\/p>\n<p class=\"md-end-block md-p\">-<span class=\"md-plain\"> Alta qualidade - rigorosamente testado quanto \u00e0 seguran\u00e7a e durabilidade<\/span><\/p>\n<p class=\"md-end-block md-p\">-<span class=\"md-plain\"> On Trend - estilos que antecipam e lideram os mercados<\/span><\/p>\n<p class=\"md-end-block md-p\">-<span class=\"md-plain\"> Capacita\u00e7\u00e3o - uma forma divertida de transformar o seu visual \u00e0 sua maneira<\/span><\/p>\n<p class=\"md-end-block md-p\"><span class=\"md-plain\">Os nossos progressos at\u00e9 \u00e0 data<\/span><\/p>\n<p class=\"md-end-block md-p\"><span class=\"md-plain\">Nos \u00faltimos dois anos, trabalh\u00e1mos incansavelmente para transformar a nossa vis\u00e3o em realidade:<\/span><\/p>\n<p class=\"md-end-block md-p\">-<span class=\"md-plain\"> Estabelecemos parcerias com os principais fabricantes mundiais de lentes de contacto para produzir a nossa carteira de lentes descart\u00e1veis di\u00e1rias, lentes para v\u00e1rias semanas e lentes prot\u00e9ticas de efeitos especiais.<\/span><\/p>\n<p class=\"md-end-block md-p\">-<span class=\"md-plain\"> Recrut\u00e1mos oftalmologistas e engenheiros de produto de renome para consultarem as nossas f\u00f3rmulas de lentes, testes de seguran\u00e7a e fabrico.<\/span><\/p>\n<p class=\"md-end-block md-p\">-<span class=\"md-plain\"> Obtivemos materiais de alta qualidade, como pol\u00edmeros patenteados que mudam de cor e pigmentos de cor personalizados para obter cores vibrantes e duradouras.<\/span><\/p>\n<p class=\"md-end-block md-p\">-<span class=\"md-plain\"> Aperfei\u00e7o\u00e1mos as nossas opera\u00e7\u00f5es de com\u00e9rcio eletr\u00f3nico direto ao consumidor, permitindo aos clientes selecionar, personalizar e encomendar facilmente lentes online.<\/span><\/p>\n<p class=\"md-end-block md-p\">-<span class=\"md-plain\"> Desenvolvemos t\u00e9cnicas inovadoras para fabricar r\u00e1pida e eficientemente pequenos lotes de novos designs de cores em resposta ao feedback dos consumidores. Esta agilidade mant\u00e9m os nossos estilos frescos e excitantes.<\/span><\/p>\n<p class=\"md-end-block md-p\">-<span class=\"md-plain\"> Cri\u00e1mos um centro de distribui\u00e7\u00e3o de classe mundial para enviar lentes diretamente aos clientes num tempo m\u00ednimo.<\/span><\/p>\n<p class=\"md-end-block md-p\">-<span class=\"md-plain\"> A nossa equipa cresceu para mais de 50 pessoas apaixonadas por tecnologia, marketing, opera\u00e7\u00f5es e fun\u00e7\u00f5es de envolvimento da comunidade.<\/span><\/p>\n<p class=\"md-end-block md-p\">-<span class=\"md-plain\"> Fech\u00e1mos com sucesso uma ronda de financiamento S\u00e9rie A de $7 milh\u00f5es para alimentar os nossos planos de expans\u00e3o.<\/span><\/p>\n<p class=\"md-end-block md-p\">-<span class=\"md-plain\"> Mais importante ainda, lan\u00e7\u00e1mos a nossa loja online h\u00e1 6 meses. Desde ent\u00e3o, mais de 20.000 clientes descobriram a alegria, a confian\u00e7a e a liberdade que adv\u00eam das nossas lentes de contacto coloridas.<\/span><\/p>\n<p class=\"md-end-block md-p\"><span class=\"md-plain\">Isto \u00e9 apenas o come\u00e7o. Na pr\u00f3xima fase de crescimento, n\u00f3s iremos:<\/span><\/p>\n<p class=\"md-end-block md-p\">-<span class=\"md-plain\"> Aumentar a nossa carteira de cores de 100 op\u00e7\u00f5es para mais de 500<\/span><\/p>\n<p class=\"md-end-block md-p\">-<span class=\"md-plain\"> Expans\u00e3o internacional para servir clientes em mais de 15 pa\u00edses<\/span><\/p>\n<p class=\"md-end-block md-p\">-<span class=\"md-plain\"> Aumentar a nossa comunidade para mais de 500.000 clientes de lentes de contacto coloridas<\/span><\/p>\n<p class=\"md-end-block md-p\">-<span class=\"md-plain\"> Reduzir os custos em mais 20%, transferindo as poupan\u00e7as para os clientes<\/span><\/p>\n<p class=\"md-end-block md-p\">-<span class=\"md-plain\"> Aperfei\u00e7oar as nossas capacidades de dados e de an\u00e1lise para compreender o comportamento e as prefer\u00eancias dos compradores<\/span><\/p>\n<p class=\"md-end-block md-p\">-<span class=\"md-plain\"> Investir em novas tecnologias, como a realidade aumentada, para melhorar a experi\u00eancia de compra em linha<\/span><\/p>\n<p class=\"md-end-block md-p\">-<span class=\"md-plain\"> Manter o nosso compromisso com a sustentabilidade atrav\u00e9s de embalagens e fabrico ecol\u00f3gicos<\/span><\/p>\n<p class=\"md-end-block md-p\"><span class=\"md-plain\">Com o seu apoio, sabemos que conseguiremos transformar a ind\u00fastria das lentes de contacto obsoleta e colocar em evid\u00eancia a vitalidade e a auto-express\u00e3o. Junte-se a n\u00f3s nesta viagem!<\/span><\/p>\n<h3 class=\"md-end-block md-heading\"><span class=\"md-plain\">A nossa equipa<\/span><\/h3>\n<p class=\"md-end-block md-p\"><span class=\"md-plain\">Embora o Alex e eu tenhamos fundado a empresa, temos agora uma equipa incr\u00edvel de 50 funcion\u00e1rios que abra\u00e7am a nossa vis\u00e3o e trazem uma energia e conhecimentos inestim\u00e1veis.<\/span><\/p>\n<p class=\"md-end-block md-p\"><span class=\"md-plain\">A nossa equipa inclui:<\/span><\/p>\n<ul class=\"ul-list\" data-mark=\"-\">\n<li class=\"md-list-item\">\n<p class=\"md-end-block md-p\">-<span class=\"md-plain\"> Oftalmologistas e optometristas: Garantir que as nossas lentes correspondem ou excedem as normas de seguran\u00e7a do sector<\/span><\/p>\n<\/li>\n<li class=\"md-list-item\">\n<p class=\"md-end-block md-p\">-<span class=\"md-plain\"> Qu\u00edmicos de lentes de contacto: Desenvolvimento de materiais e revestimentos de \u00faltima gera\u00e7\u00e3o para conforto e durabilidade<\/span><\/p>\n<\/li>\n<li class=\"md-list-item\">\n<p class=\"md-end-block md-p\">-<span class=\"md-plain\"> Engenheiros de fabrico: Supervis\u00e3o dos processos de produ\u00e7\u00e3o e do controlo de qualidade<\/span><\/p>\n<\/li>\n<li class=\"md-list-item\">\n<p class=\"md-end-block md-p\">-<span class=\"md-plain\"> Gurus do com\u00e9rcio eletr\u00f3nico: Gerir a nossa loja online e a experi\u00eancia do cliente de ponta a ponta<\/span><\/p>\n<\/li>\n<li class=\"md-list-item\">\n<p class=\"md-end-block md-p\">-<span class=\"md-plain\"> Designers gr\u00e1ficos: Conceptualiza\u00e7\u00e3o de padr\u00f5es e efeitos de cor na moda<\/span><\/p>\n<\/li>\n<li class=\"md-list-item\">\n<p class=\"md-end-block md-p\">-<span class=\"md-plain\"> Magos do marketing: Construir a nossa comunidade e promover a nossa miss\u00e3o<\/span><\/p>\n<\/li>\n<li class=\"md-list-item\">\n<p class=\"md-end-block md-p\">-<span class=\"md-plain\"> Ninjas do cumprimento: Fornecer uma log\u00edstica de entrega r\u00e1pida de encomendas<\/span><\/p>\n<\/li>\n<li class=\"md-list-item\">\n<p class=\"md-end-block md-p\">-<span class=\"md-plain\"> Defensores do atendimento ao cliente: Prestar um apoio excecional antes e depois da compra<\/span><\/p>\n<\/li>\n<li class=\"md-list-item\">\n<p class=\"md-end-block md-p\">-<span class=\"md-plain\"> Profissionais de opera\u00e7\u00f5es empresariais: Liderar as \u00e1reas financeira, de RH, jur\u00eddica e outras fun\u00e7\u00f5es operacionais<\/span><\/p>\n<\/li>\n<\/ul>\n<p class=\"md-end-block md-p\"><span class=\"md-plain\">Tamb\u00e9m estabelecemos parcerias com influenciadores e oftalmologistas em todo o mundo para promover os nossos produtos e ajudar a educar sobre a utiliza\u00e7\u00e3o segura de lentes de contacto coloridas.<\/span><\/p>\n<p class=\"md-end-block md-p\"><span class=\"md-plain\">Esta equipa talentosa permite-nos continuar a inovar e, ao mesmo tempo, crescer de forma respons\u00e1vel. Estamos muito gratos pela sua paix\u00e3o e talento.<\/span><\/p>\n<h3 class=\"md-end-block md-heading\"><span class=\"md-plain\">Os nossos parceiros de fabrico<\/span><\/h3>\n<p class=\"md-end-block md-p\"><span class=\"md-plain\">Para produzir as nossas lentes de contacto coloridas da pr\u00f3xima gera\u00e7\u00e3o, colabor\u00e1mos com tr\u00eas parceiros de fabrico l\u00edderes da ind\u00fastria nos EUA, Europa e \u00c1sia.<\/span><\/p>\n<p class=\"md-end-block md-p\"><span class=\"md-plain\">Estes parceiros fornecem acesso a instala\u00e7\u00f5es de \u00faltima gera\u00e7\u00e3o, laborat\u00f3rios de testes de seguran\u00e7a e conhecimentos t\u00e9cnicos. A sua presen\u00e7a global permite-nos fornecer lentes de forma eficiente a clientes de todo o mundo.<\/span><\/p>\n<p class=\"md-end-block md-p\"><span class=\"md-plain\">Mantemos uma supervis\u00e3o rigorosa de todo o processo de fabrico atrav\u00e9s de inspec\u00e7\u00f5es de qualidade no local, auditorias de seguran\u00e7a e da afeta\u00e7\u00e3o de pessoal a cada instala\u00e7\u00e3o. Esta abordagem pr\u00e1tica garante que todas as lentes cumprem os nossos rigorosos padr\u00f5es.<\/span><\/p>\n<p class=\"md-end-block md-p\"><span class=\"md-plain\">As nossas rela\u00e7\u00f5es de fabrico tamb\u00e9m nos permitem desenvolver rapidamente novas cores e gerir picos de procura. Podemos aumentar rapidamente a produ\u00e7\u00e3o em diferentes regi\u00f5es geogr\u00e1ficas. Esta flexibilidade ajuda-nos a permanecer na vanguarda das tend\u00eancias das lentes de contacto coloridas.<\/span><\/p>\n<p class=\"md-end-block md-p\"><span class=\"md-plain\">Enquanto alguns concorrentes tentam esconder os seus parceiros de fabrico, n\u00f3s partilhamos orgulhosamente estas colabora\u00e7\u00f5es. Os nossos clientes merecem saber quem fabrica as suas lentes e onde. Mantemo-nos a n\u00f3s pr\u00f3prios e aos nossos parceiros nos mais elevados padr\u00f5es de \u00e9tica, qualidade e transpar\u00eancia.<\/span><\/p>\n<h3 class=\"md-end-block md-heading\"><span class=\"md-plain\">O caminho a seguir<\/span><\/h3>\n<p class=\"md-end-block md-p\"><span class=\"md-plain\">Fizemos um enorme progresso desde a nossa funda\u00e7\u00e3o h\u00e1 dois anos. Mas ainda s\u00f3 arranh\u00e1mos a superf\u00edcie do que \u00e9 poss\u00edvel.<\/span><\/p>\n<p class=\"md-end-block md-p\"><span class=\"md-plain md-expand\">Olhando para o futuro,<\/span><\/p>","protected":false},"excerpt":{"rendered":"<p>Our Story They say eyes are the window to the soul. But for too long, contact lens companies have limited what we can see through those windows. The big players dominate the industry, overcharging for basic clear lenses while ignoring consumer demand for more options. They\u2019ve turned contact lenses into a bland commodity, rather than [&#8230;]\n","protected":false},"author":1,"featured_media":0,"parent":0,"menu_order":0,"comment_status":"closed","ping_status":"closed","template":"","meta":{"footnotes":""},"class_list":["post-328","page","type-page","status-publish","hentry"],"_links":{"self":[{"href":"https:\/\/bqeye.com\/pt\/wp-json\/wp\/v2\/pages\/328","targetHints":{"allow":["GET"]}}],"collection":[{"href":"https:\/\/bqeye.com\/pt\/wp-json\/wp\/v2\/pages"}],"about":[{"href":"https:\/\/bqeye.com\/pt\/wp-json\/wp\/v2\/types\/page"}],"author":[{"embeddable":true,"href":"https:\/\/bqeye.com\/pt\/wp-json\/wp\/v2\/users\/1"}],"replies":[{"embeddable":true,"href":"https:\/\/bqeye.com\/pt\/wp-json\/wp\/v2\/comments?post=328"}],"version-history":[{"count":0,"href":"https:\/\/bqeye.com\/pt\/wp-json\/wp\/v2\/pages\/328\/revisions"}],"wp:attachment":[{"href":"https:\/\/bqeye.com\/pt\/wp-json\/wp\/v2\/media?parent=328"}],"curies":[{"name":"wp","href":"https:\/\/api.w.org\/{rel}","templated":true}]}}