{"id":525,"date":"2023-09-09T06:52:33","date_gmt":"2023-09-09T06:52:33","guid":{"rendered":"https:\/\/bqeye.com\/?page_id=525"},"modified":"2023-09-09T06:52:33","modified_gmt":"2023-09-09T06:52:33","slug":"track-my-order","status":"publish","type":"page","link":"https:\/\/bqeye.com\/pt\/track-my-order\/","title":{"rendered":"Acompanhar o meu pedido"},"content":{"rendered":"<p>&nbsp;<\/p>\n<ol>\n<li>Verificar o n\u00famero de seguimento a partir da caixa de correio enviada por <strong><span style=\"color: #003366;\"><a style=\"color: #003366;\" href=\"mailto:service@bqeye.com\">service@bqeye.com<\/a><\/span><\/strong> Verifique tamb\u00e9m a caixa de lixo eletr\u00f3nico ou a caixa de spam.<\/li>\n<li>Visitar <strong><span style=\"color: #d83131;\"><em><a style=\"color: #d83131;\" href=\"https:\/\/724track.com\" target=\"_blank\" rel=\"noopener sponsored\">https:\/\/724track.com<\/a><\/em><\/span> <\/strong>e introduza o seu n\u00famero de seguimento para seguir a sua encomenda.<\/li>\n<\/ol>\n<p>Se mesmo assim n\u00e3o encontrar nenhum e-mail ou c\u00f3digo de rastreio, envie um e-mail para<strong> <a href=\"mailto:service@bqeye.com\"><span style=\"color: #003366;\">service@bqeye.com<\/span><\/a> <\/strong>com o seu n\u00famero de encomenda ou o seu endere\u00e7o de correio, a nossa equipa de servi\u00e7o ajud\u00e1-lo-\u00e1 a procurar e a enviar o seu link de rastreio. obrigado!<\/p>\n<p style=\"text-align: center;\"><a href=\"https:\/\/724track.com\" target=\"_blank\" class=\"button success\" rel=\"noopener\" style=\"border-radius:10px;\">\n\t\t<span>Acompanhar o meu pedido<\/span>\n\t<i class=\"icon-search\" aria-hidden=\"true\"><\/i><\/a>\n\n<p>&nbsp;<\/p>","protected":false},"excerpt":{"rendered":"<p>&nbsp; Check your tracking number from mailbox send by service@bqeye.com , also check Junk box or spam box. Visit https:\/\/724track.com and input your tracking number to track your order. If you still can&#8217;t find any mail or tracking code, just send mail to service@bqeye.com with your order number or your mail address, our service team [&#8230;]\n","protected":false},"author":1,"featured_media":0,"parent":0,"menu_order":0,"comment_status":"closed","ping_status":"closed","template":"","meta":{"footnotes":""},"class_list":["post-525","page","type-page","status-publish","hentry"],"_links":{"self":[{"href":"https:\/\/bqeye.com\/pt\/wp-json\/wp\/v2\/pages\/525","targetHints":{"allow":["GET"]}}],"collection":[{"href":"https:\/\/bqeye.com\/pt\/wp-json\/wp\/v2\/pages"}],"about":[{"href":"https:\/\/bqeye.com\/pt\/wp-json\/wp\/v2\/types\/page"}],"author":[{"embeddable":true,"href":"https:\/\/bqeye.com\/pt\/wp-json\/wp\/v2\/users\/1"}],"replies":[{"embeddable":true,"href":"https:\/\/bqeye.com\/pt\/wp-json\/wp\/v2\/comments?post=525"}],"version-history":[{"count":0,"href":"https:\/\/bqeye.com\/pt\/wp-json\/wp\/v2\/pages\/525\/revisions"}],"wp:attachment":[{"href":"https:\/\/bqeye.com\/pt\/wp-json\/wp\/v2\/media?parent=525"}],"curies":[{"name":"wp","href":"https:\/\/api.w.org\/{rel}","templated":true}]}}