{"id":685,"date":"2023-09-10T13:19:13","date_gmt":"2023-09-10T13:19:13","guid":{"rendered":"https:\/\/bqeye.com\/?page_id=685"},"modified":"2023-11-07T14:39:54","modified_gmt":"2023-11-07T14:39:54","slug":"contact-us","status":"publish","type":"page","link":"https:\/\/bqeye.com\/pt\/contact-us\/","title":{"rendered":"Contate-nos"},"content":{"rendered":"<p>Valorizamos o seu feedback e estamos aqui para o ajudar. Se pretender acompanhar o estado da sua encomenda, visite o nosso s\u00edtio Web dedicado ao acompanhamento de encomendas em\u00a0<strong><a href=\"https:\/\/724track.com\/\" target=\"_blank\" rel=\"noopener\">https:\/\/724track.com<\/a><\/strong>. Esta plataforma permite-lhe introduzir o seu e-mail e o n\u00famero de seguimento para verificar o estado da sua encomenda. Por vezes, os nossos n\u00fameros de seguimento de encomendas podem ser assinalados como marketing e acabar nas suas pastas de spam ou de lixo.<\/p>\n<p>Para quest\u00f5es relacionadas com encomendas di\u00e1rias, servi\u00e7o p\u00f3s-venda ou qualquer assist\u00eancia geral, contacte-nos por correio eletr\u00f3nico para\u00a0<strong><a href=\"mailto:service@bqeye.com\" target=\"_blank\" rel=\"noopener\">service@bqeye.com<\/a>.<\/strong><\/p>\n<p>Se tiver alguma quest\u00e3o relacionada com colabora\u00e7\u00f5es de influenciadores ou oportunidades de parceria, contacte-nos atrav\u00e9s de <strong><a href=\"mailto:cop@bqeye.com\" target=\"_blank\" rel=\"noopener\">ins@bqeye.com<\/a>.<\/strong><\/p>\n<p>Esfor\u00e7amo-nos por responder a todos os pedidos de informa\u00e7\u00e3o no prazo de 24-48 horas. Obrigado por nos contactar!<\/p>","protected":false},"excerpt":{"rendered":"<p>We value your feedback and are here to assist you. If you would like to track your package status, please visit our dedicated package tracking site at\u00a0https:\/\/724track.com. This platform allows you to input your email and tracking number to check the status of your package. Sometimes, our package tracking numbers may be flagged as marketing [&#8230;]\n","protected":false},"author":1,"featured_media":0,"parent":0,"menu_order":0,"comment_status":"closed","ping_status":"closed","template":"","meta":{"footnotes":""},"class_list":["post-685","page","type-page","status-publish","hentry"],"_links":{"self":[{"href":"https:\/\/bqeye.com\/pt\/wp-json\/wp\/v2\/pages\/685","targetHints":{"allow":["GET"]}}],"collection":[{"href":"https:\/\/bqeye.com\/pt\/wp-json\/wp\/v2\/pages"}],"about":[{"href":"https:\/\/bqeye.com\/pt\/wp-json\/wp\/v2\/types\/page"}],"author":[{"embeddable":true,"href":"https:\/\/bqeye.com\/pt\/wp-json\/wp\/v2\/users\/1"}],"replies":[{"embeddable":true,"href":"https:\/\/bqeye.com\/pt\/wp-json\/wp\/v2\/comments?post=685"}],"version-history":[{"count":0,"href":"https:\/\/bqeye.com\/pt\/wp-json\/wp\/v2\/pages\/685\/revisions"}],"wp:attachment":[{"href":"https:\/\/bqeye.com\/pt\/wp-json\/wp\/v2\/media?parent=685"}],"curies":[{"name":"wp","href":"https:\/\/api.w.org\/{rel}","templated":true}]}}