{"id":1001,"date":"2023-09-12T11:56:58","date_gmt":"2023-09-12T11:56:58","guid":{"rendered":"https:\/\/bqeye.com\/?post_type=product&#038;p=1001"},"modified":"2024-04-18T02:21:32","modified_gmt":"2024-04-18T02:21:32","slug":"bqeye-magnificent-antarctic-blue-colored-contact-lenses","status":"publish","type":"product","link":"https:\/\/bqeye.com\/pt\/bqeye-magnificent-antarctic-blue-colored-contact-lenses\/","title":{"rendered":"Lentes de contato de cor azul ant\u00e1rtica magn\u00edficas BQeye"},"content":{"rendered":"<p>Desperte os olhos com uma m\u00edstica gelada com as lentes de contacto coloridas Magnificent Antarctic Blue da BQeye. A nossa mistura cer\u00falea de pervinca, azul e cobalto revela orbes vivos com um esplendor invernal.<\/p>\n<p>Para al\u00e9m do mero azul, Magnificent acende tons de \u00edndigo e safira - vislumbres de auroras a dan\u00e7ar entre as estrelas da noite polar. Estas lentes de contacto coloridas especializadas real\u00e7am a beleza natural a partir do seu brilhante v\u00e9u gelado.<\/p>\n<p>Criada por artes\u00e3os mergulhados na magia polar, a Magnificent move-se de forma t\u00e3o segura e r\u00e1pida como os glaciares em queda. A humidade HEMA mant\u00e9m estas esferas cer\u00faleas cristalinas, quer explorem as profundezas geladas, quer prosperem no meio da beleza mais agreste da natureza. Agora os segredos do gelo podem emergir, se tiveres os olhos para ver verdadeiramente.<\/p>\n<p>Deixe que Magnificent amplifique o fasc\u00ednio hipnotizante com cores vivas. A precis\u00e3o da BQeye assegura uma suavidade amanteigada para real\u00e7ar o magnetismo penetrante, quer flores\u00e7a no meio da majestade glaciar ou observe com um foco gelado. Novos contos de maravilhas invernais brilham agora.<\/p>\n<p>Desperte a sua verdadeira natureza com lentes t\u00e3o resistentes e multifacetadas como o pr\u00f3prio gelo. \u00c9 altura de descobrir olhos que brilham com possibilidades infinitas, vislumbradas atrav\u00e9s do v\u00e9u azul encantador de Magnificent. A sua viagem pelas infinitas vistas glaciares da vida ainda agora come\u00e7ou.<\/p>","protected":false},"excerpt":{"rendered":"<p>Awaken eyes aglow with icy mystique via BQeye&#8217;s Magnificent Antarctic Blue colored contact lenses. Our cerulean medley of periwinkle, azure and cobalt unveils orbs alive with wintry splendor. Beyond mere blue, Magnificent ignites undertones of indigo and sapphire &#8211; glimpses of auroras dancing amid polar night&#8217;s stars. These specialized colored contact lenses enhance natural beauty [&#8230;]\n","protected":false},"featured_media":1008,"comment_status":"open","ping_status":"closed","template":"","meta":[],"product_brand":[],"product_cat":[207,91,75,96,98],"product_tag":[],"class_list":{"0":"post-1001","1":"product","2":"type-product","3":"status-publish","4":"has-post-thumbnail","6":"product_cat-magnificent","7":"product_cat-14-2-mm","8":"product_cat-blue-contact-lenses","9":"product_cat-non-prescription","10":"product_cat-yearly-disposable","12":"first","13":"instock","14":"sale","15":"shipping-taxable","16":"purchasable","17":"product-type-variable","18":"has-default-attributes"},"_links":{"self":[{"href":"https:\/\/bqeye.com\/pt\/wp-json\/wp\/v2\/product\/1001","targetHints":{"allow":["GET"]}}],"collection":[{"href":"https:\/\/bqeye.com\/pt\/wp-json\/wp\/v2\/product"}],"about":[{"href":"https:\/\/bqeye.com\/pt\/wp-json\/wp\/v2\/types\/product"}],"replies":[{"embeddable":true,"href":"https:\/\/bqeye.com\/pt\/wp-json\/wp\/v2\/comments?post=1001"}],"wp:featuredmedia":[{"embeddable":true,"href":"https:\/\/bqeye.com\/pt\/wp-json\/wp\/v2\/media\/1008"}],"wp:attachment":[{"href":"https:\/\/bqeye.com\/pt\/wp-json\/wp\/v2\/media?parent=1001"}],"wp:term":[{"taxonomy":"product_brand","embeddable":true,"href":"https:\/\/bqeye.com\/pt\/wp-json\/wp\/v2\/product_brand?post=1001"},{"taxonomy":"product_cat","embeddable":true,"href":"https:\/\/bqeye.com\/pt\/wp-json\/wp\/v2\/product_cat?post=1001"},{"taxonomy":"product_tag","embeddable":true,"href":"https:\/\/bqeye.com\/pt\/wp-json\/wp\/v2\/product_tag?post=1001"}],"curies":[{"name":"wp","href":"https:\/\/api.w.org\/{rel}","templated":true}]}}