{"id":1044,"date":"2023-09-18T03:03:14","date_gmt":"2023-09-18T03:03:14","guid":{"rendered":"https:\/\/bqeye.com\/?post_type=product&#038;p=1044"},"modified":"2024-04-18T02:21:14","modified_gmt":"2024-04-18T02:21:14","slug":"bqeye-stunna-girl-grey-colored-contact-lenses","status":"publish","type":"product","link":"https:\/\/bqeye.com\/pt\/bqeye-stunna-girl-grey-colored-contact-lenses\/","title":{"rendered":"Lentes de contato coloridas BQeye Stunna Girl cinza"},"content":{"rendered":"<p>Canalize a sua tend\u00eancia interior com as lentes de contacto de cor cinzenta Stunna Girl da BQeye. Sendo as lentes de contacto preferidas dos influenciadores da moda, estas lentes de contacto cinzentas e frescas permitem-lhe canalizar uma sofistica\u00e7\u00e3o urbana numa tonalidade vers\u00e1til.<\/p>\n<p>A nossa mistura antracite de carv\u00e3o e fumo desperta os seus olhos com uma fa\u00edsca estoica. Com lentes circulares e pigmentos subtis, pode conseguir looks que v\u00e3o desde o ardente ao atrevido. Fabricadas em material Hydraforte, estas lentes de contacto coloridas mant\u00eam as suas p\u00e1lpebras luxuosas durante todo o dia.<\/p>\n<p>Quer se trate de um conjunto totalmente preto ou de uma mistura de tend\u00eancias Y2K, as Lentes de Contacto Coloridas Cinzentas Stunna Girl combinam na perfei\u00e7\u00e3o com a sua vis\u00e3o de um estilo de rua exclusivo. Duradouras mas delicadas, s\u00e3o perfeitas para posti\u00e7os dram\u00e1ticos e looks com delineador gr\u00e1fico.<\/p>\n<p>Canalize a sua it girl interior atrav\u00e9s de olhos t\u00e3o vers\u00e1teis e modernos como a experi\u00eancia de estilo da influenciadora Stunna. Complete qualquer est\u00e9tica com o seu olhar cinzento hom\u00f3nimo - um toque neutro com uma vantagem que est\u00e1 sempre no ponto.<\/p>\n<p>Seja a rainha das abelhas com as lentes de contacto de assinatura da BQeye. Encomende hoje mesmo as Lentes de Contacto de Cor Cinzentas Stunna Girl para se manter um passo \u00e0 frente da curva das tend\u00eancias com um conforto duradouro.<\/p>","protected":false},"excerpt":{"rendered":"<p>Channel your inner trendsetter with BQeye&#8217;s signature Stunna Girl Grey Colored Contact Lenses. As the go-to lenses for fashion-forward influencers, these cool gray contacts allow you to channel an urban sophistication in a versatile hue. Our anthracite blend of charcoal and smoke awakens your eyes with a stoic spark. Featuring circle lenses and subtle pigments, [&#8230;]\n","protected":false},"featured_media":1051,"comment_status":"open","ping_status":"closed","template":"","meta":[],"product_brand":[],"product_cat":[104,91,81,96,98],"product_tag":[],"class_list":{"0":"post-1044","1":"product","2":"type-product","3":"status-publish","4":"has-post-thumbnail","6":"product_cat-stunna-girl","7":"product_cat-14-2-mm","8":"product_cat-grey-contact-lenses","9":"product_cat-non-prescription","10":"product_cat-yearly-disposable","12":"first","13":"instock","14":"sale","15":"shipping-taxable","16":"purchasable","17":"product-type-variable","18":"has-default-attributes"},"_links":{"self":[{"href":"https:\/\/bqeye.com\/pt\/wp-json\/wp\/v2\/product\/1044","targetHints":{"allow":["GET"]}}],"collection":[{"href":"https:\/\/bqeye.com\/pt\/wp-json\/wp\/v2\/product"}],"about":[{"href":"https:\/\/bqeye.com\/pt\/wp-json\/wp\/v2\/types\/product"}],"replies":[{"embeddable":true,"href":"https:\/\/bqeye.com\/pt\/wp-json\/wp\/v2\/comments?post=1044"}],"wp:featuredmedia":[{"embeddable":true,"href":"https:\/\/bqeye.com\/pt\/wp-json\/wp\/v2\/media\/1051"}],"wp:attachment":[{"href":"https:\/\/bqeye.com\/pt\/wp-json\/wp\/v2\/media?parent=1044"}],"wp:term":[{"taxonomy":"product_brand","embeddable":true,"href":"https:\/\/bqeye.com\/pt\/wp-json\/wp\/v2\/product_brand?post=1044"},{"taxonomy":"product_cat","embeddable":true,"href":"https:\/\/bqeye.com\/pt\/wp-json\/wp\/v2\/product_cat?post=1044"},{"taxonomy":"product_tag","embeddable":true,"href":"https:\/\/bqeye.com\/pt\/wp-json\/wp\/v2\/product_tag?post=1044"}],"curies":[{"name":"wp","href":"https:\/\/api.w.org\/{rel}","templated":true}]}}