{"id":1053,"date":"2023-09-18T03:32:05","date_gmt":"2023-09-18T03:32:05","guid":{"rendered":"https:\/\/bqeye.com\/?post_type=product&#038;p=1053"},"modified":"2024-04-18T02:21:10","modified_gmt":"2024-04-18T02:21:10","slug":"bqeye-stunna-girl-brown-colored-contact-lenses","status":"publish","type":"product","link":"https:\/\/bqeye.com\/pt\/bqeye-stunna-girl-brown-colored-contact-lenses\/","title":{"rendered":"Lentes de contato BQeye Stunna Girl marrom"},"content":{"rendered":"<p>D\u00ea um toque quente ao seu look do dia a dia com as lentes de contacto coloridas Stunna Girl Brown da BQeye. Estas vers\u00e1teis lentes de contacto castanhas permitem-lhe irradiar beleza com facilidade.<\/p>\n<p>A nossa mistura terrosa de caramelo e carvalho desperta os seus olhos com um brilho intenso. Equipada com lentes circulares e pigmentos subtis, pode conseguir express\u00f5es que v\u00e3o do sensual ao doce. Fabricadas com Hydraforte, estas lentes de contacto coloridas mant\u00eam a hidrata\u00e7\u00e3o da p\u00e1lpebra durante todo o dia.<\/p>\n<p>Combinando na perfei\u00e7\u00e3o com todas as est\u00e9ticas, desde os monocrom\u00e1ticos neutros at\u00e9 aos mais coloridos, as lentes de contacto coloridas Stunna Girl Brown complementam o seu look com conforto. A sua espessura impercet\u00edvel \u00e9 ideal para estilos minimalistas e naturais.<\/p>\n<p>Canalize o glamour sem esfor\u00e7o atrav\u00e9s de olhos t\u00e3o vers\u00e1teis e f\u00e1ceis de usar como o sentido de moda di\u00e1rio de Stunna. Complete qualquer ambiente com a sua tonalidade castanha quente hom\u00f3nima - um toque acess\u00edvel nas tend\u00eancias feitas para durar.<\/p>\n<p>Tenha o seu brilho di\u00e1rio de assinatura, tal como a rainha, com estas ic\u00f3nicas lentes de contacto BQeye. Encomende agora para uma beleza discreta do dia para a noite. #NoMakeupMakeup<\/p>","protected":false},"excerpt":{"rendered":"<p>Add a warm pop to your everyday look with BQeye&#8217;s signature Stunna Girl Brown Colored Contact Lenses. As the go-to lenses for low-maintenance glam, these versatile hazel shades allow you to radiate beauty with ease. Our earthy blend of caramel and oak awakens your eyes with a hearty glow. Equipped with circle lenses and subtle [&#8230;]\n","protected":false},"featured_media":1059,"comment_status":"open","ping_status":"closed","template":"","meta":[],"product_brand":[],"product_cat":[104,91,80,96,98],"product_tag":[],"class_list":{"0":"post-1053","1":"product","2":"type-product","3":"status-publish","4":"has-post-thumbnail","6":"product_cat-stunna-girl","7":"product_cat-14-2-mm","8":"product_cat-brown-contact-lenses","9":"product_cat-non-prescription","10":"product_cat-yearly-disposable","12":"first","13":"instock","14":"sale","15":"shipping-taxable","16":"purchasable","17":"product-type-variable","18":"has-default-attributes"},"_links":{"self":[{"href":"https:\/\/bqeye.com\/pt\/wp-json\/wp\/v2\/product\/1053","targetHints":{"allow":["GET"]}}],"collection":[{"href":"https:\/\/bqeye.com\/pt\/wp-json\/wp\/v2\/product"}],"about":[{"href":"https:\/\/bqeye.com\/pt\/wp-json\/wp\/v2\/types\/product"}],"replies":[{"embeddable":true,"href":"https:\/\/bqeye.com\/pt\/wp-json\/wp\/v2\/comments?post=1053"}],"wp:featuredmedia":[{"embeddable":true,"href":"https:\/\/bqeye.com\/pt\/wp-json\/wp\/v2\/media\/1059"}],"wp:attachment":[{"href":"https:\/\/bqeye.com\/pt\/wp-json\/wp\/v2\/media?parent=1053"}],"wp:term":[{"taxonomy":"product_brand","embeddable":true,"href":"https:\/\/bqeye.com\/pt\/wp-json\/wp\/v2\/product_brand?post=1053"},{"taxonomy":"product_cat","embeddable":true,"href":"https:\/\/bqeye.com\/pt\/wp-json\/wp\/v2\/product_cat?post=1053"},{"taxonomy":"product_tag","embeddable":true,"href":"https:\/\/bqeye.com\/pt\/wp-json\/wp\/v2\/product_tag?post=1053"}],"curies":[{"name":"wp","href":"https:\/\/api.w.org\/{rel}","templated":true}]}}