{"id":1061,"date":"2023-09-18T03:36:17","date_gmt":"2023-09-18T03:36:17","guid":{"rendered":"https:\/\/bqeye.com\/?post_type=product&#038;p=1061"},"modified":"2024-04-18T02:21:07","modified_gmt":"2024-04-18T02:21:07","slug":"bqeye-stunna-girl-blue-colored-contact-lenses","status":"publish","type":"product","link":"https:\/\/bqeye.com\/pt\/bqeye-stunna-girl-blue-colored-contact-lenses\/","title":{"rendered":"Lentes de contato coloridas azuis BQeye Stunna Girl"},"content":{"rendered":"<p>D\u00ea vida ao seu guarda-roupa de tempo quente com as lentes de contacto coloridas Stunna Girl Blue da BQeye. Criadas para brilhar sem esta\u00e7\u00e3o, estas lentes azuis vivas d\u00e3o um toque de cor.<\/p>\n<p>A nossa mistura tropical de azul-petr\u00f3leo e azul-celeste desperta o olhar com uma onda refrescante. Equipada com uma tecnologia ultra-curva e pigmentos excepcionais, exibe um poderoso toque de pav\u00e3o ou um charme feminino. O material Hydraforte mima as p\u00e1lpebras durante todo o ver\u00e3o.<\/p>\n<p>Quer seja para acentuar as cores s\u00f3lidas ou as estampas vivas, as lentes de contacto coloridas Stunna Girl Blue d\u00e3o um toque despreocupado a qualquer look. As suas lentes leves adaptam-se bem ao clima costeiro.<\/p>\n<p>Canalize o gosto de Stunna pelo estilo resort vibrante atrav\u00e9s de olhos t\u00e3o frescos e arrojados como o seu guarda-roupa de tempo quente. Defina as vibra\u00e7\u00f5es de ver\u00e3o da rapariga quente com o seu olhar oce\u00e2nico carater\u00edstico - o derradeiro pop de cor complementar.<\/p>\n<p>Seja a rainha das tend\u00eancias com estas lentes BQeye. Encomende agora para canalizar uma energia vibrante e solarenga 365 dias por ano. #SummerStateofMind<\/p>","protected":false},"excerpt":{"rendered":"<p>Ignite your warm-weather wardrobe with BQeye&#8217;s signature Stunna Girl Blue Colored Contact Lenses. Crafted for seasonless sizzle, these vivid azure lenses lend vivacious pops of color. Our tropical teal and azure blend awakens eyes with a refreshing surge. Outfitted with ultra-curve technology and exceptional pigments, flaunt powerful peacock flair or girlish charm. Hydraforte material pampers [&#8230;]\n","protected":false},"featured_media":1067,"comment_status":"open","ping_status":"closed","template":"","meta":[],"product_brand":[],"product_cat":[104,91,75,96,98],"product_tag":[],"class_list":{"0":"post-1061","1":"product","2":"type-product","3":"status-publish","4":"has-post-thumbnail","6":"product_cat-stunna-girl","7":"product_cat-14-2-mm","8":"product_cat-blue-contact-lenses","9":"product_cat-non-prescription","10":"product_cat-yearly-disposable","12":"first","13":"instock","14":"sale","15":"shipping-taxable","16":"purchasable","17":"product-type-variable","18":"has-default-attributes"},"_links":{"self":[{"href":"https:\/\/bqeye.com\/pt\/wp-json\/wp\/v2\/product\/1061","targetHints":{"allow":["GET"]}}],"collection":[{"href":"https:\/\/bqeye.com\/pt\/wp-json\/wp\/v2\/product"}],"about":[{"href":"https:\/\/bqeye.com\/pt\/wp-json\/wp\/v2\/types\/product"}],"replies":[{"embeddable":true,"href":"https:\/\/bqeye.com\/pt\/wp-json\/wp\/v2\/comments?post=1061"}],"wp:featuredmedia":[{"embeddable":true,"href":"https:\/\/bqeye.com\/pt\/wp-json\/wp\/v2\/media\/1067"}],"wp:attachment":[{"href":"https:\/\/bqeye.com\/pt\/wp-json\/wp\/v2\/media?parent=1061"}],"wp:term":[{"taxonomy":"product_brand","embeddable":true,"href":"https:\/\/bqeye.com\/pt\/wp-json\/wp\/v2\/product_brand?post=1061"},{"taxonomy":"product_cat","embeddable":true,"href":"https:\/\/bqeye.com\/pt\/wp-json\/wp\/v2\/product_cat?post=1061"},{"taxonomy":"product_tag","embeddable":true,"href":"https:\/\/bqeye.com\/pt\/wp-json\/wp\/v2\/product_tag?post=1061"}],"curies":[{"name":"wp","href":"https:\/\/api.w.org\/{rel}","templated":true}]}}