{"id":1202,"date":"2023-12-08T15:40:09","date_gmt":"2023-12-08T15:40:09","guid":{"rendered":"https:\/\/bqeye.com\/?post_type=product&#038;p=1202"},"modified":"2024-04-18T02:21:03","modified_gmt":"2024-04-18T02:21:03","slug":"1-day-crystal-series-clear-contacts","status":"publish","type":"product","link":"https:\/\/bqeye.com\/pt\/1-day-crystal-series-clear-contacts\/","title":{"rendered":"1 DAY Crystal Series Clear Contacts - 10 unidades"},"content":{"rendered":"<p>Experimente o m\u00e1ximo conforto e clareza visual com as nossas lentes de contacto Crystal Series Clear 1 DAY. Estas lentes de contacto transparentes e respir\u00e1veis foram concebidas para lhe proporcionar uma sensa\u00e7\u00e3o confort\u00e1vel e natural ao longo do dia. Quer seja um utilizador experiente de lentes de contacto ou um novato no mundo da corre\u00e7\u00e3o visual, as nossas Clear Contacts s\u00e3o a escolha perfeita para uma experi\u00eancia perfeita e sem complica\u00e7\u00f5es.<\/p>\n<p>O conforto \u00e9 fundamental quando se trata de lentes de contacto, e as nossas Clear Contacts s\u00e3o excelentes neste aspeto. Fabricadas com uma tecnologia avan\u00e7ada de reten\u00e7\u00e3o de humidade, garantem que os seus olhos se mant\u00eam hidratados e frescos, mesmo durante longas horas de utiliza\u00e7\u00e3o. Os materiais de alta qualidade utilizados na sua produ\u00e7\u00e3o permitem um fluxo m\u00e1ximo de oxig\u00e9nio, reduzindo a secura e a irrita\u00e7\u00e3o.<\/p>\n<p>Com as nossas lentes de contacto Crystal Series Clear Contacts, pode dizer adeus ao inc\u00f3modo de limpar e guardar as lentes. Estas lentes de contacto descart\u00e1veis di\u00e1rias oferecem a m\u00e1xima comodidade, permitindo-lhe simplesmente descart\u00e1-las ao fim do dia e come\u00e7ar de novo na manh\u00e3 seguinte. Acabaram-se as preocupa\u00e7\u00f5es com a manuten\u00e7\u00e3o das lentes ou com o transporte de estojos de lentes volumosos!<\/p>\n<p>As lentes de contacto Crystal Series Clear Contacts proporcionam uma acuidade visual excecional, oferecendo uma vis\u00e3o n\u00edtida e clara durante todo o dia. Quer esteja a trabalhar num computador, a desfrutar de actividades ao ar livre ou simplesmente a fazer a sua rotina di\u00e1ria, estas lentes asseguram um desempenho visual \u00f3timo em v\u00e1rias condi\u00e7\u00f5es de ilumina\u00e7\u00e3o.<\/p>\n<p>Concebidas a pensar na sa\u00fade dos seus olhos, as nossas Clear Contacts t\u00eam uma superf\u00edcie lisa e ultrafina que minimiza a fric\u00e7\u00e3o e reduz o risco de desconforto ou vermelhid\u00e3o. Est\u00e3o tamb\u00e9m equipadas com prote\u00e7\u00e3o UV, protegendo os seus olhos dos raios solares nocivos.<\/p>\n<p>Em resumo, as nossas Lentes de Contacto Transparentes Crystal Series 1 DAY proporcionam:<\/p>\n<ol>\n<li>Conforto sem paralelo: Tecnologia de bloqueio da humidade e respirabilidade superior para conforto durante todo o dia.<\/li>\n<li>Conveni\u00eancia: Lentes descart\u00e1veis di\u00e1rias para uma experi\u00eancia sem complica\u00e7\u00f5es.<\/li>\n<li>Clareza visual excecional: Vis\u00e3o n\u00edtida e clara em v\u00e1rios ambientes.<\/li>\n<li>Sa\u00fade ocular: Superf\u00edcie lisa e fina, minimizando a fric\u00e7\u00e3o e oferecendo prote\u00e7\u00e3o UV.<\/li>\n<\/ol>\n<p>Escolha as nossas lentes de contacto Crystal Series Clear 1 DAY para uma experi\u00eancia confort\u00e1vel, pr\u00e1tica e visualmente deslumbrante. Redescubra a alegria de uma vis\u00e3o clara e confort\u00e1vel em cada pestanejo.<\/p>","protected":false},"excerpt":{"rendered":"<ul>\n<li>Lentes por caixa: 10<\/li>\n<li>Calend\u00e1rio de substitui\u00e7\u00e3o: 1 dia<\/li>\n<li>Conte\u00fado de \u00e1gua: 38%<\/li>\n<\/ul>","protected":false},"featured_media":1203,"comment_status":"open","ping_status":"closed","template":"","meta":[],"product_brand":[],"product_cat":[128,91,100,96,95],"product_tag":[352],"class_list":{"0":"post-1202","1":"product","2":"type-product","3":"status-publish","4":"has-post-thumbnail","6":"product_cat-clear-lenses","7":"product_cat-14-2-mm","8":"product_cat-daily-disposable","9":"product_cat-non-prescription","10":"product_cat-prescription","11":"product_tag-clear-contacts","13":"first","14":"instock","15":"sale","16":"shipping-taxable","17":"purchasable","18":"product-type-variable","19":"has-default-attributes"},"_links":{"self":[{"href":"https:\/\/bqeye.com\/pt\/wp-json\/wp\/v2\/product\/1202","targetHints":{"allow":["GET"]}}],"collection":[{"href":"https:\/\/bqeye.com\/pt\/wp-json\/wp\/v2\/product"}],"about":[{"href":"https:\/\/bqeye.com\/pt\/wp-json\/wp\/v2\/types\/product"}],"replies":[{"embeddable":true,"href":"https:\/\/bqeye.com\/pt\/wp-json\/wp\/v2\/comments?post=1202"}],"wp:featuredmedia":[{"embeddable":true,"href":"https:\/\/bqeye.com\/pt\/wp-json\/wp\/v2\/media\/1203"}],"wp:attachment":[{"href":"https:\/\/bqeye.com\/pt\/wp-json\/wp\/v2\/media?parent=1202"}],"wp:term":[{"taxonomy":"product_brand","embeddable":true,"href":"https:\/\/bqeye.com\/pt\/wp-json\/wp\/v2\/product_brand?post=1202"},{"taxonomy":"product_cat","embeddable":true,"href":"https:\/\/bqeye.com\/pt\/wp-json\/wp\/v2\/product_cat?post=1202"},{"taxonomy":"product_tag","embeddable":true,"href":"https:\/\/bqeye.com\/pt\/wp-json\/wp\/v2\/product_tag?post=1202"}],"curies":[{"name":"wp","href":"https:\/\/api.w.org\/{rel}","templated":true}]}}