{"id":1212,"date":"2023-12-09T12:49:00","date_gmt":"2023-12-09T12:49:00","guid":{"rendered":"https:\/\/bqeye.com\/?post_type=product&#038;p=1212"},"modified":"2024-04-18T02:21:00","modified_gmt":"2024-04-18T02:21:00","slug":"ebony-bean-brown-colored-contact-lenses","status":"publish","type":"product","link":"https:\/\/bqeye.com\/pt\/ebony-bean-brown-colored-contact-lenses\/","title":{"rendered":"Ebony Bean Brown Lentes de Contacto Coloridas"},"content":{"rendered":"<p>Quer real\u00e7ar a cor natural dos seus olhos e fazer uma declara\u00e7\u00e3o de moda arrojada? N\u00e3o precisa de procurar mais do que as lentes de contacto coloridas Ebony Bean Brown da BQEYE! As nossas lentes de contacto de cor premium foram concebidas para transformar o seu visual e dar-lhe a confian\u00e7a necess\u00e1ria para se destacar da multid\u00e3o.<\/p>\n<p>Fabricadas com materiais da mais alta qualidade, as nossas lentes de contacto de cor castanha Ebony Bean proporcionam um conforto e uma nitidez excepcionais. Quer tenha olhos claros ou escuros, estas lentes foram concebidas para se fundirem na perfei\u00e7\u00e3o, criando um efeito deslumbrante e natural. Com uma tonalidade castanha rica e um subtil toque de \u00e9bano, estas lentes acrescentam profundidade e dimens\u00e3o aos seus olhos, chamando instantaneamente a aten\u00e7\u00e3o.<\/p>\n<p>A BQEYE compreende a import\u00e2ncia da seguran\u00e7a e da higiene quando se trata de lentes de contacto. \u00c9 por isso que as nossas lentes de contacto de cor castanha Ebony Bean s\u00e3o fabricadas com o maior cuidado e precis\u00e3o. S\u00e3o aprovadas pela FDA e fabricadas com um material respir\u00e1vel que permite um fluxo \u00f3timo de oxig\u00e9nio, garantindo que os seus olhos se mant\u00eam frescos e saud\u00e1veis durante todo o dia.<\/p>\n<p>As nossas lentes de contacto coloridas n\u00e3o s\u00e3o apenas uma quest\u00e3o de est\u00e9tica; s\u00e3o tamb\u00e9m incrivelmente pr\u00e1ticas. Com um design descart\u00e1vel mensal, pode desfrutar de um novo par de lentes todos os meses sem o inc\u00f3modo de as limpar e guardar. Cada caixa de Lentes de Contacto Coloridas Ebony Bean Brown cont\u00e9m duas lentes, proporcionando-lhe um conjunto completo para ambos os olhos.<\/p>\n<p>Destaque-se da multid\u00e3o e exprima o seu estilo \u00fanico com as Lentes de Contacto Castanhas Ebony Bean da BQEYE. Quer v\u00e1 a um evento especial, a um encontro ou simplesmente queira mudar o seu visual do dia a dia, estas lentes s\u00e3o o acess\u00f3rio perfeito para elevar o seu estilo.<\/p>\n<p>Encomende hoje mesmo o seu par de lentes de contacto coloridas Ebony Bean Brown da BQEYE e experimente a magia das lentes de contacto coloridas. Transforme os seus olhos, transforme o seu estilo!<\/p>","protected":false},"excerpt":{"rendered":"<p>Are you looking to enhance your natural eye color and make a bold fashion statement? Look no further than BQEYE&#8217;s Ebony Bean Brown Colored Contact Lenses! Our premium colored contact lenses are designed to transform your look and give you the confidence to stand out from the crowd. Made with the highest quality materials, our [&#8230;]\n","protected":false},"featured_media":1216,"comment_status":"open","ping_status":"closed","template":"","meta":[],"product_brand":[],"product_cat":[101,91,80,100,96,95],"product_tag":[],"class_list":{"0":"post-1212","1":"product","2":"type-product","3":"status-publish","4":"has-post-thumbnail","6":"product_cat-natural-contacts","7":"product_cat-14-2-mm","8":"product_cat-brown-contact-lenses","9":"product_cat-daily-disposable","10":"product_cat-non-prescription","11":"product_cat-prescription","13":"first","14":"instock","15":"sale","16":"shipping-taxable","17":"purchasable","18":"product-type-variable","19":"has-default-attributes"},"_links":{"self":[{"href":"https:\/\/bqeye.com\/pt\/wp-json\/wp\/v2\/product\/1212","targetHints":{"allow":["GET"]}}],"collection":[{"href":"https:\/\/bqeye.com\/pt\/wp-json\/wp\/v2\/product"}],"about":[{"href":"https:\/\/bqeye.com\/pt\/wp-json\/wp\/v2\/types\/product"}],"replies":[{"embeddable":true,"href":"https:\/\/bqeye.com\/pt\/wp-json\/wp\/v2\/comments?post=1212"}],"wp:featuredmedia":[{"embeddable":true,"href":"https:\/\/bqeye.com\/pt\/wp-json\/wp\/v2\/media\/1216"}],"wp:attachment":[{"href":"https:\/\/bqeye.com\/pt\/wp-json\/wp\/v2\/media?parent=1212"}],"wp:term":[{"taxonomy":"product_brand","embeddable":true,"href":"https:\/\/bqeye.com\/pt\/wp-json\/wp\/v2\/product_brand?post=1212"},{"taxonomy":"product_cat","embeddable":true,"href":"https:\/\/bqeye.com\/pt\/wp-json\/wp\/v2\/product_cat?post=1212"},{"taxonomy":"product_tag","embeddable":true,"href":"https:\/\/bqeye.com\/pt\/wp-json\/wp\/v2\/product_tag?post=1212"}],"curies":[{"name":"wp","href":"https:\/\/api.w.org\/{rel}","templated":true}]}}