{"id":1217,"date":"2023-12-09T13:09:56","date_gmt":"2023-12-09T13:09:56","guid":{"rendered":"https:\/\/bqeye.com\/?post_type=product&#038;p=1217"},"modified":"2024-04-18T02:20:57","modified_gmt":"2024-04-18T02:20:57","slug":"oolong-tea-brown-colored-contacts","status":"publish","type":"product","link":"https:\/\/bqeye.com\/pt\/oolong-tea-brown-colored-contacts\/","title":{"rendered":"Lentes de contacto de cor castanha Oolong Tea"},"content":{"rendered":"<p>Descobrir o seu artista interior - Uma nova forma de ver a beleza com as lentes de contacto coloridas BQEYE<\/p>\n<p>Todos n\u00f3s temos um artista dentro de n\u00f3s que anseia por se exprimir. Para muitos, a cor dos olhos \u00e9 uma forma simples mas impactante de mostrar o nosso esp\u00edrito criativo. Apresentamos a mais recente inova\u00e7\u00e3o da BQEYE para alimentar a sua musa interior - Oolong Tea Brown Colored Contacts.<\/p>\n<p>Com o nome da delicada tonalidade do ch\u00e1 oolong acabado de fazer, estas lentes despertam o calor e a profundidade do seu olhar. Fabricadas com o maior cuidado, utilizando apenas materiais hipoalerg\u00e9nicos de primeira qualidade, combinam o conforto com a express\u00e3o pessoal.<\/p>\n<p>Coloque-as e descubra uma nova forma de ver a beleza - em si e no mundo \u00e0 sua volta. A subtil tonalidade castanha traz manchas de cor \u00e0 sua \u00edris, fazendo com que cada olhar pare\u00e7a uma obra de arte privada. O melhor de tudo \u00e9 que permitem que a sua personalidade natural e a sua energia brilhem para que o seu \"eu\" aut\u00eantico possa emergir.<\/p>\n<p>Expresse a sua individualidade enquanto mant\u00e9m os olhos felizes e saud\u00e1veis, gra\u00e7as \u00e0 inovadora tecnologia de lentes perme\u00e1veis ao oxig\u00e9nio. Com um pre\u00e7o acess\u00edvel e f\u00e1cil de encomendar online e receber em todo o mundo, a BQEYE torna as alegrias da auto-descoberta acess\u00edveis a todos.<\/p>\n<p>Liberte o artista que h\u00e1 em si e veja a sua verdadeira beleza reflectida nos olhos dos outros. BQEYE Oolong Tea Brown Colored Contacts - despertar a criatividade, um par de cada vez. Comece hoje a sua viagem em BQEYE.com!<\/p>","protected":false},"excerpt":{"rendered":"<p>Discovering Your Inner Artist &#8211; A New Way to See Beauty with BQEYE Colored Contacts We all have an artist inside longing to express themselves. For many, eye color is a simple yet impactful way to showcase our creative spirit. Introducing BQEYE&#8217;s latest innovation to fuel your inner muse &#8211; Oolong Tea Brown Colored Contacts. [&#8230;]\n","protected":false},"featured_media":1219,"comment_status":"open","ping_status":"closed","template":"","meta":[],"product_brand":[],"product_cat":[101,91,80,100,96,95],"product_tag":[],"class_list":{"0":"post-1217","1":"product","2":"type-product","3":"status-publish","4":"has-post-thumbnail","6":"product_cat-natural-contacts","7":"product_cat-14-2-mm","8":"product_cat-brown-contact-lenses","9":"product_cat-daily-disposable","10":"product_cat-non-prescription","11":"product_cat-prescription","13":"first","14":"instock","15":"sale","16":"shipping-taxable","17":"purchasable","18":"product-type-variable","19":"has-default-attributes"},"_links":{"self":[{"href":"https:\/\/bqeye.com\/pt\/wp-json\/wp\/v2\/product\/1217","targetHints":{"allow":["GET"]}}],"collection":[{"href":"https:\/\/bqeye.com\/pt\/wp-json\/wp\/v2\/product"}],"about":[{"href":"https:\/\/bqeye.com\/pt\/wp-json\/wp\/v2\/types\/product"}],"replies":[{"embeddable":true,"href":"https:\/\/bqeye.com\/pt\/wp-json\/wp\/v2\/comments?post=1217"}],"wp:featuredmedia":[{"embeddable":true,"href":"https:\/\/bqeye.com\/pt\/wp-json\/wp\/v2\/media\/1219"}],"wp:attachment":[{"href":"https:\/\/bqeye.com\/pt\/wp-json\/wp\/v2\/media?parent=1217"}],"wp:term":[{"taxonomy":"product_brand","embeddable":true,"href":"https:\/\/bqeye.com\/pt\/wp-json\/wp\/v2\/product_brand?post=1217"},{"taxonomy":"product_cat","embeddable":true,"href":"https:\/\/bqeye.com\/pt\/wp-json\/wp\/v2\/product_cat?post=1217"},{"taxonomy":"product_tag","embeddable":true,"href":"https:\/\/bqeye.com\/pt\/wp-json\/wp\/v2\/product_tag?post=1217"}],"curies":[{"name":"wp","href":"https:\/\/api.w.org\/{rel}","templated":true}]}}