{"id":1220,"date":"2023-12-09T15:02:13","date_gmt":"2023-12-09T15:02:13","guid":{"rendered":"https:\/\/bqeye.com\/?post_type=product&#038;p=1220"},"modified":"2024-04-18T02:20:53","modified_gmt":"2024-04-18T02:20:53","slug":"midnight-mirage-black-colored-contacts","status":"publish","type":"product","link":"https:\/\/bqeye.com\/pt\/midnight-mirage-black-colored-contacts\/","title":{"rendered":"Midnight Mirage Black Colored Contacts"},"content":{"rendered":"<p>Espreitar por detr\u00e1s do v\u00e9u: uma viagem de auto-descoberta com lentes de contacto de cor da BQEYE<\/p>\n<p>Todos n\u00f3s temos camadas interiores que clamam por ser reveladas. Para muitos, as lentes de contacto coloridas s\u00e3o uma porta de entrada n\u00e3o s\u00f3 para expressar o seu estilo e criatividade, mas tamb\u00e9m para facetas inexploradas do nosso ser. Na BQEYE, acreditamos que as lentes de contacto de cor e a express\u00e3o \u00fanica devem ser acess\u00edveis a todos. \u00c9 com esta vis\u00e3o que orgulhosamente revelamos a nossa mais recente inova\u00e7\u00e3o - Midnight Mirage Black Colored Contacts.<\/p>\n<p>Batizadas com o nome do encanto da noite, estas lentes cobrem os olhos com uma tonalidade profunda e escura que desperta a intriga interior. Criadas por artes\u00e3os com o maior cuidado, utilizando apenas materiais hipoalerg\u00e9nicos de primeira qualidade, o conforto alia-se \u00e0 m\u00edstica. Coloque-as para espreitar por detr\u00e1s do v\u00e9u para um mundo que vai para al\u00e9m do que se v\u00ea \u00e0 primeira vista.<\/p>\n<p>A tonalidade preta escura traz um ar de sedu\u00e7\u00e3o e perigo, um vislumbre de um lado de si que nunca soube que existia. Mas estas n\u00e3o s\u00e3o umas simples \"lentes de contacto coloridas\". Nas suas profundezas escuras encontra-se um mundo oculto \u00e0 espera de ser explorado. Olhe mais de perto e ver\u00e1 manchas de azul da meia-noite, roxo e cinzento emergirem como estrelas que ganham vida ap\u00f3s o anoitecer.<\/p>\n<p>\u00c9 uma paisagem para se perder, permitindo que o seu verdadeiro car\u00e1cter brilhe sob o manto da noite. O teu olhar torna-se uma janela n\u00e3o s\u00f3 para as almas dos outros, mas tamb\u00e9m para territ\u00f3rios dentro do teu pr\u00f3prio ser, com os quais antes apenas sonhavas. H\u00e1 uma liberdade, uma liberta\u00e7\u00e3o, em lan\u00e7ar luz sobre estes reinos h\u00e1 muito escondidos.<\/p>\n<p>O conforto e o cuidado foram as principais preocupa\u00e7\u00f5es na cria\u00e7\u00e3o de lentes que permitem a auto-revela\u00e7\u00e3o, n\u00e3o a impedem. Os materiais hipoalerg\u00e9nicos e a tecnologia inovadora mant\u00eam os olhos felizes e saud\u00e1veis durante toda a sua viagem interior. Com um pre\u00e7o acess\u00edvel e acess\u00edvel em todo o mundo, a BQEYE torna a revela\u00e7\u00e3o do seu \"eu\" aut\u00eantico poss\u00edvel para todos os que procuram \"lentes de contacto coloridas\".<\/p>\n<p>Mergulhe na Miragem da Meia-Noite. Deixe que as lentes o envolvam em mist\u00e9rio enquanto guiam a sua alma para uma nova compreens\u00e3o de quem voc\u00ea \u00e9. BQEYE Black Colored Contacts - libertando a intriga dentro de si, um olhar hipnotizante de cada vez. Comece a sua explora\u00e7\u00e3o nas profundezas da sua verdadeira natureza em BQEYE.com esta noite. A descoberta de uma vida inteira aguarda-o por detr\u00e1s do v\u00e9u.<\/p>","protected":false},"excerpt":{"rendered":"<p>Peering Behind the Veil: A Journey of Self-Discovery with Colored Contacts from BQEYE We all have layers within crying out to be revealed. For so many, colored contacts are a gateway not only to expressing your style and creativity, but to untapped facets of our being. At BQEYE, we believe uniquely colored contacts and expression [&#8230;]\n","protected":false},"featured_media":1222,"comment_status":"open","ping_status":"closed","template":"","meta":[],"product_brand":[],"product_cat":[101,91,73,100,96,95],"product_tag":[],"class_list":{"0":"post-1220","1":"product","2":"type-product","3":"status-publish","4":"has-post-thumbnail","6":"product_cat-natural-contacts","7":"product_cat-14-2-mm","8":"product_cat-black-contact-lenses","9":"product_cat-daily-disposable","10":"product_cat-non-prescription","11":"product_cat-prescription","13":"first","14":"instock","15":"sale","16":"shipping-taxable","17":"purchasable","18":"product-type-variable","19":"has-default-attributes"},"_links":{"self":[{"href":"https:\/\/bqeye.com\/pt\/wp-json\/wp\/v2\/product\/1220","targetHints":{"allow":["GET"]}}],"collection":[{"href":"https:\/\/bqeye.com\/pt\/wp-json\/wp\/v2\/product"}],"about":[{"href":"https:\/\/bqeye.com\/pt\/wp-json\/wp\/v2\/types\/product"}],"replies":[{"embeddable":true,"href":"https:\/\/bqeye.com\/pt\/wp-json\/wp\/v2\/comments?post=1220"}],"wp:featuredmedia":[{"embeddable":true,"href":"https:\/\/bqeye.com\/pt\/wp-json\/wp\/v2\/media\/1222"}],"wp:attachment":[{"href":"https:\/\/bqeye.com\/pt\/wp-json\/wp\/v2\/media?parent=1220"}],"wp:term":[{"taxonomy":"product_brand","embeddable":true,"href":"https:\/\/bqeye.com\/pt\/wp-json\/wp\/v2\/product_brand?post=1220"},{"taxonomy":"product_cat","embeddable":true,"href":"https:\/\/bqeye.com\/pt\/wp-json\/wp\/v2\/product_cat?post=1220"},{"taxonomy":"product_tag","embeddable":true,"href":"https:\/\/bqeye.com\/pt\/wp-json\/wp\/v2\/product_tag?post=1220"}],"curies":[{"name":"wp","href":"https:\/\/api.w.org\/{rel}","templated":true}]}}