{"id":1223,"date":"2023-12-09T15:17:37","date_gmt":"2023-12-09T15:17:37","guid":{"rendered":"https:\/\/bqeye.com\/?post_type=product&#038;p=1223"},"modified":"2024-04-18T02:20:50","modified_gmt":"2024-04-18T02:20:50","slug":"hollywood-gray-contact-lenses","status":"publish","type":"product","link":"https:\/\/bqeye.com\/pt\/hollywood-gray-contact-lenses\/","title":{"rendered":"Lentes de Contacto Cinza Hollywood"},"content":{"rendered":"<p>\"Procura uma forma subtil de mudar o seu visual sem exagerar? Diga ol\u00e1 \u00e0s suas novas BFFs - Hollywood Gray Contact Lenses by BQEYE.<\/p>\n<p>Estas lentes cinzentas suaves s\u00e3o como um filtro de luz para os seus olhos. Elas real\u00e7am subtilmente a cor da sua \u00edris sem que a mudan\u00e7a seja demasiado dr\u00e1stica. Coloque-as e veja como os seus olhos adquirem um tom sonhador e esfumado. Longe v\u00e3o os dias das cores super brilhantes que gritam \"Estou a usar lentes de contacto!\" Os Hollywood Grays misturam-se na perfei\u00e7\u00e3o com a cor natural dos seus olhos para uma transforma\u00e7\u00e3o quase impercet\u00edvel.<\/p>\n<p>A tonalidade cinzenta suave acrescenta profundidade e dimens\u00e3o para real\u00e7ar manchas de cor que nunca soube que estavam escondidas nos seus olhos. Os azuis, verdes e avel\u00e3s assumem uma qualidade misteriosa e temperamental que faz com que as pessoas se perguntem se est\u00e3o realmente a ver uma mudan\u00e7a de cor ou se \u00e9 apenas um truque da luz. At\u00e9 os olhos castanhos ganham uma bela dimens\u00e3o e intriga com Hollywood Grays.<\/p>\n<p>Tal como o nome sugere, estas lentes de contacto cinzentas s\u00e3o perfeitas para conseguir aquele cobi\u00e7ado look glamoroso de Hollywood sem o inc\u00f3modo de tingir ou usar extens\u00f5es. Coloque-as e ficar\u00e1 instantaneamente pronta para a passadeira vermelha sem passar horas no cabelo e na maquilhagem. O subtil realce tamb\u00e9m faz com que os olhos se destaquem na c\u00e2mara, pelo que vai adorar o resultado das fotografias.<\/p>\n<p>Os Hollywood Grays da BQEYE s\u00e3o fabricados com o nosso material ultra-confort\u00e1vel Hydraclear para uma lente praticamente invis\u00edvel. At\u00e9 se vai esquecer que as est\u00e1 a usar! Hydraclear \u00e9 respir\u00e1vel e move-se com o seu olho para que n\u00e3o tenha aquela sensa\u00e7\u00e3o irritante de \"lente de contacto\". Diga tamb\u00e9m adeus aos olhos secos - o material foi concebido para manter a humidade adequada na superf\u00edcie do olho, evitando assim o desconforto.<\/p>\n<p>Como l\u00edder mundial em lentes de moda e de cor, a BQEYE coloca a qualidade e a seguran\u00e7a em primeiro lugar em cada produto. As Hollywood Grays s\u00e3o submetidas a testes rigorosos para cumprir ou exceder todas as normas da FDA em mat\u00e9ria de biocompatibilidade e transmissibilidade do oxig\u00e9nio. Pode sentir-se bem com os materiais que tocam os seus olhos todos os dias. E com um ciclo de substitui\u00e7\u00e3o de 14 dias, vai adorar o tempo que cada par dura antes de chegar a altura de trocar por um novo conjunto.<\/p>\n<p>Quer pretenda uma melhoria subtil para o dia a dia, quer queira experimentar um novo visual ou precise de lentes de contacto que fotografem lindamente, Hollywood Gray da BQEYE tem tudo o que precisa. Encomende as suas hoje, sem riscos, com a nossa garantia de satisfa\u00e7\u00e3o 100%. Experimente-as em casa e veja como transformam subtilmente os seus olhos sem se sobreporem \u00e0 sua beleza natural. Temos a certeza de que se vai apaixonar pelos seus novos olhos cinzentos favoritos!\"<\/p>","protected":false},"excerpt":{"rendered":"<p>&#8220;Looking for a subtle way to change up your look without going over the top? Say hello to your new BFFs &#8211; Hollywood Gray Contact Lenses by BQEYE. These soft gray lenses are like a light filter for your eyes. They&#8217;ll subtly enhance the color of your iris without being too drastic of a change. [&#8230;]\n","protected":false},"featured_media":1225,"comment_status":"open","ping_status":"closed","template":"","meta":[],"product_brand":[],"product_cat":[101,91,100,81,96,95],"product_tag":[],"class_list":{"0":"post-1223","1":"product","2":"type-product","3":"status-publish","4":"has-post-thumbnail","6":"product_cat-natural-contacts","7":"product_cat-14-2-mm","8":"product_cat-daily-disposable","9":"product_cat-grey-contact-lenses","10":"product_cat-non-prescription","11":"product_cat-prescription","13":"first","14":"instock","15":"sale","16":"shipping-taxable","17":"purchasable","18":"product-type-variable","19":"has-default-attributes"},"_links":{"self":[{"href":"https:\/\/bqeye.com\/pt\/wp-json\/wp\/v2\/product\/1223","targetHints":{"allow":["GET"]}}],"collection":[{"href":"https:\/\/bqeye.com\/pt\/wp-json\/wp\/v2\/product"}],"about":[{"href":"https:\/\/bqeye.com\/pt\/wp-json\/wp\/v2\/types\/product"}],"replies":[{"embeddable":true,"href":"https:\/\/bqeye.com\/pt\/wp-json\/wp\/v2\/comments?post=1223"}],"wp:featuredmedia":[{"embeddable":true,"href":"https:\/\/bqeye.com\/pt\/wp-json\/wp\/v2\/media\/1225"}],"wp:attachment":[{"href":"https:\/\/bqeye.com\/pt\/wp-json\/wp\/v2\/media?parent=1223"}],"wp:term":[{"taxonomy":"product_brand","embeddable":true,"href":"https:\/\/bqeye.com\/pt\/wp-json\/wp\/v2\/product_brand?post=1223"},{"taxonomy":"product_cat","embeddable":true,"href":"https:\/\/bqeye.com\/pt\/wp-json\/wp\/v2\/product_cat?post=1223"},{"taxonomy":"product_tag","embeddable":true,"href":"https:\/\/bqeye.com\/pt\/wp-json\/wp\/v2\/product_tag?post=1223"}],"curies":[{"name":"wp","href":"https:\/\/api.w.org\/{rel}","templated":true}]}}