{"id":1226,"date":"2023-12-09T15:24:46","date_gmt":"2023-12-09T15:24:46","guid":{"rendered":"https:\/\/bqeye.com\/?post_type=product&#038;p=1226"},"modified":"2024-04-18T02:20:47","modified_gmt":"2024-04-18T02:20:47","slug":"hollywood-brown-contact-lenses","status":"publish","type":"product","link":"https:\/\/bqeye.com\/pt\/hollywood-brown-contact-lenses\/","title":{"rendered":"Lentes de Contacto Hollywood Brown"},"content":{"rendered":"<p>\"Pronta para aquecer o seu look com um toque de intriga? Apresentamos as lentes de contacto Hollywood Brown da BQEYE.<\/p>\n<p>Estas lentes castanhas suaves conferem aos olhos uma dimens\u00e3o e uma profundidade maravilhosas, sem exigir muita manuten\u00e7\u00e3o. Coloque-as e veja como a sua \u00edris adquire um tom rico e achocolatado que faz sobressair os seus olhos. J\u00e1 l\u00e1 v\u00e3o os dias dos olhos unidimensionais - as Hollywood Browns real\u00e7am qualquer cor natural que tenha com manchas e camadas de castanho quente para olhos que exigem um segundo olhar.<\/p>\n<p>A subtil tonalidade castanha real\u00e7a os dourados, os verdes e os tons de avel\u00e3 que n\u00e3o sabia que estavam escondidos nos seus olhos. Os azuis e os cinzentos assumem uma qualidade terrosa, caf\u00e9 com leite, que faz com que as pessoas se perguntem qual \u00e9 a \"verdadeira\" cor dos seus olhos. At\u00e9 os castanhos profundos obt\u00eam uma defini\u00e7\u00e3o dimensional e sensual com Hollywood Browns.<\/p>\n<p>Tal como o nome indica, estas lentes de contacto castanhas s\u00e3o perfeitas para conseguir aquele visual descontra\u00eddo de Hollywood que todos invejamos. Coloque-as e estar\u00e1 instantaneamente pronta para a c\u00e2mara e para a passadeira vermelha sem passar horas na cadeira de glamour. O realce de aspeto natural faz com que os olhos tamb\u00e9m se destaquem em filme, por isso vai adorar o resultado das fotografias, quer seja para as redes sociais ou para uma noite na cidade.<\/p>\n<p>As Hollywood Browns da BQEYE s\u00e3o fabricadas com o nosso material ultra-confort\u00e1vel Hydraclear, que d\u00e1 a sensa\u00e7\u00e3o de n\u00e3o estar a usar nada. At\u00e9 se esquece que as est\u00e1 a usar! Hydraclear \u00e9 respir\u00e1vel e acompanha o fluxo natural do olho, evitando assim a sensa\u00e7\u00e3o irritante das lentes de contacto. Diga tamb\u00e9m adeus aos olhos secos e irritados - o material foi concebido para manter os seus olhos adequadamente hidratados durante todo o dia.<\/p>\n<p>Como l\u00edder mundial em lentes que mudam de cor, a BQEYE coloca a qualidade, a seguran\u00e7a e o conforto em primeiro lugar em cada produto. A Whispering Smoke \u00e9 submetida a testes exaustivos para cumprir ou ultrapassar todas as normas da FDA relativas \u00e0 biocompatibilidade dos materiais e \u00e0 permeabilidade ao oxig\u00e9nio. Pode sentir-se bem com o que toca nos seus olhos todos os dias. E com o seu calend\u00e1rio de substitui\u00e7\u00e3o recomendado de 14 dias, vai adorar o tempo que cada par dura antes de chegar a altura de um novo conjunto.<\/p>\n<p>Quer pretenda aquecer o seu visual todos os dias, experimentar algo novo ou necessite de lentes de contacto que fotografem lindamente, a Hollywood Brown tem tudo o que precisa. Encomende hoje mesmo as suas lentes de contacto sem riscos, com a nossa garantia de satisfa\u00e7\u00e3o 100%. Veja como transformam subtilmente os seus olhos sem se sobreporem \u00e0 sua boa apar\u00eancia natural - achamos que se vai apaixonar pelo seu novo tom de castanho favorito!\"<\/p>","protected":false},"excerpt":{"rendered":"<p>&#8220;Ready to warm up your look with a hint of intrigue? Introducing Hollywood Brown Contact Lenses by BQEYE. These soft brown lenses give eyes beautiful dimension and depth without being high maintenance. Slip them in and watch as your iris takes on a rich, chocolatey tone that makes peepers really pop. Gone are the days [&#8230;]\n","protected":false},"featured_media":1228,"comment_status":"open","ping_status":"closed","template":"","meta":[],"product_brand":[],"product_cat":[101,91,80,100,96,95],"product_tag":[],"class_list":{"0":"post-1226","1":"product","2":"type-product","3":"status-publish","4":"has-post-thumbnail","6":"product_cat-natural-contacts","7":"product_cat-14-2-mm","8":"product_cat-brown-contact-lenses","9":"product_cat-daily-disposable","10":"product_cat-non-prescription","11":"product_cat-prescription","13":"first","14":"instock","15":"sale","16":"shipping-taxable","17":"purchasable","18":"product-type-variable","19":"has-default-attributes"},"_links":{"self":[{"href":"https:\/\/bqeye.com\/pt\/wp-json\/wp\/v2\/product\/1226","targetHints":{"allow":["GET"]}}],"collection":[{"href":"https:\/\/bqeye.com\/pt\/wp-json\/wp\/v2\/product"}],"about":[{"href":"https:\/\/bqeye.com\/pt\/wp-json\/wp\/v2\/types\/product"}],"replies":[{"embeddable":true,"href":"https:\/\/bqeye.com\/pt\/wp-json\/wp\/v2\/comments?post=1226"}],"wp:featuredmedia":[{"embeddable":true,"href":"https:\/\/bqeye.com\/pt\/wp-json\/wp\/v2\/media\/1228"}],"wp:attachment":[{"href":"https:\/\/bqeye.com\/pt\/wp-json\/wp\/v2\/media?parent=1226"}],"wp:term":[{"taxonomy":"product_brand","embeddable":true,"href":"https:\/\/bqeye.com\/pt\/wp-json\/wp\/v2\/product_brand?post=1226"},{"taxonomy":"product_cat","embeddable":true,"href":"https:\/\/bqeye.com\/pt\/wp-json\/wp\/v2\/product_cat?post=1226"},{"taxonomy":"product_tag","embeddable":true,"href":"https:\/\/bqeye.com\/pt\/wp-json\/wp\/v2\/product_tag?post=1226"}],"curies":[{"name":"wp","href":"https:\/\/api.w.org\/{rel}","templated":true}]}}