{"id":1229,"date":"2023-12-09T15:32:57","date_gmt":"2023-12-09T15:32:57","guid":{"rendered":"https:\/\/bqeye.com\/?post_type=product&#038;p=1229"},"modified":"2024-04-18T02:20:44","modified_gmt":"2024-04-18T02:20:44","slug":"tangerine-brown-contact-lenses","status":"publish","type":"product","link":"https:\/\/bqeye.com\/pt\/tangerine-brown-contact-lenses\/","title":{"rendered":"Tangerine Brown Lentes de Contacto"},"content":{"rendered":"<p>\"Apimente o seu look com uma explos\u00e3o de sol - diga ol\u00e1 \u00e0s Lentes de Contacto Castanhas Tangerina da BQEYE.<\/p>\n<p>Estas lentes castanhas vibrantes misturam tons quentes de tangerina na sua \u00edris para um visual que \u00e9 tudo menos aborrecido. Coloque-as e veja como os seus olhos se iluminam com manchas de castanho dourado que fazem sobressair os olhos sem se sobreporem \u00e0 sua beleza natural. Os olhos monodimensionais e suaves j\u00e1 eram - os Tangerine Browns real\u00e7am qualquer cor que tenha com uma dimens\u00e3o viva de castanho dourado.<\/p>\n<p>A tonalidade tangerina ensolarada faz sobressair os tons dourados e azeitonas que n\u00e3o sabia que existiam nos seus olhos. Os azuis e os verdes assumem uma qualidade c\u00edtrica e picante que faz com que as pessoas se surpreendam. At\u00e9 os castanhos profundos ganham uma defini\u00e7\u00e3o sexy e beijada pelo sol com Tangerine Browns.<\/p>\n<p>Tal como o nome indica, estas lentes de contacto com infus\u00e3o de tangerina s\u00e3o perfeitas para canalizar aquela vibra\u00e7\u00e3o despreocupada de rapariga californiana que todas n\u00f3s invejamos. Com estas lentes de contacto, fica instantaneamente pronta para um brunch, dias de praia ou sa\u00eddas \u00e0 noite, sem ter de passar horas a fazer glamour. O realce natural faz com que os olhos tamb\u00e9m se destaquem nas fotografias, por isso vai adorar o resultado das fotografias, quer seja para a revista ou para o seu perfil no Tinder.<\/p>\n<p>O Whispering Smoke da BQEYE \u00e9 fabricado com o nosso material Hydraclear ultra-confort\u00e1vel que d\u00e1 a sensa\u00e7\u00e3o de n\u00e3o estar a usar nada. At\u00e9 se esquece que os est\u00e1 a usar! Hydraclear \u00e9 respir\u00e1vel e acompanha o fluxo natural dos olhos, evitando assim a irrita\u00e7\u00e3o ou a secura. Diga tamb\u00e9m adeus \u00e0s p\u00e1lpebras cansadas - o material foi concebido para manter os seus olhos adequadamente hidratados durante todo o dia.<\/p>\n<p>Como l\u00edder mundial em lentes que mudam de cor, a BQEYE coloca a qualidade, a seguran\u00e7a e o conforto em primeiro lugar em cada produto. A Whispering Smoke \u00e9 submetida a testes exaustivos para cumprir ou ultrapassar todas as normas da FDA relativas \u00e0 biocompatibilidade dos materiais e \u00e0 permeabilidade ao oxig\u00e9nio. Pode sentir-se bem com o que toca nos seus olhos todos os dias. E com o seu calend\u00e1rio de substitui\u00e7\u00e3o recomendado de 14 dias, vai adorar o tempo que cada par dura antes de chegar a altura de um novo conjunto.<\/p>\n<p>Quer pretenda canalizar o brilho do sol todos os dias, experimentar algo novo ou necessite de lentes de contacto que fa\u00e7am sobressair os olhos nas fotografias, a Tangerine Brown tem tudo o que precisa. Encomende hoje as suas lentes de contacto sem riscos e com a nossa garantia de satisfa\u00e7\u00e3o 100%. Veja como transformam subtilmente os seus olhos com uma explos\u00e3o de vibra\u00e7\u00e3o solar - pensamos que se vai apaixonar pela sua nova tonalidade favorita!\"<\/p>","protected":false},"excerpt":{"rendered":"<p>&#8220;Spice up your look with a burst of sunshine &#8211; say hello to Tangerine Brown Contact Lenses by BQEYE. These vibrant brown lenses blend warm undertones of tangerine into your iris for a look that&#8217;s anything but boring. Slip them in and watch as your eyes light up with flecks of golden brown that make [&#8230;]\n","protected":false},"featured_media":1231,"comment_status":"open","ping_status":"closed","template":"","meta":[],"product_brand":[],"product_cat":[101,91,80,100,96,95],"product_tag":[],"class_list":{"0":"post-1229","1":"product","2":"type-product","3":"status-publish","4":"has-post-thumbnail","6":"product_cat-natural-contacts","7":"product_cat-14-2-mm","8":"product_cat-brown-contact-lenses","9":"product_cat-daily-disposable","10":"product_cat-non-prescription","11":"product_cat-prescription","13":"first","14":"instock","15":"sale","16":"shipping-taxable","17":"purchasable","18":"product-type-variable","19":"has-default-attributes"},"_links":{"self":[{"href":"https:\/\/bqeye.com\/pt\/wp-json\/wp\/v2\/product\/1229","targetHints":{"allow":["GET"]}}],"collection":[{"href":"https:\/\/bqeye.com\/pt\/wp-json\/wp\/v2\/product"}],"about":[{"href":"https:\/\/bqeye.com\/pt\/wp-json\/wp\/v2\/types\/product"}],"replies":[{"embeddable":true,"href":"https:\/\/bqeye.com\/pt\/wp-json\/wp\/v2\/comments?post=1229"}],"wp:featuredmedia":[{"embeddable":true,"href":"https:\/\/bqeye.com\/pt\/wp-json\/wp\/v2\/media\/1231"}],"wp:attachment":[{"href":"https:\/\/bqeye.com\/pt\/wp-json\/wp\/v2\/media?parent=1229"}],"wp:term":[{"taxonomy":"product_brand","embeddable":true,"href":"https:\/\/bqeye.com\/pt\/wp-json\/wp\/v2\/product_brand?post=1229"},{"taxonomy":"product_cat","embeddable":true,"href":"https:\/\/bqeye.com\/pt\/wp-json\/wp\/v2\/product_cat?post=1229"},{"taxonomy":"product_tag","embeddable":true,"href":"https:\/\/bqeye.com\/pt\/wp-json\/wp\/v2\/product_tag?post=1229"}],"curies":[{"name":"wp","href":"https:\/\/api.w.org\/{rel}","templated":true}]}}