{"id":1232,"date":"2023-12-09T15:35:21","date_gmt":"2023-12-09T15:35:21","guid":{"rendered":"https:\/\/bqeye.com\/?post_type=product&#038;p=1232"},"modified":"2024-04-18T02:20:40","modified_gmt":"2024-04-18T02:20:40","slug":"whispering-smoke-grey-contact-lenses","status":"publish","type":"product","link":"https:\/\/bqeye.com\/pt\/whispering-smoke-grey-contact-lenses\/","title":{"rendered":"Whispering Smoke Grey Lentes de Contacto"},"content":{"rendered":"<p>\"D\u00ea um toque de mist\u00e9rio ao seu look com as Lentes de Contacto Whispering Smoke Grey da BQEYE.<\/p>\n<p>Estas lentes cinzentas fumadas suaves d\u00e3o aos olhos uma bela dimens\u00e3o e profundidade sem serem exageradas. Coloque-as e veja como a sua \u00edris adquire um tom et\u00e9reo de cinzento p\u00e1lido que faz com que os seus olhos fiquem realmente fumegantes. O Whispering Smoke real\u00e7a qualquer cor natural que tenha com manchas e camadas de cinzento p\u00e1lido para olhos que intrigam do outro lado da sala.<\/p>\n<p>A subtil tonalidade de fumo real\u00e7a os tons azuis, verdes e avel\u00e3 que n\u00e3o sabia que estavam escondidos nos seus olhos. Os azuis e cinzentos assumem uma qualidade de outro mundo, semelhante a uma nuvem, que faz com que as pessoas se perguntem qual \u00e9 a \"verdadeira\" cor dos seus olhos. At\u00e9 os castanhos profundos ganham uma defini\u00e7\u00e3o sexy e misteriosa com Whispering Smoke.<\/p>\n<p>Tal como o nome indica, estas lentes de contacto cinzentas esfumadas s\u00e3o perfeitas para conseguir aquele visual noir n\u00f3rdico que todos invejamos. Coloque-as e estar\u00e1 instantaneamente pronta para interpretar o papel principal enigm\u00e1tico e taciturno sem ter de passar horas na cadeira de maquilhagem. O realce de aspeto natural faz com que os olhos tamb\u00e9m se destaquem na c\u00e2mara, por isso vai adorar o resultado das fotografias, quer seja para o seu portf\u00f3lio de representa\u00e7\u00e3o ou para uma noite na cidade.<\/p>\n<p>O Whispering Smoke da BQEYE \u00e9 fabricado com o nosso material Hydraclear ultra-confort\u00e1vel que d\u00e1 a sensa\u00e7\u00e3o de n\u00e3o estar a usar nada. At\u00e9 se esquece que os est\u00e1 a usar! Hydraclear \u00e9 respir\u00e1vel e acompanha o fluxo natural dos olhos, evitando assim a irrita\u00e7\u00e3o ou a secura. Diga tamb\u00e9m adeus \u00e0s p\u00e1lpebras cansadas - o material foi concebido para manter os seus olhos adequadamente hidratados durante todo o dia.<\/p>\n<p>Como l\u00edder mundial em lentes que mudam de cor, a BQEYE coloca a qualidade, a seguran\u00e7a e o conforto em primeiro lugar em cada produto. A Whispering Smoke \u00e9 submetida a testes exaustivos para cumprir ou ultrapassar todas as normas da FDA relativas \u00e0 biocompatibilidade dos materiais e \u00e0 permeabilidade ao oxig\u00e9nio. Pode sentir-se bem com o que toca nos seus olhos todos os dias. E com o seu calend\u00e1rio de substitui\u00e7\u00e3o recomendado de 14 dias, vai adorar o tempo que cada par dura antes de chegar a altura de um novo conjunto.<\/p>\n<p>Quer pretenda acrescentar um ar de mist\u00e9rio todos os dias, experimentar algo novo ou necessite de lentes de contacto que realmente fa\u00e7am arder os olhos, Whispering Smoke Grey tem tudo o que precisa. Encomende hoje mesmo as suas lentes de contacto sem riscos e com a nossa garantia de satisfa\u00e7\u00e3o 100%. Veja como elas transformam subtilmente os seus olhos com um toque de intriga cinzenta - achamos que vai cair no seu feiti\u00e7o!\"<\/p>","protected":false},"excerpt":{"rendered":"<p>&#8220;Add a touch of mystery to your look with Whispering Smoke Grey Contact Lenses from BQEYE. These soft smoke grey lenses give eyes beautiful dimension and depth without being over-the-top. Slip them in and watch as your iris takes on an ethereal wisp of pale grey that makes peepers really smoulder. Gone are one-note eyes [&#8230;]\n","protected":false},"featured_media":1234,"comment_status":"open","ping_status":"closed","template":"","meta":[],"product_brand":[],"product_cat":[101,92,100,81,96,95],"product_tag":[],"class_list":{"0":"post-1232","1":"product","2":"type-product","3":"status-publish","4":"has-post-thumbnail","6":"product_cat-natural-contacts","7":"product_cat-14-5-mm","8":"product_cat-daily-disposable","9":"product_cat-grey-contact-lenses","10":"product_cat-non-prescription","11":"product_cat-prescription","13":"first","14":"instock","15":"sale","16":"shipping-taxable","17":"purchasable","18":"product-type-variable","19":"has-default-attributes"},"_links":{"self":[{"href":"https:\/\/bqeye.com\/pt\/wp-json\/wp\/v2\/product\/1232","targetHints":{"allow":["GET"]}}],"collection":[{"href":"https:\/\/bqeye.com\/pt\/wp-json\/wp\/v2\/product"}],"about":[{"href":"https:\/\/bqeye.com\/pt\/wp-json\/wp\/v2\/types\/product"}],"replies":[{"embeddable":true,"href":"https:\/\/bqeye.com\/pt\/wp-json\/wp\/v2\/comments?post=1232"}],"wp:featuredmedia":[{"embeddable":true,"href":"https:\/\/bqeye.com\/pt\/wp-json\/wp\/v2\/media\/1234"}],"wp:attachment":[{"href":"https:\/\/bqeye.com\/pt\/wp-json\/wp\/v2\/media?parent=1232"}],"wp:term":[{"taxonomy":"product_brand","embeddable":true,"href":"https:\/\/bqeye.com\/pt\/wp-json\/wp\/v2\/product_brand?post=1232"},{"taxonomy":"product_cat","embeddable":true,"href":"https:\/\/bqeye.com\/pt\/wp-json\/wp\/v2\/product_cat?post=1232"},{"taxonomy":"product_tag","embeddable":true,"href":"https:\/\/bqeye.com\/pt\/wp-json\/wp\/v2\/product_tag?post=1232"}],"curies":[{"name":"wp","href":"https:\/\/api.w.org\/{rel}","templated":true}]}}