{"id":1235,"date":"2023-12-09T15:40:37","date_gmt":"2023-12-09T15:40:37","guid":{"rendered":"https:\/\/bqeye.com\/?post_type=product&#038;p=1235"},"modified":"2024-04-18T02:20:37","modified_gmt":"2024-04-18T02:20:37","slug":"glass-candy-brown-contact-lenses","status":"publish","type":"product","link":"https:\/\/bqeye.com\/pt\/glass-candy-brown-contact-lenses\/","title":{"rendered":"Lentes de Contacto Glass Candy Brown"},"content":{"rendered":"<p>\"Quer dar um toque de magia ao seu look quotidiano? Apresentamos as lentes de contacto Glass Candy Brown da BQEYE.<\/p>\n<p>Estas lentes de contacto castanhas extravagantes misturam notas subtis de rosa pastel suave e menta na sua \u00edris para um visual que \u00e9 tudo menos vulgar. Coloque-as e veja como os seus olhos se iluminam com manchas m\u00e1gicas de castanho algod\u00e3o doce. Os olhos castanhos mon\u00f3tonos e unidimensionais j\u00e1 n\u00e3o existem - as Glass Candy Browns real\u00e7am-nos com uma defini\u00e7\u00e3o dimensional viva.<\/p>\n<p>Os doces tons pastel real\u00e7am as tonalidades douradas e verdes escondidas, acrescentando uma qualidade l\u00fadica de fio de fada. Os azuis e as avel\u00e3s adquirem um brilho encantador e cor de rebu\u00e7ado. At\u00e9 os castanhos profundos ganham um toque m\u00e1gico e colorido sem serem exagerados.<\/p>\n<p>Fabricadas em material Hydraclear ultra-confort\u00e1vel, vai esquecer-se que est\u00e1 a usar lentes de contacto castanhas! Hydraclear move-se naturalmente com os seus olhos para evitar secura ou irrita\u00e7\u00e3o, mantendo as lentes de contacto adequadamente h\u00famidas durante todo o dia.<\/p>\n<p>Como l\u00edder mundial em lentes de contacto castanhas, a BQEYE garante qualidade, seguran\u00e7a e conforto. As lentes de contacto Glass Candy Browns s\u00e3o submetidas a testes exaustivos de biocompatibilidade e permeabilidade ao oxig\u00e9nio para cumprir ou exceder as normas da FDA. Pode sentir-se bem com o que toca nos seus olhos diariamente.<\/p>\n<p>Quer seja para adicionar capricho todos os dias, para experimentar cores ou para dar vida a sonhos m\u00e1gicos nas fotografias, as lentes de contacto Glass Candy Brown d\u00e3o-lhe cobertura. Encomende as suas hoje mesmo, sem riscos, com uma garantia de satisfa\u00e7\u00e3o 100%. Veja como transformam subtilmente os olhos com explos\u00f5es de maravilha pastel - estamos confiantes de que se vai apaixonar pela sua nova tonalidade favorita de lentes de contacto castanhas!<\/p>\n<p>Quer destacar-se da multid\u00e3o? Os Glass Candy Browns tamb\u00e9m s\u00e3o perfeitos para ocasi\u00f5es especiais. Capture a sua fada interior no pr\u00f3ximo festival ou festa de m\u00e1scaras. O realce de aspeto natural faz os olhos brilharem nas fotografias.<\/p>\n<p>Torne a procura de lentes de contacto castanhas divertida com a BQEYE. A nossa sele\u00e7\u00e3o de tons \u00fanicos como Glass Candy d\u00e1 cor e magia ao dia a dia. Encomende as suas hoje para espalhar alegria nesta esta\u00e7\u00e3o e para al\u00e9m dela!\"<\/p>","protected":false},"excerpt":{"rendered":"<p>&#8220;Looking to add a touch of magic to your everyday look? Introducing Glass Candy Brown Contact Lenses from BQEYE. These whimsical brown contact lenses blend subtle hints of soft pastel pink and mint into your iris for a look that&#8217;s anything but ordinary. Slip them in and watch as your eyes light up with magical [&#8230;]\n","protected":false},"featured_media":1237,"comment_status":"open","ping_status":"closed","template":"","meta":[],"product_brand":[],"product_cat":[101,91,80,100,96,95],"product_tag":[],"class_list":{"0":"post-1235","1":"product","2":"type-product","3":"status-publish","4":"has-post-thumbnail","6":"product_cat-natural-contacts","7":"product_cat-14-2-mm","8":"product_cat-brown-contact-lenses","9":"product_cat-daily-disposable","10":"product_cat-non-prescription","11":"product_cat-prescription","13":"first","14":"instock","15":"sale","16":"shipping-taxable","17":"purchasable","18":"product-type-variable","19":"has-default-attributes"},"_links":{"self":[{"href":"https:\/\/bqeye.com\/pt\/wp-json\/wp\/v2\/product\/1235","targetHints":{"allow":["GET"]}}],"collection":[{"href":"https:\/\/bqeye.com\/pt\/wp-json\/wp\/v2\/product"}],"about":[{"href":"https:\/\/bqeye.com\/pt\/wp-json\/wp\/v2\/types\/product"}],"replies":[{"embeddable":true,"href":"https:\/\/bqeye.com\/pt\/wp-json\/wp\/v2\/comments?post=1235"}],"wp:featuredmedia":[{"embeddable":true,"href":"https:\/\/bqeye.com\/pt\/wp-json\/wp\/v2\/media\/1237"}],"wp:attachment":[{"href":"https:\/\/bqeye.com\/pt\/wp-json\/wp\/v2\/media?parent=1235"}],"wp:term":[{"taxonomy":"product_brand","embeddable":true,"href":"https:\/\/bqeye.com\/pt\/wp-json\/wp\/v2\/product_brand?post=1235"},{"taxonomy":"product_cat","embeddable":true,"href":"https:\/\/bqeye.com\/pt\/wp-json\/wp\/v2\/product_cat?post=1235"},{"taxonomy":"product_tag","embeddable":true,"href":"https:\/\/bqeye.com\/pt\/wp-json\/wp\/v2\/product_tag?post=1235"}],"curies":[{"name":"wp","href":"https:\/\/api.w.org\/{rel}","templated":true}]}}