{"id":1246,"date":"2023-12-09T16:06:22","date_gmt":"2023-12-09T16:06:22","guid":{"rendered":"https:\/\/bqeye.com\/?post_type=product&#038;p=1246"},"modified":"2024-04-18T02:20:27","modified_gmt":"2024-04-18T02:20:27","slug":"crystal-blue-mirage-contact-lenses","status":"publish","type":"product","link":"https:\/\/bqeye.com\/pt\/crystal-blue-mirage-contact-lenses\/","title":{"rendered":"Lentes de Contacto Crystal Blue Mirage"},"content":{"rendered":"<p>Mergulhe os seus olhos com as Lentes de Contacto Crystal Blue Mirage<\/p>\n<p>Transporte o seu olhar com as lentes de contacto Crystal Blue Mirage da BQEYE. Criadas com flocos de cristal multidimensionais, estas lentes d\u00e3o vida aos olhos como nenhuma outra lente de contacto antes.<\/p>\n<p>Coloque Mirages e veja como a sua \u00edris \u00e9 envolvida num abismo azul hipnotizante salpicado de fragmentos de luz cintilantes. As lentes de contacto comuns j\u00e1 n\u00e3o existem - Mirages mergulham com uma profundidade m\u00edstica.<\/p>\n<p>A base de safira atrai-nos enquanto as manchas de cristal dan\u00e7am \u00e0 volta, acrescentando um movimento et\u00e9reo. Os azuis brilham com uma luminosidade de outro mundo, enquanto os verdes brilham como j\u00f3ias. At\u00e9 os olhos castanhos adquirem qualidades m\u00e1gicas, semelhantes a pedras preciosas.<\/p>\n<p>Feitas de material Hydraclear ultra-confort\u00e1vel, vai esquecer-se que est\u00e1 a usar lentes de contacto! Hydraclear move-se sem problemas para manter os olhos hidratados sem irrita\u00e7\u00e3o, para que a ilus\u00e3o nunca seja quebrada.<\/p>\n<p>Quer necessite de um visual de destaque para eventos ou cosplay, as lentes de contacto Crystal Blue Mirage transportam-no para um novo mundo. O aperfei\u00e7oamento subtil real\u00e7a dimens\u00f5es de cor ocultas que tamb\u00e9m cativam nas fotografias.<\/p>\n<p>Como l\u00edder em lentes de contacto inovadoras, a BQEYE garante que as Mirages cumprem os mais elevados padr\u00f5es de seguran\u00e7a da FDA. A sua f\u00f3rmula de cristais de \u00faltima gera\u00e7\u00e3o acrescenta maravilha sem comprometer o conforto.<\/p>\n<p>Coloque Mirages e perca-se em olhos que surpreendem. Encomende hoje mesmo as suas lentes de contacto para um teste sem riscos. Veja como elas transformam os seus olhos em portais brilhantes para um mundo mais al\u00e9m.<\/p>\n<p>Torne a navega\u00e7\u00e3o divertida com a gama de lentes de contacto de outro mundo da BQEYE. As Crystal Blue Mirages abrem novas formas de real\u00e7ar o seu olhar. Encomende sem riscos para encontrar o look que a atrai.<\/p>","protected":false},"excerpt":{"rendered":"<p>Immerse Your Eyes with Crystal Blue Mirage Contact Lenses Transport your look with BQEYE&#8217;s Crystal Blue Mirage contact lenses. Crafted with multidimensional crystal flakes, these lenses make eyes come alive like no other contact lenses before. Slip Mirages on and watch as your iris is enveloped in a mesmerizing blue abyss flecked with glittering fragments [&#8230;]\n","protected":false},"featured_media":1248,"comment_status":"open","ping_status":"closed","template":"","meta":[],"product_brand":[],"product_cat":[101,91,75,100,96,95],"product_tag":[],"class_list":{"0":"post-1246","1":"product","2":"type-product","3":"status-publish","4":"has-post-thumbnail","6":"product_cat-natural-contacts","7":"product_cat-14-2-mm","8":"product_cat-blue-contact-lenses","9":"product_cat-daily-disposable","10":"product_cat-non-prescription","11":"product_cat-prescription","13":"first","14":"instock","15":"sale","16":"shipping-taxable","17":"purchasable","18":"product-type-variable","19":"has-default-attributes"},"_links":{"self":[{"href":"https:\/\/bqeye.com\/pt\/wp-json\/wp\/v2\/product\/1246","targetHints":{"allow":["GET"]}}],"collection":[{"href":"https:\/\/bqeye.com\/pt\/wp-json\/wp\/v2\/product"}],"about":[{"href":"https:\/\/bqeye.com\/pt\/wp-json\/wp\/v2\/types\/product"}],"replies":[{"embeddable":true,"href":"https:\/\/bqeye.com\/pt\/wp-json\/wp\/v2\/comments?post=1246"}],"wp:featuredmedia":[{"embeddable":true,"href":"https:\/\/bqeye.com\/pt\/wp-json\/wp\/v2\/media\/1248"}],"wp:attachment":[{"href":"https:\/\/bqeye.com\/pt\/wp-json\/wp\/v2\/media?parent=1246"}],"wp:term":[{"taxonomy":"product_brand","embeddable":true,"href":"https:\/\/bqeye.com\/pt\/wp-json\/wp\/v2\/product_brand?post=1246"},{"taxonomy":"product_cat","embeddable":true,"href":"https:\/\/bqeye.com\/pt\/wp-json\/wp\/v2\/product_cat?post=1246"},{"taxonomy":"product_tag","embeddable":true,"href":"https:\/\/bqeye.com\/pt\/wp-json\/wp\/v2\/product_tag?post=1246"}],"curies":[{"name":"wp","href":"https:\/\/api.w.org\/{rel}","templated":true}]}}