{"id":1249,"date":"2023-12-09T16:16:12","date_gmt":"2023-12-09T16:16:12","guid":{"rendered":"https:\/\/bqeye.com\/?post_type=product&#038;p=1249"},"modified":"2024-04-18T02:20:23","modified_gmt":"2024-04-18T02:20:23","slug":"shining-star-brown-contact-lenses","status":"publish","type":"product","link":"https:\/\/bqeye.com\/pt\/shining-star-brown-contact-lenses\/","title":{"rendered":"Lentes de Contacto Castanhas Shining Star"},"content":{"rendered":"<p>Fa\u00e7a sobressair as estrelas com Lentes de Contacto Castanhas Brilhantes<\/p>\n<p>Adicione uma pitada de poeira estelar ao seu visual com as lentes de contacto Shining Star Brown da BQEYE. Infundidas com cintilantes manchas de ouro, estas lentes fazem os olhos brilhar mais do que quaisquer outras lentes de contacto.<\/p>\n<p>Coloque Stars e veja como a sua \u00edris brilha com uma tonalidade \u00e2mbar radiante salpicada de pontos de luz. Diga adeus \u00e0s lentes de contacto sem brilho - Stars ilumina os olhos com uma maravilha celestial.<\/p>\n<p>A base castanha dourada atrai a aten\u00e7\u00e3o enquanto as manchas cintilantes real\u00e7am as cores escondidas \u00e0 volta da pupila. Os azuis cintilam como o c\u00e9u noturno, enquanto os verdes brilham como as estrelas. At\u00e9 os olhos castanhos adquirem um brilho luminoso e c\u00f3smico diferente de qualquer outra lente de contacto.<\/p>\n<p>Fabricadas em material Hydraclear ultra-confort\u00e1vel, vai esquecer-se que est\u00e1 a usar lentes de contacto! Hydraclear move-se sem problemas para manter as lentes hidratadas sem irrita\u00e7\u00e3o, para que o espet\u00e1culo de luz dure todo o dia.<\/p>\n<p>Quer necessite de um olhar destacado para a noite ou para eventos especiais, as lentes Shining Stars s\u00e3o a melhor solu\u00e7\u00e3o do que qualquer outra lente de contacto no mercado. O realce subtil faz com que as cores tamb\u00e9m deslumbrem verdadeiramente nas fotografias.<\/p>\n<p>Como l\u00edder em lentes de contacto inovadoras, a BQEYE garante que as Stars cumprem os mais elevados padr\u00f5es de seguran\u00e7a da FDA. A sua f\u00f3rmula de vanguarda acrescenta magia celestial sem comprometer o conforto.<\/p>\n<p>Coloque Stars e brilhe mais do que qualquer pessoa \u00e0 sua volta. Encomende hoje mesmo as suas lentes de contacto iluminadoras para um teste sem riscos. Veja como elas transformam os olhos em far\u00f3is luminosos - sabemos que vai ficar fascinada!<\/p>\n<p>Torne a navega\u00e7\u00e3o divertida com a gama de lentes de contacto cintilantes da BQEYE. Shining Stars e muito mais revelam novas formas de iluminar a sua vida. Encomende sem riscos para encontrar o look que a faz brilhar.<\/p>","protected":false},"excerpt":{"rendered":"<p>Bring Out the Stars with Shining Brown Contact Lenses Add a dash of stardust to your look with BQEYE&#8217;s Shining Star Brown contact lenses. Infused with twinkling flecks of gold, these lenses make eyes shine brighter than any other contact lenses. Slip Stars on and watch as your iris glows with a radiant amber hue [&#8230;]\n","protected":false},"featured_media":1251,"comment_status":"open","ping_status":"closed","template":"","meta":[],"product_brand":[],"product_cat":[101,92,80,100,96,95],"product_tag":[],"class_list":{"0":"post-1249","1":"product","2":"type-product","3":"status-publish","4":"has-post-thumbnail","6":"product_cat-natural-contacts","7":"product_cat-14-5-mm","8":"product_cat-brown-contact-lenses","9":"product_cat-daily-disposable","10":"product_cat-non-prescription","11":"product_cat-prescription","13":"first","14":"instock","15":"sale","16":"shipping-taxable","17":"purchasable","18":"product-type-variable","19":"has-default-attributes"},"_links":{"self":[{"href":"https:\/\/bqeye.com\/pt\/wp-json\/wp\/v2\/product\/1249","targetHints":{"allow":["GET"]}}],"collection":[{"href":"https:\/\/bqeye.com\/pt\/wp-json\/wp\/v2\/product"}],"about":[{"href":"https:\/\/bqeye.com\/pt\/wp-json\/wp\/v2\/types\/product"}],"replies":[{"embeddable":true,"href":"https:\/\/bqeye.com\/pt\/wp-json\/wp\/v2\/comments?post=1249"}],"wp:featuredmedia":[{"embeddable":true,"href":"https:\/\/bqeye.com\/pt\/wp-json\/wp\/v2\/media\/1251"}],"wp:attachment":[{"href":"https:\/\/bqeye.com\/pt\/wp-json\/wp\/v2\/media?parent=1249"}],"wp:term":[{"taxonomy":"product_brand","embeddable":true,"href":"https:\/\/bqeye.com\/pt\/wp-json\/wp\/v2\/product_brand?post=1249"},{"taxonomy":"product_cat","embeddable":true,"href":"https:\/\/bqeye.com\/pt\/wp-json\/wp\/v2\/product_cat?post=1249"},{"taxonomy":"product_tag","embeddable":true,"href":"https:\/\/bqeye.com\/pt\/wp-json\/wp\/v2\/product_tag?post=1249"}],"curies":[{"name":"wp","href":"https:\/\/api.w.org\/{rel}","templated":true}]}}