{"id":1264,"date":"2023-12-12T08:07:17","date_gmt":"2023-12-12T08:07:17","guid":{"rendered":"https:\/\/bqeye.com\/?post_type=product&#038;p=1264"},"modified":"2024-04-18T02:20:20","modified_gmt":"2024-04-18T02:20:20","slug":"pixie-blue-contact-lenses","status":"publish","type":"product","link":"https:\/\/bqeye.com\/pt\/pixie-blue-contact-lenses\/","title":{"rendered":"Lentes de Contacto Pixie Blue"},"content":{"rendered":"<p>D\u00ea um toque de magia de fada ao seu visual com as lentes de contacto Pixie Blue da BQEYE. Os tons iridescentes brilham dentro destas lentes, fazendo com que os olhos brilhem mais do que quaisquer outras lentes de contacto no mercado.<\/p>\n<p>Coloque Pixies e veja como a sua \u00edris se ilumina com um tom azul vivo salpicado de manchas de brilho do arco-\u00edris. As lentes de contacto sem brilho desapareceram - Pixies real\u00e7a os olhos com uma maravilha caprichosa.<\/p>\n<p>A base de safira atrai a aten\u00e7\u00e3o, enquanto os tons cintilantes fazem sobressair as notas esmeralda e douradas escondidas \u00e0 volta da pupila. Blues brilha com uma luminosidade de outro mundo, diferente de qualquer outra lente de contacto.<\/p>\n<p>Fabricadas em material Hydraclear ultra-confort\u00e1vel, vai esquecer-se que est\u00e1 a usar lentes de contacto! Hydraclear move-se sem esfor\u00e7o para manter as lentes hidratadas durante todo o dia sem irrita\u00e7\u00e3o, para que o brilho nunca pare.<\/p>\n<p>Quer necessite de magia para dias de fantasia ou festivais, as lentes de contacto Pixie Blue s\u00e3o a melhor op\u00e7\u00e3o. O realce subtil faz com que as cores tamb\u00e9m deslumbrem nas fotografias.<\/p>\n<p>Como l\u00edder em lentes de contacto inovadoras, a BQEYE garante que as Pixies cumprem os mais elevados padr\u00f5es de seguran\u00e7a da FDA. A sua f\u00f3rmula avan\u00e7ada acrescenta um brilho de cor pixie que real\u00e7a os olhos sem comprometer o conforto.<\/p>\n<p>Coloque Pixies e brilhe mais do que um bosque de camp\u00e2nulas. Encomende hoje mesmo as suas lentes de contacto Pixies e experimente-as sem riscos. Veja como elas transformam os olhos em port\u00f5es cintilantes para uma terra de magia - sabemos que vai ficar encantada!<\/p>\n<p>Encontre a sua tonalidade favorita na gama de lentes de contacto m\u00edsticas da BQEYE. Pixie Blue e outras revelam novas formas de real\u00e7ar o seu olhar. Encomende hoje para revelar a fada que h\u00e1 em si!<\/p>","protected":false},"excerpt":{"rendered":"<p>Add a touch of fairy magic to your look with BQEYE&#8217;s Pixie Blue contact lenses. Iridescent undertones glow within these lenses, making eyes sparkle more than any other contact lenses on the market. Slip Pixies on and watch as your iris lights up with a lively azure hue dotted with flecks of rainbow shine. Gone [&#8230;]\n","protected":false},"featured_media":1266,"comment_status":"open","ping_status":"closed","template":"","meta":[],"product_brand":[],"product_cat":[205,91,75,96,95,98],"product_tag":[],"class_list":{"0":"post-1264","1":"product","2":"type-product","3":"status-publish","4":"has-post-thumbnail","6":"product_cat-pixie","7":"product_cat-14-2-mm","8":"product_cat-blue-contact-lenses","9":"product_cat-non-prescription","10":"product_cat-prescription","11":"product_cat-yearly-disposable","13":"first","14":"instock","15":"sale","16":"shipping-taxable","17":"purchasable","18":"product-type-variable","19":"has-default-attributes"},"_links":{"self":[{"href":"https:\/\/bqeye.com\/pt\/wp-json\/wp\/v2\/product\/1264","targetHints":{"allow":["GET"]}}],"collection":[{"href":"https:\/\/bqeye.com\/pt\/wp-json\/wp\/v2\/product"}],"about":[{"href":"https:\/\/bqeye.com\/pt\/wp-json\/wp\/v2\/types\/product"}],"replies":[{"embeddable":true,"href":"https:\/\/bqeye.com\/pt\/wp-json\/wp\/v2\/comments?post=1264"}],"wp:featuredmedia":[{"embeddable":true,"href":"https:\/\/bqeye.com\/pt\/wp-json\/wp\/v2\/media\/1266"}],"wp:attachment":[{"href":"https:\/\/bqeye.com\/pt\/wp-json\/wp\/v2\/media?parent=1264"}],"wp:term":[{"taxonomy":"product_brand","embeddable":true,"href":"https:\/\/bqeye.com\/pt\/wp-json\/wp\/v2\/product_brand?post=1264"},{"taxonomy":"product_cat","embeddable":true,"href":"https:\/\/bqeye.com\/pt\/wp-json\/wp\/v2\/product_cat?post=1264"},{"taxonomy":"product_tag","embeddable":true,"href":"https:\/\/bqeye.com\/pt\/wp-json\/wp\/v2\/product_tag?post=1264"}],"curies":[{"name":"wp","href":"https:\/\/api.w.org\/{rel}","templated":true}]}}