{"id":1273,"date":"2023-12-12T08:10:55","date_gmt":"2023-12-12T08:10:55","guid":{"rendered":"https:\/\/bqeye.com\/?post_type=product&#038;p=1273"},"modified":"2024-04-18T02:20:17","modified_gmt":"2024-04-18T02:20:17","slug":"pixie-green-contact-lenses","status":"publish","type":"product","link":"https:\/\/bqeye.com\/pt\/pixie-green-contact-lenses\/","title":{"rendered":"Lentes de Contacto Pixie Green"},"content":{"rendered":"<p>Ilumine os seus olhos com as lentes de contacto Pixie Green<\/p>\n<p>D\u00ea um toque de magia florestal ao seu visual com as lentes de contacto Pixie Green da BQEYE. Estes tons cintilantes brilham dentro destas lentes, fazendo com que os olhos brilhem mais do que quaisquer outras lentes de contacto no mercado.<\/p>\n<p>Coloque Pixies e veja como a sua \u00edris se ilumina com um tom esmeralda vivo, salpicado de manchas de brilho dourado. Diga adeus \u00e0s lentes de contacto sem brilho - Pixies real\u00e7a os olhos com um encanto caprichoso.<\/p>\n<p>A base verde floresta atrai a aten\u00e7\u00e3o, enquanto as part\u00edculas cintilantes fazem sobressair os tons ocultos de azul-petr\u00f3leo e castanho \u00e0 volta da pupila. Greens irradia um brilho m\u00e1gico que n\u00e3o se v\u00ea em nenhuma outra lente de contacto.<\/p>\n<p>Fabricadas em material Hydraclear ultra-confort\u00e1vel, vai esquecer-se que est\u00e1 a usar lentes de contacto! Hydraclear move-se sem problemas para manter as lentes de contacto hidratadas durante todo o dia sem irrita\u00e7\u00e3o, para que o brilho seja hipnotizante at\u00e9 ao anoitecer.<\/p>\n<p>Quer precise de magia para as noites de fantasia ou para as feiras renascentistas, as lentes de contacto Pixie Green s\u00e3o a melhor op\u00e7\u00e3o. O realce subtil faz com que as cores tamb\u00e9m deslumbrem nas fotografias.<\/p>\n<p>Como l\u00edder em lentes de contacto inovadoras, a BQEYE garante que as Pixies cumprem os mais elevados padr\u00f5es de seguran\u00e7a da FDA. A sua f\u00f3rmula avan\u00e7ada acrescenta um brilho de cor pixie que real\u00e7a os olhos sem comprometer o conforto.<\/p>\n<p>Coloque Pixies e brilhe mais verde do que uma clareira encantada. Encomende hoje mesmo as suas lentes de contacto iluminadoras para um teste sem riscos. Veja como elas transformam os olhos em port\u00f5es cintilantes para uma terra de magia - vai ficar encantada!<\/p>\n<p>Encontre a sua tonalidade favorita na gama de lentes de contacto m\u00edsticas da BQEYE. Pixie Green e outras revelam novas formas de real\u00e7ar o seu olhar. Encomende hoje mesmo para revelar o esp\u00edrito florestal que h\u00e1 em si!<\/p>","protected":false},"excerpt":{"rendered":"<p>Illuminate Your Eyes with Pixie Green Contact Lenses Add a touch of forest magic to your look with BQEYE&#8217;s Pixie Green contact lenses. Shimmering undertones glow within these lenses, making eyes sparkle brighter than any other contact lenses on the market. Slip Pixies on and watch as your iris lights up with a lively emerald [&#8230;]\n","protected":false},"featured_media":1278,"comment_status":"open","ping_status":"closed","template":"","meta":[],"product_brand":[],"product_cat":[205,91,77,96,95,98],"product_tag":[],"class_list":{"0":"post-1273","1":"product","2":"type-product","3":"status-publish","4":"has-post-thumbnail","6":"product_cat-pixie","7":"product_cat-14-2-mm","8":"product_cat-green-contact-lenses","9":"product_cat-non-prescription","10":"product_cat-prescription","11":"product_cat-yearly-disposable","13":"first","14":"instock","15":"sale","16":"shipping-taxable","17":"purchasable","18":"product-type-variable","19":"has-default-attributes"},"_links":{"self":[{"href":"https:\/\/bqeye.com\/pt\/wp-json\/wp\/v2\/product\/1273","targetHints":{"allow":["GET"]}}],"collection":[{"href":"https:\/\/bqeye.com\/pt\/wp-json\/wp\/v2\/product"}],"about":[{"href":"https:\/\/bqeye.com\/pt\/wp-json\/wp\/v2\/types\/product"}],"replies":[{"embeddable":true,"href":"https:\/\/bqeye.com\/pt\/wp-json\/wp\/v2\/comments?post=1273"}],"wp:featuredmedia":[{"embeddable":true,"href":"https:\/\/bqeye.com\/pt\/wp-json\/wp\/v2\/media\/1278"}],"wp:attachment":[{"href":"https:\/\/bqeye.com\/pt\/wp-json\/wp\/v2\/media?parent=1273"}],"wp:term":[{"taxonomy":"product_brand","embeddable":true,"href":"https:\/\/bqeye.com\/pt\/wp-json\/wp\/v2\/product_brand?post=1273"},{"taxonomy":"product_cat","embeddable":true,"href":"https:\/\/bqeye.com\/pt\/wp-json\/wp\/v2\/product_cat?post=1273"},{"taxonomy":"product_tag","embeddable":true,"href":"https:\/\/bqeye.com\/pt\/wp-json\/wp\/v2\/product_tag?post=1273"}],"curies":[{"name":"wp","href":"https:\/\/api.w.org\/{rel}","templated":true}]}}